{"id":14597,"date":"2025-05-28T10:48:24","date_gmt":"2025-05-28T07:48:24","guid":{"rendered":"https:\/\/esentevibrationale.com\/?page_id=14597"},"modified":"2026-04-29T08:49:06","modified_gmt":"2026-04-29T05:49:06","slug":"cursuri-de-pregatire","status":"publish","type":"page","link":"https:\/\/esentevibrationale.com\/?page_id=14597","title":{"rendered":"Cursuri de Preg\u0103tire Profesional\u0103 pentru Terapeu\u021bi"},"content":{"rendered":"<header class=\"woocommerce-products-header\">\n<div class=\"term-description\">\n<h2><span style=\"color: #000080;\"><strong>Cursuri \u00een Rom\u00e2nia:<\/strong><\/span><\/h2>\n<p><span style=\"color: #000080;\">Aceste cursuri au fost create pentru a-i sprijini pe cei care \u00ee\u0219i doresc s\u0103 devin\u0103 <strong>terapeu\u021bi autoriza\u021bi PHI Essences<\/strong> sau pe cei care doresc s\u0103 devin\u0103 doar propriii terapeu\u021bi, dar \u0219i terapeu\u021bii familiei \/ rudelor \/ prietenilor, \u201e<strong>Terapeu\u021bii casei<\/strong>\u201d. Sunt binevenite toate persoanele care doresc s\u0103 porneasc\u0103 pe acest drum minunat, \u00een care sus\u021binem persoanele s\u0103 \u00ee\u0219i activeze puterile de auto-vindecare \u0219i s\u0103 \u00ee\u0219i dizolve definitiv blocajel<\/span>e <span style=\"color: #000080;\">propriile prin con\u0219tientizarea, transformarea \u0219i eliberarea acestora. De asemenea, ajut\u0103 persoanele s\u0103 se conecteze cu fiecare grup\u0103 de esen\u021be \u00een parte, se fac exerci\u021bii practice \u0219i se experimenteaz\u0103 energia pur\u0103 a esen\u021belor Mamei P\u0103m\u00e2nt.<\/span><\/p>\n<p><span style=\"color: #000080;\"><em>Persoanele care doresc s\u0103 devin\u0103 <strong>Terapeu\u021bi Holistici cu Lumin\u0103 este necesar s\u0103 participe la cursurile despre toate grupele de esen\u021be, cursul despre Terapia Holistic\u0103 cu Lumin\u0103 \u0219i cursul Delfin din Tenerife<\/strong> (<\/em><em>\u00een cazul \u00een care, cursul despre Terapia Holistic\u0103 cu Lumin\u0103 se <\/em><em>pred\u0103 <\/em><\/span><em><span style=\"color: #000080;\">\u00een cadrul<\/span> <span style=\"color: #000080;\">cursului din Tenerife, nu este obligatoriu s\u0103 mai participa\u021bi la un alt curs despre Terapia Holistic\u0103 cu Lumin\u0103). <\/span><\/em><\/p>\n<p><span style=\"color: #000080;\"><strong><em>27 \u2013 28 iunie 2026 Curs cu Andreas Korte \u00a0despre Esen\u021bele Oceanice Grupa 3 \u0219i Terapia Holistic\u0103 cu Lumin\u0103 \u2013 Constan\u021ba<\/em><\/strong><\/span><\/p>\n<p><span style=\"color: #000080;\"><strong><em>E-mail:esentevibrationale@phiessences.com<\/em><\/strong><\/span><\/p>\n<p><img loading=\"lazy\" decoding=\"async\" class=\"wp-image-14761 aligncenter\" src=\"https:\/\/esentevibrationale.com\/wp-content\/uploads\/2022\/11\/add-Andreas-2026-5_page-0001-212x300.jpg\" sizes=\"auto, (max-width: 527px) 100vw, 527px\" srcset=\"https:\/\/esentevibrationale.com\/wp-content\/uploads\/2022\/11\/add-Andreas-2026-5_page-0001-212x300.jpg 212w, https:\/\/esentevibrationale.com\/wp-content\/uploads\/2022\/11\/add-Andreas-2026-5_page-0001-724x1024.jpg 724w, https:\/\/esentevibrationale.com\/wp-content\/uploads\/2022\/11\/add-Andreas-2026-5_page-0001-768x1087.jpg 768w, https:\/\/esentevibrationale.com\/wp-content\/uploads\/2022\/11\/add-Andreas-2026-5_page-0001-1085x1536.jpg 1085w, https:\/\/esentevibrationale.com\/wp-content\/uploads\/2022\/11\/add-Andreas-2026-5_page-0001-300x425.jpg 300w, https:\/\/esentevibrationale.com\/wp-content\/uploads\/2022\/11\/add-Andreas-2026-5_page-0001.jpg 1240w\" alt=\"\" width=\"527\" height=\"746\" \/><\/p>\n<h5><span style=\"color: #000080;\"><em>Email:esentevibrationale@phiessences.com<\/em><\/span><\/h5>\n<p><span style=\"color: #ff0000;\"><strong><em><u>Nivelul 1 \u2013\u00a026 \u2013 27 \u2013 \u00a0Septembrie 2026<\/u><\/em><\/strong><\/span><\/p>\n<p><span style=\"color: #000080;\"><strong><em>Esen\u021bele Gemelor \u0219i Esen\u021bele Orhideelor + Terapia cu Delph \u00a0\u00a0<\/em><\/strong><\/span><\/p>\n<p><span style=\"color: #ff0000;\"><strong><em><u>Nivelul 2 \u2013 21 \u2013 22\u00a0 Noiembrie 2026<\/u><\/em><\/strong><\/span><\/p>\n<p><strong><em><span style=\"color: #000080;\">Esen\u021bele Bach + Esen\u021be pentru Dependen\u021be + Esen\u021be de Piramide<\/span> <\/em><\/strong><\/p>\n<p><span style=\"color: #ff0000;\"><strong><em><u>Nivelul 3 \u2013 20 \u2013 21 martie 2027<\/u><\/em><\/strong><\/span><\/p>\n<p><span style=\"color: #000080;\"><strong><em>\u00a0Esen\u021bele Florilor S\u0103lbatice + Esen\u021bele Ciupercilor + Terapia T1 + Delph\u00a0<\/em><\/strong><\/span><\/p>\n<p><span style=\"color: #ff0000;\"><strong><em><u>Nivelul 4 \u2013 29 \u2013 30 Mai 2027<\/u><\/em><\/strong><\/span><\/p>\n<p><span style=\"color: #000080;\"><strong><em>\u00a0Esen\u021bele Cactu\u0219ilor, Esen\u021bele Afro \u2013 Canariene , Esen\u021bele Trandafirilor + Terapia ptr. Spate \/ Coloana Vertebral\u0103\u00a0\u00a0<\/em><\/strong><\/span><\/p>\n<p><span style=\"color: #ff0000;\"><strong><em><u>Nivelul 5 \u2013\u00a021 \u2013 22 Iulie 2027<\/u><\/em><\/strong><\/span><\/p>\n<p><span style=\"color: #000080;\"><strong><em>Esen\u021bele Animalelor Marine \u0219i Terestre\u00a0<\/em><\/strong><\/span><\/p>\n<p><span style=\"color: #ff0000;\"><strong><em><u>Nivelul 6 \u2013\u00a025 \u2013 26 Septembrie 2027<\/u><\/em><\/strong><\/span><\/p>\n<p><span style=\"color: #000080;\"><strong><em>Esen\u021bele Cropcircles + Esen\u021bele Oceanice\u00a0<\/em><\/strong><\/span><\/p>\n<p><span style=\"color: #000080;\"><em>\u00cen cadrul cursurilor, cum am men\u021bionat anterior, ne conect\u0103m cu fiecare grup\u0103 de esen\u021be, facem exerci\u021bii practice \u0219i se \u00eenva\u021b\u0103 diferite protocoale, \u00een care se lucreaz\u0103 holistic cu esen\u021bele vibra\u021bionale PhiEssences. Aceste terapii holistice cu esen\u021bele vibra\u021bionale\u00a0 sunt: <strong><em>Terapia cu Delph (lucreaz\u0103<\/em> pe traumele dob\u00e2ndite de la na\u0219tere, copil\u0103rie, adolescen\u021b\u0103 p\u00e2n\u0103 la maturitate, Terapia pentru Spate \/ Coloana Vertebral\u0103, Terapia Durerii (aici ne referim la toate tipurile de durere: fizic\u0103, mental\u0103 emo\u021bional\u0103 \u0219i cea spiritual\u0103), Terapia pentru\u00a0 Cur\u0103\u021barea Radia\u021biilor (\u00een cazul expunerii la raze &#8222;X&#8221;, WiFi, calculatoare, ecrane, telefoane \u0219i alte aparate care emit radia\u021bii).<\/strong> De asemenea, folosim esen\u021bele vibra\u021bionale \u0219i pentru <strong>reechilibrarea Chakrelor<\/strong> sau lucr\u0103m cu esen\u021bele pentru deblocarea energiei din punctele reflexogene din <\/em><strong><em>m\u00e2ini, urechi \u0219i din t\u0103lpile picioarelor.<\/em><\/strong><\/span><\/p>\n<p><span style=\"color: #000080;\"><strong><em>Participan\u021bii sunt uimi\u021bi de rapiditatea \u0219i eficien\u021ba esen\u021belor \u00een timpul acestor exerci\u021bii practice. Am primit adesea \u00eentrebarea:\u00a0 chiar func\u021bioneaz\u0103 doar cu c\u00e2teva pic\u0103turi de esen\u021b\u0103? <\/em><\/strong><\/span><\/p>\n<p><span style=\"color: #000080;\"><strong><em>Ulterior, v\u0103z\u00e2nd \u0219i sim\u021bind pe pielea lor c\u0103 &#8222;doar c\u00e2teva pic\u0103turi de esen\u021b\u0103&#8221; pot \u00eembun\u0103t\u0103\u021bii starea noastr\u0103, au fost foarte <\/em><\/strong><strong><em>uimi\u021bi \u0219i<\/em> <\/strong><em><strong>entuzia\u0219ti.<\/strong><\/em><\/span><\/p>\n<p><span style=\"color: #000080;\"><strong><em>\u00cen luna septembrie \u00eencepem preg\u0103tirea pentru o nou\u0103 grup\u0103 cu persoane dornice s\u0103 experimenteze aceste esen\u021be minunate.<\/em><\/strong><\/span><\/p>\n<p><span style=\"color: #000080;\"><strong><em>V\u0103 a\u0219tept\u0103m cu drag!<\/em><\/strong><\/span><\/p>\n<p><span style=\"color: #000080;\">Av\u00e2nd \u00een vedere c\u0103 \u00een permanen\u021b\u0103 se creeaz\u0103 esen\u021be noi, ne rezerv\u0103m dreptul s\u0103 aducem modific\u0103ri structurii cursurilor.<\/span><\/p>\n<p><span style=\"color: #000080;\"><strong><em>Pentru a participa la cursurile noastre este necesar\u0103 \u00eenscrierea prealabil\u0103. Aceasta se poate face complet\u00e2nd formularul de \u00eenscriere (\u00eel g\u0103si\u021bi pe site \u00een magazinul virtual, de unde se poate desc\u0103rca ) \u0219i trimi\u021b\u00e2ndu-l pe e-mail: esen\u021bevibra\u021bionale@phiessences.com\u00a0<\/em><\/strong><\/span><\/p>\n<p><strong><span style=\"color: #000080;\">Mai multe informa\u021bii se g\u0103sesc pe site \u2013 magazinul virtual \u2013 cursuri de preg\u0103tire.<\/span><\/strong><\/p>\n<blockquote class=\"wp-embedded-content\" data-secret=\"cVkh8KF7ML\"><p><a href=\"https:\/\/esentevibrationale.com\/\">ESEN\u021aELE MAMEI P\u0102M\u0202NT \u2122<\/a><\/p><\/blockquote>\n<p><iframe loading=\"lazy\" class=\"wp-embedded-content\" sandbox=\"allow-scripts\" security=\"restricted\" style=\"position: absolute; visibility: hidden;\" title=\"&#8222;ESEN\u021aELE MAMEI P\u0102M\u0202NT \u2122&#8221; &#8211; KORTE PHI Essences\u00aeEsen\u0163e Vibra\u0163ionale \u0219i HLT\u00ae\" src=\"https:\/\/esentevibrationale.com\/?embed=true#?secret=Z9UbfVuIoS#?secret=cVkh8KF7ML\" data-secret=\"cVkh8KF7ML\" width=\"600\" height=\"338\" frameborder=\"0\" marginwidth=\"0\" marginheight=\"0\" scrolling=\"no\"><\/iframe><\/p>\n<p><span style=\"color: #000080;\"><img loading=\"lazy\" decoding=\"async\" class=\"alignnone size-medium wp-image-14646\" src=\"https:\/\/esentevibrationale.com\/wp-content\/uploads\/2025\/07\/curs-2022-300x225.jpg\" alt=\"\" width=\"300\" height=\"225\" srcset=\"https:\/\/esentevibrationale.com\/wp-content\/uploads\/2025\/07\/curs-2022-300x225.jpg 300w, https:\/\/esentevibrationale.com\/wp-content\/uploads\/2025\/07\/curs-2022-1024x768.jpg 1024w, https:\/\/esentevibrationale.com\/wp-content\/uploads\/2025\/07\/curs-2022-768x576.jpg 768w, https:\/\/esentevibrationale.com\/wp-content\/uploads\/2025\/07\/curs-2022.jpg 1280w\" sizes=\"auto, (max-width: 300px) 100vw, 300px\" \/> <img loading=\"lazy\" decoding=\"async\" class=\"alignnone size-medium wp-image-14647\" src=\"https:\/\/esentevibrationale.com\/wp-content\/uploads\/2025\/07\/curs-2023-300x225.jpg\" alt=\"\" width=\"300\" height=\"225\" srcset=\"https:\/\/esentevibrationale.com\/wp-content\/uploads\/2025\/07\/curs-2023-300x225.jpg 300w, https:\/\/esentevibrationale.com\/wp-content\/uploads\/2025\/07\/curs-2023-1024x768.jpg 1024w, https:\/\/esentevibrationale.com\/wp-content\/uploads\/2025\/07\/curs-2023-768x576.jpg 768w, https:\/\/esentevibrationale.com\/wp-content\/uploads\/2025\/07\/curs-2023.jpg 1280w\" sizes=\"auto, (max-width: 300px) 100vw, 300px\" \/> <img loading=\"lazy\" decoding=\"async\" class=\"alignnone size-medium wp-image-14648\" src=\"https:\/\/esentevibrationale.com\/wp-content\/uploads\/2025\/07\/Andreas-curs-232x300.jpg\" alt=\"\" width=\"232\" height=\"300\" srcset=\"https:\/\/esentevibrationale.com\/wp-content\/uploads\/2025\/07\/Andreas-curs-232x300.jpg 232w, https:\/\/esentevibrationale.com\/wp-content\/uploads\/2025\/07\/Andreas-curs-793x1024.jpg 793w, https:\/\/esentevibrationale.com\/wp-content\/uploads\/2025\/07\/Andreas-curs-768x992.jpg 768w, https:\/\/esentevibrationale.com\/wp-content\/uploads\/2025\/07\/Andreas-curs-1190x1536.jpg 1190w, https:\/\/esentevibrationale.com\/wp-content\/uploads\/2025\/07\/Andreas-curs-300x387.jpg 300w, https:\/\/esentevibrationale.com\/wp-content\/uploads\/2025\/07\/Andreas-curs.jpg 1586w\" sizes=\"auto, (max-width: 232px) 100vw, 232px\" \/> <img loading=\"lazy\" decoding=\"async\" class=\"alignnone size-medium wp-image-14649\" src=\"https:\/\/esentevibrationale.com\/wp-content\/uploads\/2025\/07\/curs-203-300x225.jpg\" alt=\"\" width=\"300\" height=\"225\" srcset=\"https:\/\/esentevibrationale.com\/wp-content\/uploads\/2025\/07\/curs-203-300x225.jpg 300w, https:\/\/esentevibrationale.com\/wp-content\/uploads\/2025\/07\/curs-203.jpg 600w\" sizes=\"auto, (max-width: 300px) 100vw, 300px\" \/> <img loading=\"lazy\" decoding=\"async\" class=\"alignnone size-medium wp-image-14650\" src=\"https:\/\/esentevibrationale.com\/wp-content\/uploads\/2025\/07\/poza-5-24-225x300.jpg\" alt=\"\" width=\"225\" height=\"300\" srcset=\"https:\/\/esentevibrationale.com\/wp-content\/uploads\/2025\/07\/poza-5-24-225x300.jpg 225w, https:\/\/esentevibrationale.com\/wp-content\/uploads\/2025\/07\/poza-5-24-768x1024.jpg 768w, https:\/\/esentevibrationale.com\/wp-content\/uploads\/2025\/07\/poza-5-24-1152x1536.jpg 1152w, https:\/\/esentevibrationale.com\/wp-content\/uploads\/2025\/07\/poza-5-24-300x400.jpg 300w, https:\/\/esentevibrationale.com\/wp-content\/uploads\/2025\/07\/poza-5-24.jpg 1536w\" sizes=\"auto, (max-width: 225px) 100vw, 225px\" \/> <img loading=\"lazy\" decoding=\"async\" class=\"alignnone wp-image-14653\" src=\"https:\/\/esentevibrationale.com\/wp-content\/uploads\/2025\/07\/poza-2-24-300x123.jpg\" alt=\"\" width=\"327\" height=\"134\" srcset=\"https:\/\/esentevibrationale.com\/wp-content\/uploads\/2025\/07\/poza-2-24-300x123.jpg 300w, https:\/\/esentevibrationale.com\/wp-content\/uploads\/2025\/07\/poza-2-24-1024x418.jpg 1024w, https:\/\/esentevibrationale.com\/wp-content\/uploads\/2025\/07\/poza-2-24-768x314.jpg 768w, https:\/\/esentevibrationale.com\/wp-content\/uploads\/2025\/07\/poza-2-24.jpg 1080w\" sizes=\"auto, (max-width: 327px) 100vw, 327px\" \/> <img loading=\"lazy\" decoding=\"async\" class=\"alignnone size-medium wp-image-14654\" src=\"https:\/\/esentevibrationale.com\/wp-content\/uploads\/2025\/07\/poza-curs-2024-300x172.jpg\" alt=\"\" width=\"300\" height=\"172\" srcset=\"https:\/\/esentevibrationale.com\/wp-content\/uploads\/2025\/07\/poza-curs-2024-300x172.jpg 300w, https:\/\/esentevibrationale.com\/wp-content\/uploads\/2025\/07\/poza-curs-2024.jpg 600w\" sizes=\"auto, (max-width: 300px) 100vw, 300px\" \/> <img loading=\"lazy\" decoding=\"async\" class=\"alignnone size-medium wp-image-14655\" src=\"https:\/\/esentevibrationale.com\/wp-content\/uploads\/2025\/07\/curs-6-300x225.jpg\" alt=\"\" width=\"300\" height=\"225\" srcset=\"https:\/\/esentevibrationale.com\/wp-content\/uploads\/2025\/07\/curs-6-300x225.jpg 300w, https:\/\/esentevibrationale.com\/wp-content\/uploads\/2025\/07\/curs-6-1024x768.jpg 1024w, https:\/\/esentevibrationale.com\/wp-content\/uploads\/2025\/07\/curs-6-768x576.jpg 768w, https:\/\/esentevibrationale.com\/wp-content\/uploads\/2025\/07\/curs-6.jpg 1280w\" sizes=\"auto, (max-width: 300px) 100vw, 300px\" \/><\/span><img loading=\"lazy\" decoding=\"async\" class=\"alignnone size-medium wp-image-14703\" src=\"https:\/\/esentevibrationale.com\/wp-content\/uploads\/2025\/09\/photo_2025-09-25_11-04-26-2-300x225.jpg\" alt=\"\" width=\"300\" height=\"225\" srcset=\"https:\/\/esentevibrationale.com\/wp-content\/uploads\/2025\/09\/photo_2025-09-25_11-04-26-2-300x225.jpg 300w, https:\/\/esentevibrationale.com\/wp-content\/uploads\/2025\/09\/photo_2025-09-25_11-04-26-2-1024x768.jpg 1024w, https:\/\/esentevibrationale.com\/wp-content\/uploads\/2025\/09\/photo_2025-09-25_11-04-26-2-768x576.jpg 768w, https:\/\/esentevibrationale.com\/wp-content\/uploads\/2025\/09\/photo_2025-09-25_11-04-26-2.jpg 1280w\" sizes=\"auto, (max-width: 300px) 100vw, 300px\" \/> <img loading=\"lazy\" decoding=\"async\" class=\"alignnone size-medium wp-image-14657\" src=\"https:\/\/esentevibrationale.com\/wp-content\/uploads\/2025\/07\/poza-curs-3-300x225.jpg\" alt=\"\" width=\"300\" height=\"225\" srcset=\"https:\/\/esentevibrationale.com\/wp-content\/uploads\/2025\/07\/poza-curs-3-300x225.jpg 300w, https:\/\/esentevibrationale.com\/wp-content\/uploads\/2025\/07\/poza-curs-3-1024x768.jpg 1024w, https:\/\/esentevibrationale.com\/wp-content\/uploads\/2025\/07\/poza-curs-3-768x576.jpg 768w, https:\/\/esentevibrationale.com\/wp-content\/uploads\/2025\/07\/poza-curs-3.jpg 1280w\" sizes=\"auto, (max-width: 300px) 100vw, 300px\" \/> <img loading=\"lazy\" decoding=\"async\" class=\"alignnone size-medium wp-image-14658\" src=\"https:\/\/esentevibrationale.com\/wp-content\/uploads\/2025\/07\/poza-curs-2-300x225.jpg\" alt=\"\" width=\"300\" height=\"225\" srcset=\"https:\/\/esentevibrationale.com\/wp-content\/uploads\/2025\/07\/poza-curs-2-300x225.jpg 300w, https:\/\/esentevibrationale.com\/wp-content\/uploads\/2025\/07\/poza-curs-2-1024x768.jpg 1024w, https:\/\/esentevibrationale.com\/wp-content\/uploads\/2025\/07\/poza-curs-2-768x576.jpg 768w, https:\/\/esentevibrationale.com\/wp-content\/uploads\/2025\/07\/poza-curs-2.jpg 1280w\" sizes=\"auto, (max-width: 300px) 100vw, 300px\" \/> <img loading=\"lazy\" decoding=\"async\" class=\"alignnone size-medium wp-image-14659\" src=\"https:\/\/esentevibrationale.com\/wp-content\/uploads\/2025\/07\/curs-300x225.jpg\" alt=\"\" width=\"300\" height=\"225\" srcset=\"https:\/\/esentevibrationale.com\/wp-content\/uploads\/2025\/07\/curs-300x225.jpg 300w, https:\/\/esentevibrationale.com\/wp-content\/uploads\/2025\/07\/curs-1024x768.jpg 1024w, https:\/\/esentevibrationale.com\/wp-content\/uploads\/2025\/07\/curs-768x576.jpg 768w, https:\/\/esentevibrationale.com\/wp-content\/uploads\/2025\/07\/curs.jpg 1280w\" sizes=\"auto, (max-width: 300px) 100vw, 300px\" \/> <img loading=\"lazy\" decoding=\"async\" class=\"alignnone size-medium wp-image-14701\" src=\"https:\/\/esentevibrationale.com\/wp-content\/uploads\/2025\/09\/photo_2025-09-25_11-26-33-300x225.jpg\" alt=\"\" width=\"300\" height=\"225\" srcset=\"https:\/\/esentevibrationale.com\/wp-content\/uploads\/2025\/09\/photo_2025-09-25_11-26-33-300x225.jpg 300w, https:\/\/esentevibrationale.com\/wp-content\/uploads\/2025\/09\/photo_2025-09-25_11-26-33-1024x768.jpg 1024w, https:\/\/esentevibrationale.com\/wp-content\/uploads\/2025\/09\/photo_2025-09-25_11-26-33-768x576.jpg 768w, https:\/\/esentevibrationale.com\/wp-content\/uploads\/2025\/09\/photo_2025-09-25_11-26-33.jpg 1280w\" sizes=\"auto, (max-width: 300px) 100vw, 300px\" \/><img loading=\"lazy\" decoding=\"async\" class=\"alignnone size-medium wp-image-14773\" src=\"https:\/\/esentevibrationale.com\/wp-content\/uploads\/2025\/11\/terapia-ptr-spate-156x300.jpg\" alt=\"\" width=\"156\" height=\"300\" srcset=\"https:\/\/esentevibrationale.com\/wp-content\/uploads\/2025\/11\/terapia-ptr-spate-156x300.jpg 156w, https:\/\/esentevibrationale.com\/wp-content\/uploads\/2025\/11\/terapia-ptr-spate-531x1024.jpg 531w, https:\/\/esentevibrationale.com\/wp-content\/uploads\/2025\/11\/terapia-ptr-spate-300x578.jpg 300w, https:\/\/esentevibrationale.com\/wp-content\/uploads\/2025\/11\/terapia-ptr-spate.jpg 664w\" sizes=\"auto, (max-width: 156px) 100vw, 156px\" \/> <img loading=\"lazy\" decoding=\"async\" class=\"alignnone size-medium wp-image-14702\" src=\"https:\/\/esentevibrationale.com\/wp-content\/uploads\/2025\/09\/photo_2025-09-25_11-26-27-300x225.jpg\" alt=\"\" width=\"300\" height=\"225\" srcset=\"https:\/\/esentevibrationale.com\/wp-content\/uploads\/2025\/09\/photo_2025-09-25_11-26-27-300x225.jpg 300w, https:\/\/esentevibrationale.com\/wp-content\/uploads\/2025\/09\/photo_2025-09-25_11-26-27-1024x768.jpg 1024w, https:\/\/esentevibrationale.com\/wp-content\/uploads\/2025\/09\/photo_2025-09-25_11-26-27-768x576.jpg 768w, https:\/\/esentevibrationale.com\/wp-content\/uploads\/2025\/09\/photo_2025-09-25_11-26-27.jpg 1280w\" sizes=\"auto, (max-width: 300px) 100vw, 300px\" \/><img loading=\"lazy\" decoding=\"async\" class=\"alignnone size-medium wp-image-14661\" src=\"https:\/\/esentevibrationale.com\/wp-content\/uploads\/2025\/07\/photo_2025-07-02_12-05-25-300x225.jpg\" alt=\"\" width=\"300\" height=\"225\" srcset=\"https:\/\/esentevibrationale.com\/wp-content\/uploads\/2025\/07\/photo_2025-07-02_12-05-25-300x225.jpg 300w, https:\/\/esentevibrationale.com\/wp-content\/uploads\/2025\/07\/photo_2025-07-02_12-05-25-1024x768.jpg 1024w, https:\/\/esentevibrationale.com\/wp-content\/uploads\/2025\/07\/photo_2025-07-02_12-05-25-768x576.jpg 768w, https:\/\/esentevibrationale.com\/wp-content\/uploads\/2025\/07\/photo_2025-07-02_12-05-25.jpg 1280w\" sizes=\"auto, (max-width: 300px) 100vw, 300px\" \/><img loading=\"lazy\" decoding=\"async\" class=\"alignnone size-medium wp-image-14772\" src=\"https:\/\/esentevibrationale.com\/wp-content\/uploads\/2025\/11\/terapia-durerii-209x300.jpg\" alt=\"\" width=\"209\" height=\"300\" srcset=\"https:\/\/esentevibrationale.com\/wp-content\/uploads\/2025\/11\/terapia-durerii-209x300.jpg 209w, https:\/\/esentevibrationale.com\/wp-content\/uploads\/2025\/11\/terapia-durerii-713x1024.jpg 713w, https:\/\/esentevibrationale.com\/wp-content\/uploads\/2025\/11\/terapia-durerii-768x1103.jpg 768w, https:\/\/esentevibrationale.com\/wp-content\/uploads\/2025\/11\/terapia-durerii-300x431.jpg 300w, https:\/\/esentevibrationale.com\/wp-content\/uploads\/2025\/11\/terapia-durerii.jpg 891w\" sizes=\"auto, (max-width: 209px) 100vw, 209px\" \/> <img loading=\"lazy\" decoding=\"async\" class=\"alignnone size-medium wp-image-14694\" src=\"https:\/\/esentevibrationale.com\/wp-content\/uploads\/2025\/09\/photo_2025-09-25_10-39-09-1-300x166.jpg\" alt=\"\" width=\"300\" height=\"166\" srcset=\"https:\/\/esentevibrationale.com\/wp-content\/uploads\/2025\/09\/photo_2025-09-25_10-39-09-1-300x166.jpg 300w, https:\/\/esentevibrationale.com\/wp-content\/uploads\/2025\/09\/photo_2025-09-25_10-39-09-1-1024x566.jpg 1024w, https:\/\/esentevibrationale.com\/wp-content\/uploads\/2025\/09\/photo_2025-09-25_10-39-09-1-768x424.jpg 768w, https:\/\/esentevibrationale.com\/wp-content\/uploads\/2025\/09\/photo_2025-09-25_10-39-09-1.jpg 1269w\" sizes=\"auto, (max-width: 300px) 100vw, 300px\" \/><\/p>\n<p><img loading=\"lazy\" decoding=\"async\" class=\"alignnone size-medium wp-image-14663\" src=\"https:\/\/esentevibrationale.com\/wp-content\/uploads\/2025\/07\/photo_2025-07-02_12-05-05-300x225.jpg\" alt=\"\" width=\"300\" height=\"225\" srcset=\"https:\/\/esentevibrationale.com\/wp-content\/uploads\/2025\/07\/photo_2025-07-02_12-05-05-300x225.jpg 300w, https:\/\/esentevibrationale.com\/wp-content\/uploads\/2025\/07\/photo_2025-07-02_12-05-05-1024x768.jpg 1024w, https:\/\/esentevibrationale.com\/wp-content\/uploads\/2025\/07\/photo_2025-07-02_12-05-05-768x576.jpg 768w, https:\/\/esentevibrationale.com\/wp-content\/uploads\/2025\/07\/photo_2025-07-02_12-05-05.jpg 1280w\" sizes=\"auto, (max-width: 300px) 100vw, 300px\" \/><img loading=\"lazy\" decoding=\"async\" class=\"alignnone size-medium wp-image-14679\" src=\"https:\/\/esentevibrationale.com\/wp-content\/uploads\/2025\/07\/photo_2025-07-30_16-48-27-225x300.jpg\" alt=\"\" width=\"225\" height=\"300\" srcset=\"https:\/\/esentevibrationale.com\/wp-content\/uploads\/2025\/07\/photo_2025-07-30_16-48-27-225x300.jpg 225w, https:\/\/esentevibrationale.com\/wp-content\/uploads\/2025\/07\/photo_2025-07-30_16-48-27-768x1024.jpg 768w, https:\/\/esentevibrationale.com\/wp-content\/uploads\/2025\/07\/photo_2025-07-30_16-48-27-300x400.jpg 300w, https:\/\/esentevibrationale.com\/wp-content\/uploads\/2025\/07\/photo_2025-07-30_16-48-27.jpg 960w\" sizes=\"auto, (max-width: 225px) 100vw, 225px\" \/><\/p>\n<\/div>\n<\/header>\n","protected":false},"excerpt":{"rendered":"<p>Cursuri \u00een Rom\u00e2nia: Aceste cursuri au fost create pentru a-i sprijini pe cei care \u00ee\u0219i doresc s\u0103 devin\u0103 terapeu\u021bi autoriza\u021bi PHI Essences sau pe cei care doresc s\u0103 devin\u0103 doar propriii terapeu\u021bi, dar \u0219i terapeu\u021bii familiei \/ rudelor \/ prietenilor, \u201eTerapeu\u021bii casei\u201d. Sunt binevenite toate persoanele care doresc s\u0103 porneasc\u0103 pe acest drum minunat, \u00een &hellip; <a href=\"https:\/\/esentevibrationale.com\/?page_id=14597\" class=\"more-link\">Continu\u0103 lectura <span class=\"screen-reader-text\">Cursuri de Preg\u0103tire Profesional\u0103 pentru Terapeu\u021bi<\/span> <span class=\"meta-nav\">&rarr;<\/span><\/a><\/p>\n","protected":false},"author":1,"featured_media":13710,"parent":0,"menu_order":0,"comment_status":"closed","ping_status":"closed","template":"","meta":{"footnotes":""},"class_list":["post-14597","page","type-page","status-publish","has-post-thumbnail","hentry"],"_links":{"self":[{"href":"https:\/\/esentevibrationale.com\/index.php?rest_route=\/wp\/v2\/pages\/14597","targetHints":{"allow":["GET"]}}],"collection":[{"href":"https:\/\/esentevibrationale.com\/index.php?rest_route=\/wp\/v2\/pages"}],"about":[{"href":"https:\/\/esentevibrationale.com\/index.php?rest_route=\/wp\/v2\/types\/page"}],"author":[{"embeddable":true,"href":"https:\/\/esentevibrationale.com\/index.php?rest_route=\/wp\/v2\/users\/1"}],"replies":[{"embeddable":true,"href":"https:\/\/esentevibrationale.com\/index.php?rest_route=%2Fwp%2Fv2%2Fcomments&post=14597"}],"version-history":[{"count":29,"href":"https:\/\/esentevibrationale.com\/index.php?rest_route=\/wp\/v2\/pages\/14597\/revisions"}],"predecessor-version":[{"id":14920,"href":"https:\/\/esentevibrationale.com\/index.php?rest_route=\/wp\/v2\/pages\/14597\/revisions\/14920"}],"wp:featuredmedia":[{"embeddable":true,"href":"https:\/\/esentevibrationale.com\/index.php?rest_route=\/wp\/v2\/media\/13710"}],"wp:attachment":[{"href":"https:\/\/esentevibrationale.com\/index.php?rest_route=%2Fwp%2Fv2%2Fmedia&parent=14597"}],"curies":[{"name":"wp","href":"https:\/\/api.w.org\/{rel}","templated":true}]}}