{"id":17,"date":"2018-04-04T13:23:38","date_gmt":"2018-04-04T12:23:38","guid":{"rendered":"http:\/\/phiessences.com\/Romania\/?page_id=17"},"modified":"2026-02-12T17:45:29","modified_gmt":"2026-02-12T15:45:29","slug":"about","status":"publish","type":"page","link":"https:\/\/esentevibrationale.com\/?page_id=17","title":{"rendered":"Informa\u0163ii despre HLT\u00ae &#8211; Terapia Holistic\u0103 cu Lumin\u0103 Sunet, Culoare \u0219i Esen\u0163e Vibra\u0163ionale"},"content":{"rendered":"<p><img loading=\"lazy\" decoding=\"async\" class=\"alignnone size-full wp-image-3315\" src=\"https:\/\/esentevibrationale.com\/wp-content\/uploads\/2018\/12\/cropped-dreamstime_xl_659220472.jpg\" alt=\"\" width=\"940\" height=\"524\" srcset=\"https:\/\/esentevibrationale.com\/wp-content\/uploads\/2018\/12\/cropped-dreamstime_xl_659220472.jpg 940w, https:\/\/esentevibrationale.com\/wp-content\/uploads\/2018\/12\/cropped-dreamstime_xl_659220472-300x167.jpg 300w, https:\/\/esentevibrationale.com\/wp-content\/uploads\/2018\/12\/cropped-dreamstime_xl_659220472-768x428.jpg 768w\" sizes=\"auto, (max-width: 940px) 100vw, 940px\" \/><\/p>\n<p><strong>Andreas Korte &#8211; <\/strong><strong><em>Cercet\u0103tot \u0219i Biolog Creatotul PHI Essences <\/em><\/strong><\/p>\n<p><strong><em>Vorbeste despre Terapia Holistic\u0103 cu Lumin\u0103 (HLT)<\/em><\/strong><\/p>\n<p><strong><em>\u00a0<\/em><\/strong>Proc<\/p>\n<div style=\"width: 604px;\" class=\"wp-video\"><video class=\"wp-video-shortcode\" id=\"video-17-1\" width=\"604\" height=\"340\" preload=\"metadata\" controls=\"controls\"><source type=\"video\/mp4\" src=\"https:\/\/esentevibrationale.com\/wp-content\/uploads\/2026\/02\/video-Andreas-tradus-final.mp4?_=1\" \/><a href=\"https:\/\/esentevibrationale.com\/wp-content\/uploads\/2026\/02\/video-Andreas-tradus-final.mp4\">https:\/\/esentevibrationale.com\/wp-content\/uploads\/2026\/02\/video-Andreas-tradus-final.mp4<\/a><\/video><\/div>\n<p>edura HLT ( Tratamentului Holistic cu Lumin\u0103)<\/p>\n<p><img loading=\"lazy\" decoding=\"async\" class=\"alignnone size-medium wp-image-91\" src=\"https:\/\/esentevibrationale.com\/wp-content\/uploads\/2018\/04\/projektion-768x1024-225x300.jpg\" alt=\"\" width=\"225\" height=\"300\" srcset=\"https:\/\/esentevibrationale.com\/wp-content\/uploads\/2018\/04\/projektion-768x1024-225x300.jpg 225w, https:\/\/esentevibrationale.com\/wp-content\/uploads\/2018\/04\/projektion-768x1024-300x400.jpg 300w, https:\/\/esentevibrationale.com\/wp-content\/uploads\/2018\/04\/projektion-768x1024.jpg 768w\" sizes=\"auto, (max-width: 225px) 100vw, 225px\" \/>\u00a0 <img loading=\"lazy\" decoding=\"async\" class=\"alignnone size-medium wp-image-92\" src=\"https:\/\/esentevibrationale.com\/wp-content\/uploads\/2018\/04\/projektion2-740x1024-217x300.jpg\" alt=\"\" width=\"217\" height=\"300\" srcset=\"https:\/\/esentevibrationale.com\/wp-content\/uploads\/2018\/04\/projektion2-740x1024-217x300.jpg 217w, https:\/\/esentevibrationale.com\/wp-content\/uploads\/2018\/04\/projektion2-740x1024-300x415.jpg 300w, https:\/\/esentevibrationale.com\/wp-content\/uploads\/2018\/04\/projektion2-740x1024.jpg 740w\" sizes=\"auto, (max-width: 217px) 100vw, 217px\" \/><\/p>\n<p>Procedura \u015fi ordinea pentru transmiterea esen\u021belor c\u0103tre un organism<\/p>\n<p><strong>Patent 100 55 543.8<\/strong><\/p>\n<div style=\"width: 604px;\" class=\"wp-video\"><video class=\"wp-video-shortcode\" id=\"video-17-2\" width=\"604\" height=\"340\" preload=\"metadata\" controls=\"controls\"><source type=\"video\/mp4\" src=\"https:\/\/esentevibrationale.com\/wp-content\/uploads\/2018\/04\/Professor44.mp4?_=2\" \/><a href=\"https:\/\/esentevibrationale.com\/wp-content\/uploads\/2018\/04\/Professor44.mp4\">https:\/\/esentevibrationale.com\/wp-content\/uploads\/2018\/04\/Professor44.mp4<\/a><\/video><\/div>\n<p><strong>Profesorul Antonio Sanabria<\/strong><\/p>\n<p style=\"text-align: justify;\">Esen\u021bele con\u021bin o energie vibra\u021bional\u0103 tipic\u0103 de via\u021b\u0103 sau putere al unei plante, al unui mineral sau al unui animal, la baza subiectului. Esen\u021bele au un efect de armonizare \u0219i reechilibrare energetic\u0103, a ceea ce este dezechilibrat sau \u00een dizarmonie.<\/p>\n<p style=\"text-align: justify;\">La fel ca \u0219i terapiile Bach cu esen\u021be florale pentru oameni, plante \u0219i animale, care au fost dezvoltate \u00een prima jum\u0103tate a secolului trecut \u015fi au avut o considerabil\u0103 ascensiune, pentru echilibrul dintre corp, minte \u0219i suflet, esen\u021bele Korte PHI Essences au efecte similare, ele fiind descrise \u00een detaliu \u00een cartea &#8222;Noua Genera\u021bie de Esen\u021be&#8221;.<\/p>\n<p style=\"text-align: justify;\">Ele sunt preparate din vibra\u021bii. Efectul esen\u021belor ajunge la organismul uman \u00eentr-un mod subtil, adic\u0103 la nivel de vibra\u021bii. Cantitatea de valuri de vibra\u021bii pe secund\u0103 este indicat\u0103 \u00een frecven\u021be. Pe fiecare dintre aceste frecven\u021be, anumite informa\u021bii, pot fi modulate. Undele radio, de exemplu func\u021bioneaz\u0103 pe acela\u015fi principiu \u2013 trimiterea \u015fi primirea de muzic\u0103 \u015fi limbaj peste anumite benzi de frecven\u021b\u0103. Esen\u021bele func\u021bioneaz\u0103 similar, \u00eentruc\u00e2t acestea sunt capabile s\u0103 reechilibreze informa\u021biile dizarmonice din organism.<\/p>\n<p style=\"text-align: justify;\">Esen\u021bele pot fi luate pe cale oral\u0103 sau pot fi folosite extern.<\/p>\n<p style=\"text-align: justify;\">\u00cen timpul procedurii inventate de transmitere a esen\u021bei c\u0103tre un organism, o colorat\u0103 captur\u0103 \/ fotografie Kirlian de esen\u021ba este produs\u0103 \u0219i o copie a acesteia se transmite din esen\u021b\u0103 prin intermediul undelor luminoase penetrante. Fotografia Kirlian const\u0103 \u00een \u00eenregistrarea unui <a href=\"https:\/\/ro.wikipedia.org\/wiki\/Obiect\">obiect<\/a> expus \u00eentr-un <a href=\"https:\/\/ro.wikipedia.org\/wiki\/C%C3%A2mp_electric\">c\u00e2mp electric<\/a> de <a href=\"https:\/\/ro.wikipedia.org\/w\/index.php?title=%C3%8Enalt%C4%83_tensiune&amp;action=edit&amp;redlink=1\">\u00eenalt\u0103 tensiune<\/a> \u0219i <a href=\"https:\/\/ro.wikipedia.org\/wiki\/Frecven%C8%9B%C4%83\">frecven\u021b\u0103<\/a>. \u00cen imaginile astfel ob\u021binute, obiectul fotografiat este \u00eenconjurat de un halou luminos, policrom. A fost denumit\u0103 astfel dup\u0103 numele celui care a descoperit-o: rusul Semyon Kirlian.<\/p>\n<p style=\"text-align: justify;\">Cu ajutorul acestei metode, aura bioelectric\u0103 a fiin\u021belor umane, a plantelor sau a pic\u0103turilor de esen\u021b\u0103 pot fi f\u0103cute vizibile. De asemenea, este utilizat\u0103 \u00een diagnostice. Fotografia \u2013 Kirlian a unei pic\u0103turi de esen\u021b\u0103 o reprezint\u0103 specificul energetic &#8222;amprenta&#8221;\u00a0 esen\u021bei corespunz\u0103toare.<\/p>\n<p style=\"text-align: justify;\">Fotografia Kirlian este utilizat\u0103 \u00eentotdeauna \u00eempreun\u0103 cu esen\u021ba corespunz\u0103toare \u00een aceasta procedur\u0103. De exemplu, familiei de esen\u021be florale Bach i se atribuie o parte a fotografiei &#8211; Kirlian.<\/p>\n<p><img loading=\"lazy\" decoding=\"async\" class=\"alignnone size-full wp-image-201\" src=\"https:\/\/esentevibrationale.com\/wp-content\/uploads\/2018\/04\/HLT_in_Action.jpg\" alt=\"\" width=\"940\" height=\"196\" srcset=\"https:\/\/esentevibrationale.com\/wp-content\/uploads\/2018\/04\/HLT_in_Action.jpg 940w, https:\/\/esentevibrationale.com\/wp-content\/uploads\/2018\/04\/HLT_in_Action-300x63.jpg 300w, https:\/\/esentevibrationale.com\/wp-content\/uploads\/2018\/04\/HLT_in_Action-768x160.jpg 768w\" sizes=\"auto, (max-width: 940px) 100vw, 940px\" \/><\/p>\n<p>\u00cen cadrul metodei descrise, vibra\u021bia informa\u021bional\u0103 este transmis\u0103 prin transmiterea descris\u0103 &#8211; lumina &#8211; culoare &#8211; vibra\u021bie, care sunt con\u021binute \u00een esen\u021bele florale, esen\u021bele gemelor \u0219i ciupercilor. Transmisia se bazeaz\u0103 pe utilizarea comun\u0103 a luminii, o esen\u021b\u0103, precum \u0219i o fotografie Kirlian corespunz\u0103toare esen\u021bei cu care se lucreaz\u0103.<\/p>\n<p>Esen\u021ba aleas\u0103 pentru o anumit\u0103 problem\u0103 se \u00eent\u00e2lne\u0219te cu informa\u021bia sa pe frecven\u021ba fiin\u021bei umane \u0219i are un efect de reechilibrarea pe acest nivel. Spunem astfel c\u0103 vibra\u021biile esen\u021bei umplu &#8222;golurile&#8221; \u00een frecven\u021ba fiin\u021bei umane. Structurile deteriorate energetic sunt din nou \u00een armonie \u0219i vibreaz\u0103 din nou s\u0103n\u0103tos. \u00cencep\u00e2nd cu acest moment, impulsul energetic de vindecare poate avea un efect pozitiv pe nivelele fizice.<\/p>\n<p>Fotografia &#8211; Kirlian, men\u021bionat\u0103 mai sus, poate returna vibra\u021biile invizibile, de la o pic\u0103tur\u0103 de esen\u021b\u0103, \u00eentr-un c\u00e2mp de energie vizibil. Acest proces poate fi comparat cu o micro-fotografie &#8211; \u00een cazul \u00een care o anumit\u0103 structur\u0103 de culoare \u0219i de energie se face vizibil\u0103, de ex. vitaminele. Prin transmiterea de lumina-culoare-vibra\u021bie, se transmite energie peste ochiul de lumina \u0219i astfel pielea corpului uman poate primi lumina, culoarea si vibra\u021bia.<\/p>\n<p>Pentru executarea acestei proceduri de transmitere a unei esen\u021be spre un organism, este necesar un recipient transparent (sticla) umplut cu esen\u021ba, care este plasat \u00een raza de proiec\u021bie a unei surse de lumin\u0103. De asemenea, o fotografie &#8211; Kirlian transparent\u0103, a aceleia\u0219i esen\u021be, este plasat\u0103 \u00a0\u00eentre sticl\u0103 \u0219i sursa de lumin\u0103. Sticla transparent\u0103 se pune \u00een fa\u021ba obiectivului, form\u00e2nd un con de lumin\u0103 \u0219i \u00een dia-proiector exist\u0103 o fotografie Kirlian. Prin lentila dia-proiectorului se transmite proiec\u021bia din fa\u021ba persoanei care este tratat\u0103.<\/p>\n<p>Efectul poate fi\u00a0 m\u0103rit prin plasarea a uneia sau a dou\u0103 oglinzi \u00een unghi de 45 de grade \u00een spatele persoanei, pentru a da raze de lumin\u0103 \u0219i p\u0103r\u021bii din spate a persoanei.<\/p>\n<p>\u00cen timpul tratamentului pot fi ascultate tonuri sau fragmente de muzic\u0103, precum \u0219i sunete naturale la un CD Player. Tonurile chiar pot \u00eent\u0103ri efectul de transmitere al vibra\u021biilor.<\/p>\n<p>De asemenea, pute\u021bi face terapie de grup sau terapie individual\u0103. Se pot trata adul\u021bi, copii, animale, plante, creme \u0219i alimente, etc.<\/p>\n<p><img loading=\"lazy\" decoding=\"async\" class=\"alignnone wp-image-94\" src=\"https:\/\/esentevibrationale.com\/wp-content\/uploads\/2018\/04\/114.jpg\" alt=\"\" width=\"352\" height=\"264\" srcset=\"https:\/\/esentevibrationale.com\/wp-content\/uploads\/2018\/04\/114.jpg 400w, https:\/\/esentevibrationale.com\/wp-content\/uploads\/2018\/04\/114-300x225.jpg 300w\" sizes=\"auto, (max-width: 352px) 100vw, 352px\" \/>\u00a0 <img loading=\"lazy\" decoding=\"async\" class=\"alignnone wp-image-95\" src=\"https:\/\/esentevibrationale.com\/wp-content\/uploads\/2018\/04\/HLT11-225x300.jpg\" alt=\"\" width=\"197\" height=\"262\" \/><\/p>\n<p><img loading=\"lazy\" decoding=\"async\" class=\"alignnone wp-image-96\" src=\"https:\/\/phiessences.com\/Romania\/wp-content\/uploads\/2018\/04\/HLT6_754.jpg\" alt=\"\" width=\"337\" height=\"304\" srcset=\"https:\/\/esentevibrationale.com\/wp-content\/uploads\/2018\/04\/HLT6_754.jpg 754w, https:\/\/esentevibrationale.com\/wp-content\/uploads\/2018\/04\/HLT6_754-300x271.jpg 300w\" sizes=\"auto, (max-width: 337px) 100vw, 337px\" \/>\u00a0 <img loading=\"lazy\" decoding=\"async\" class=\"alignnone size-full wp-image-97\" src=\"https:\/\/esentevibrationale.com\/wp-content\/uploads\/2018\/04\/IMG_4095_754-225x300.jpg\" alt=\"\" width=\"225\" height=\"300\" \/><img loading=\"lazy\" decoding=\"async\" class=\"alignnone size-medium wp-image-14730\" src=\"https:\/\/esentevibrationale.com\/wp-content\/uploads\/2025\/09\/photo_2025-09-29_15-25-25-225x300.jpg\" alt=\"\" width=\"225\" height=\"300\" srcset=\"https:\/\/esentevibrationale.com\/wp-content\/uploads\/2025\/09\/photo_2025-09-29_15-25-25-225x300.jpg 225w, https:\/\/esentevibrationale.com\/wp-content\/uploads\/2025\/09\/photo_2025-09-29_15-25-25-768x1024.jpg 768w, https:\/\/esentevibrationale.com\/wp-content\/uploads\/2025\/09\/photo_2025-09-29_15-25-25-300x400.jpg 300w, https:\/\/esentevibrationale.com\/wp-content\/uploads\/2025\/09\/photo_2025-09-29_15-25-25.jpg 960w\" sizes=\"auto, (max-width: 225px) 100vw, 225px\" \/><img loading=\"lazy\" decoding=\"async\" class=\"alignnone size-medium wp-image-14732\" src=\"https:\/\/esentevibrationale.com\/wp-content\/uploads\/2025\/09\/photo_2025-09-29_15-25-15-225x300.jpg\" alt=\"\" width=\"225\" height=\"300\" srcset=\"https:\/\/esentevibrationale.com\/wp-content\/uploads\/2025\/09\/photo_2025-09-29_15-25-15-225x300.jpg 225w, https:\/\/esentevibrationale.com\/wp-content\/uploads\/2025\/09\/photo_2025-09-29_15-25-15-768x1024.jpg 768w, https:\/\/esentevibrationale.com\/wp-content\/uploads\/2025\/09\/photo_2025-09-29_15-25-15-300x400.jpg 300w, https:\/\/esentevibrationale.com\/wp-content\/uploads\/2025\/09\/photo_2025-09-29_15-25-15.jpg 960w\" sizes=\"auto, (max-width: 225px) 100vw, 225px\" \/><\/p>\n<p><img loading=\"lazy\" decoding=\"async\" class=\"alignnone wp-image-100\" src=\"https:\/\/esentevibrationale.com\/wp-content\/uploads\/2018\/04\/HLT20_754.jpg\" alt=\"\" width=\"572\" height=\"444\" srcset=\"https:\/\/esentevibrationale.com\/wp-content\/uploads\/2018\/04\/HLT20_754.jpg 754w, https:\/\/esentevibrationale.com\/wp-content\/uploads\/2018\/04\/HLT20_754-300x233.jpg 300w\" sizes=\"auto, (max-width: 572px) 100vw, 572px\" \/><\/p>\n<p><img loading=\"lazy\" decoding=\"async\" class=\"alignnone size-full wp-image-102\" src=\"https:\/\/esentevibrationale.com\/wp-content\/uploads\/2018\/04\/Dr.-Peter-Spitzer_754.jpg\" alt=\"\" width=\"754\" height=\"566\" srcset=\"https:\/\/esentevibrationale.com\/wp-content\/uploads\/2018\/04\/Dr.-Peter-Spitzer_754.jpg 754w, https:\/\/esentevibrationale.com\/wp-content\/uploads\/2018\/04\/Dr.-Peter-Spitzer_754-300x225.jpg 300w\" sizes=\"auto, (max-width: 754px) 100vw, 754px\" \/><\/p>\n<p>Dr. Peter Spitzer<\/p>\n<p>Pacientul a putut deschide ochii dup\u0103 doar 2 HLT<sup>\u00ae<\/sup> \u0219i la 48 de ore de la opera\u021bie!<img loading=\"lazy\" decoding=\"async\" class=\"alignnone wp-image-14575 alignleft\" src=\"https:\/\/esentevibrationale.com\/wp-content\/uploads\/2025\/05\/Imagine1Ak2-300x87.png\" alt=\"\" width=\"604\" height=\"175\" srcset=\"https:\/\/esentevibrationale.com\/wp-content\/uploads\/2025\/05\/Imagine1Ak2-300x87.png 300w, https:\/\/esentevibrationale.com\/wp-content\/uploads\/2025\/05\/Imagine1Ak2-1024x296.png 1024w, https:\/\/esentevibrationale.com\/wp-content\/uploads\/2025\/05\/Imagine1Ak2-768x222.png 768w, https:\/\/esentevibrationale.com\/wp-content\/uploads\/2025\/05\/Imagine1Ak2-1536x444.png 1536w, https:\/\/esentevibrationale.com\/wp-content\/uploads\/2025\/05\/Imagine1Ak2.png 1552w\" sizes=\"auto, (max-width: 604px) 100vw, 604px\" \/><\/p>\n<p>Andreas Korte<\/p>\n<p><img loading=\"lazy\" decoding=\"async\" class=\" wp-image-86\" src=\"https:\/\/esentevibrationale.com\/wp-content\/uploads\/2018\/04\/Delphtreatment754-300x225.jpg\" alt=\"\" width=\"751\" height=\"563\" srcset=\"https:\/\/esentevibrationale.com\/wp-content\/uploads\/2018\/04\/Delphtreatment754-300x225.jpg 300w, https:\/\/esentevibrationale.com\/wp-content\/uploads\/2018\/04\/Delphtreatment754.jpg 754w\" sizes=\"auto, (max-width: 751px) 100vw, 751px\" \/><\/p>\n<p>Delfin-Luminarium \u2013<\/p>\n<ul>\n<li>1\u00a0 diapozitiv cu energia Delph<\/li>\n<li>1\u00a0 esen\u0163a Delph 30 ml<\/li>\n<li>1\u00a0 Spray Delph 50 ml<\/li>\n<\/ul>\n<p><img loading=\"lazy\" decoding=\"async\" class=\"alignnone size-full wp-image-89\" src=\"https:\/\/esentevibrationale.com\/wp-content\/uploads\/2018\/04\/2ml_Set_750B.jpg\" alt=\"\" width=\"750\" height=\"563\" srcset=\"https:\/\/esentevibrationale.com\/wp-content\/uploads\/2018\/04\/2ml_Set_750B.jpg 750w, https:\/\/esentevibrationale.com\/wp-content\/uploads\/2018\/04\/2ml_Set_750B-300x225.jpg 300w\" sizes=\"auto, (max-width: 750px) 100vw, 750px\" \/><\/p>\n<ul>\n<li>HLT &#8211; Full Set<\/li>\n<li>240 diapozitive de energie inclusiv esen\u0163ele 2 ml, esen\u0163e din cercuri\/forma\u0163iuni ap\u0103rute \u00een lanurile de recolte, 2ml, Hunab Ku CD, inclusiv brevet de licen\u0163\u0103 pentru utilizarea.<\/li>\n<\/ul>\n<p><img loading=\"lazy\" decoding=\"async\" class=\"alignnone size-full wp-image-104\" src=\"https:\/\/esentevibrationale.com\/wp-content\/uploads\/2018\/04\/dreamstime_xl_39899517_754.jpg\" alt=\"\" width=\"754\" height=\"501\" srcset=\"https:\/\/esentevibrationale.com\/wp-content\/uploads\/2018\/04\/dreamstime_xl_39899517_754.jpg 754w, https:\/\/esentevibrationale.com\/wp-content\/uploads\/2018\/04\/dreamstime_xl_39899517_754-300x199.jpg 300w\" sizes=\"auto, (max-width: 754px) 100vw, 754px\" \/><\/p>\n","protected":false},"excerpt":{"rendered":"<p>Andreas Korte &#8211; Cercet\u0103tot \u0219i Biolog Creatotul PHI Essences Vorbeste despre Terapia Holistic\u0103 cu Lumin\u0103 (HLT) \u00a0Proc edura HLT ( Tratamentului Holistic cu Lumin\u0103) \u00a0 Procedura \u015fi ordinea pentru transmiterea esen\u021belor c\u0103tre un organism Patent 100 55 543.8 Profesorul Antonio Sanabria Esen\u021bele con\u021bin o energie vibra\u021bional\u0103 tipic\u0103 de via\u021b\u0103 sau putere al unei plante, al &hellip; <a href=\"https:\/\/esentevibrationale.com\/?page_id=17\" class=\"more-link\">Continu\u0103 lectura <span class=\"screen-reader-text\">Informa\u0163ii despre HLT\u00ae &#8211; Terapia Holistic\u0103 cu Lumin\u0103 Sunet, Culoare \u0219i Esen\u0163e Vibra\u0163ionale<\/span> <span class=\"meta-nav\">&rarr;<\/span><\/a><\/p>\n","protected":false},"author":1,"featured_media":0,"parent":0,"menu_order":2,"comment_status":"closed","ping_status":"closed","template":"","meta":{"footnotes":""},"class_list":["post-17","page","type-page","status-publish","hentry"],"_links":{"self":[{"href":"https:\/\/esentevibrationale.com\/index.php?rest_route=\/wp\/v2\/pages\/17","targetHints":{"allow":["GET"]}}],"collection":[{"href":"https:\/\/esentevibrationale.com\/index.php?rest_route=\/wp\/v2\/pages"}],"about":[{"href":"https:\/\/esentevibrationale.com\/index.php?rest_route=\/wp\/v2\/types\/page"}],"author":[{"embeddable":true,"href":"https:\/\/esentevibrationale.com\/index.php?rest_route=\/wp\/v2\/users\/1"}],"replies":[{"embeddable":true,"href":"https:\/\/esentevibrationale.com\/index.php?rest_route=%2Fwp%2Fv2%2Fcomments&post=17"}],"version-history":[{"count":66,"href":"https:\/\/esentevibrationale.com\/index.php?rest_route=\/wp\/v2\/pages\/17\/revisions"}],"predecessor-version":[{"id":14879,"href":"https:\/\/esentevibrationale.com\/index.php?rest_route=\/wp\/v2\/pages\/17\/revisions\/14879"}],"wp:attachment":[{"href":"https:\/\/esentevibrationale.com\/index.php?rest_route=%2Fwp%2Fv2%2Fmedia&parent=17"}],"curies":[{"name":"wp","href":"https:\/\/api.w.org\/{rel}","templated":true}]}}