{"id":1002,"date":"2018-10-30T07:20:23","date_gmt":"2018-10-30T06:20:23","guid":{"rendered":"http:\/\/phiessences.com\/Romania\/?post_type=product&#038;p=1002"},"modified":"2026-03-11T03:53:54","modified_gmt":"2026-03-11T01:53:54","slug":"beluga-whale-pandant-pandantiv-balena-beluga","status":"publish","type":"product","link":"https:\/\/esentevibrationale.com\/?product=beluga-whale-pandant-pandantiv-balena-beluga","title":{"rendered":"Beluga Whale Pandant \/ Pandantiv Balena Beluga"},"content":{"rendered":"<p>Aceast\u0103 esen\u021ba ne aminte\u0219te de bucuria \u0219i u\u0219urin\u021ba copil\u0103reasc\u0103. Esen\u021ba ajut\u0103 emo\u021bional persoanele care au suferit blocaje, emo\u021bii negative sau \u0219ocuri \u00een timpul dezvolt\u0103rii embrionare sau \u00een timpul copil\u0103riei. Este despre o reprogramare energetic\u0103 a informa\u021biei celulare p\u00e2n\u0103 la identitate, vindecarea copilului interior, readuce bucuria interioar\u0103 \u0219i capacitatea de a te bucura mai mult de via\u021b\u0103, o conectare interioar\u0103 care te face s\u0103 te sim\u021bi echilibrat chiar \u0219i \u00een situa\u021biile dificile \u0219i s\u0103 treci astfel plin de bucurie prin via\u021b\u0103.<\/p>\n<p>Panglic\u0103 \/ \u0218nur 100% bumbac reglabile.<\/p>\n<p>Informa\u021bii:\u00a0Toate pandantivele PHI sunt realizate manual prin tehnica de suflare a sticlei, care dateaz\u0103 din secolul al IV-lea \u00een Germania.<\/p>\n","protected":false},"excerpt":{"rendered":"<p><img loading=\"lazy\" decoding=\"async\" class=\"wp-image-1004 alignnone\" src=\"https:\/\/phiessences.com\/Romania\/wp-content\/uploads\/2018\/10\/web_Beluga.jpg\" alt=\"\" width=\"68\" height=\"62\" \/><\/p>\n<p>&nbsp;<\/p>\n","protected":false},"featured_media":1009,"template":"","meta":[],"product_brand":[],"product_cat":[39],"product_tag":[],"class_list":{"0":"post-1002","1":"product","2":"type-product","3":"status-publish","4":"has-post-thumbnail","6":"product_cat-pandantive","8":"first","9":"instock","10":"shipping-taxable","11":"purchasable","12":"product-type-simple"},"_links":{"self":[{"href":"https:\/\/esentevibrationale.com\/index.php?rest_route=\/wp\/v2\/product\/1002","targetHints":{"allow":["GET"]}}],"collection":[{"href":"https:\/\/esentevibrationale.com\/index.php?rest_route=\/wp\/v2\/product"}],"about":[{"href":"https:\/\/esentevibrationale.com\/index.php?rest_route=\/wp\/v2\/types\/product"}],"wp:featuredmedia":[{"embeddable":true,"href":"https:\/\/esentevibrationale.com\/index.php?rest_route=\/wp\/v2\/media\/1009"}],"wp:attachment":[{"href":"https:\/\/esentevibrationale.com\/index.php?rest_route=%2Fwp%2Fv2%2Fmedia&parent=1002"}],"wp:term":[{"taxonomy":"product_brand","embeddable":true,"href":"https:\/\/esentevibrationale.com\/index.php?rest_route=%2Fwp%2Fv2%2Fproduct_brand&post=1002"},{"taxonomy":"product_cat","embeddable":true,"href":"https:\/\/esentevibrationale.com\/index.php?rest_route=%2Fwp%2Fv2%2Fproduct_cat&post=1002"},{"taxonomy":"product_tag","embeddable":true,"href":"https:\/\/esentevibrationale.com\/index.php?rest_route=%2Fwp%2Fv2%2Fproduct_tag&post=1002"}],"curies":[{"name":"wp","href":"https:\/\/api.w.org\/{rel}","templated":true}]}}