{"id":1005,"date":"2018-10-31T12:33:03","date_gmt":"2018-10-31T11:33:03","guid":{"rendered":"http:\/\/phiessences.com\/Romania\/?post_type=product&#038;p=1005"},"modified":"2026-03-11T04:57:32","modified_gmt":"2026-03-11T02:57:32","slug":"orca-pandant-pandantiv-orca","status":"publish","type":"product","link":"https:\/\/esentevibrationale.com\/?product=orca-pandant-pandantiv-orca","title":{"rendered":"Orca Pandant \/ Pandantiv Orca"},"content":{"rendered":"<div class=\"QmZWSe\">\n<div class=\"DHcWmd\"><\/div>\n<\/div>\n<p><span class=\"Y2IQFc\" lang=\"ro\">Acest pandantiv are un efect puternic asupra chakrei inimii \u0219i ne conecteaz\u0103 cu cea de-a cincea dimensiune. Ne conecteaz\u0103 la puterea noastr\u0103 interioar\u0103 \u0219i ne permite s\u0103 ne folosim poten\u021bialul de a ne conecta cu lumina.<\/span><\/p>\n<p>Panglic\u0103 \/ \u0218nur 100% bumbac reglabile.<\/p>\n<p>Informa\u021bii:\u00a0Toate pandantivele PHI sunt realizate manual prin tehnica de suflare a sticlei, care dateaz\u0103 din secolul al IV-lea \u00een Germania.<\/p>\n","protected":false},"excerpt":{"rendered":"<p><img loading=\"lazy\" decoding=\"async\" class=\"alignnone size-full wp-image-1007\" src=\"https:\/\/phiessences.com\/Romania\/wp-content\/uploads\/2018\/10\/27-Orca_dreamstime_xxl_20959381_754.jpg\" alt=\"\" width=\"86\" height=\"57\" \/><\/p>\n<p>&nbsp;<\/p>\n<p>&nbsp;<\/p>\n","protected":false},"featured_media":1006,"template":"","meta":[],"product_brand":[],"product_cat":[39],"product_tag":[],"class_list":{"0":"post-1005","1":"product","2":"type-product","3":"status-publish","4":"has-post-thumbnail","6":"product_cat-pandantive","8":"first","9":"instock","10":"shipping-taxable","11":"purchasable","12":"product-type-simple"},"_links":{"self":[{"href":"https:\/\/esentevibrationale.com\/index.php?rest_route=\/wp\/v2\/product\/1005","targetHints":{"allow":["GET"]}}],"collection":[{"href":"https:\/\/esentevibrationale.com\/index.php?rest_route=\/wp\/v2\/product"}],"about":[{"href":"https:\/\/esentevibrationale.com\/index.php?rest_route=\/wp\/v2\/types\/product"}],"wp:featuredmedia":[{"embeddable":true,"href":"https:\/\/esentevibrationale.com\/index.php?rest_route=\/wp\/v2\/media\/1006"}],"wp:attachment":[{"href":"https:\/\/esentevibrationale.com\/index.php?rest_route=%2Fwp%2Fv2%2Fmedia&parent=1005"}],"wp:term":[{"taxonomy":"product_brand","embeddable":true,"href":"https:\/\/esentevibrationale.com\/index.php?rest_route=%2Fwp%2Fv2%2Fproduct_brand&post=1005"},{"taxonomy":"product_cat","embeddable":true,"href":"https:\/\/esentevibrationale.com\/index.php?rest_route=%2Fwp%2Fv2%2Fproduct_cat&post=1005"},{"taxonomy":"product_tag","embeddable":true,"href":"https:\/\/esentevibrationale.com\/index.php?rest_route=%2Fwp%2Fv2%2Fproduct_tag&post=1005"}],"curies":[{"name":"wp","href":"https:\/\/api.w.org\/{rel}","templated":true}]}}