{"id":1019,"date":"2018-10-30T11:40:35","date_gmt":"2018-10-30T10:40:35","guid":{"rendered":"http:\/\/phiessences.com\/Romania\/?post_type=product&#038;p=1019"},"modified":"2026-03-11T04:24:49","modified_gmt":"2026-03-11T02:24:49","slug":"cropcircle-mammendorf-pendant-pandantiv-cropcircle-mammendorf","status":"publish","type":"product","link":"https:\/\/esentevibrationale.com\/?product=cropcircle-mammendorf-pendant-pandantiv-cropcircle-mammendorf","title":{"rendered":"Cropcircle &#8222;Mammendorf&#8221; Pendant \/ Pandantiv Cropcircle &#8222;Mammendorf&#8221;"},"content":{"rendered":"<p>Forma\u0163iunea ap\u0103rut\u0103 \u00een lanul de recolt\u0103 (crocircles) arat\u0103 num\u0103rul perfect al Pi al geometrie sacre. Ne aminte\u015fte de interconectarea tuturor vie\u0163uitoarelor cu Dumnezeu. Esen\u0163a are un efect de regenerare al inform\u0163iei celulelor\u00a0 ADN-ului \u00een starea lor original\u0103. Activeaz\u0103 puterile de auto-vindecare. Omul ajunge <span class=\"Y2IQFc\" lang=\"ro\">\u00een<\/span> centri s\u0103i energetici. Pandantivul include un cristal de roc\u0103 \u015ffefuit \u015fi este placat cu aur de 24 de Karate.<\/p>\n<p>Panglic\u0103 \/ \u0218nur 100% bumbac.<\/p>\n<p>Informa\u021bii: Toate pandantivele PHI sunt realizate manual prin tehnica de suflare a sticlei, care dateaz\u0103 din secolul al IV-lea \u00een Germania.<\/p>\n<p>&nbsp;<\/p>\n","protected":false},"excerpt":{"rendered":"<p><img loading=\"lazy\" decoding=\"async\" class=\"alignnone wp-image-1020\" src=\"https:\/\/phiessences.com\/Romania\/wp-content\/uploads\/2018\/10\/185.jpg\" alt=\"\" width=\"87\" height=\"52\" srcset=\"https:\/\/esentevibrationale.com\/wp-content\/uploads\/2018\/10\/185.jpg 320w, https:\/\/esentevibrationale.com\/wp-content\/uploads\/2018\/10\/185-300x180.jpg 300w\" sizes=\"auto, (max-width: 87px) 100vw, 87px\" \/><\/p>\n<p>&nbsp;<\/p>\n","protected":false},"featured_media":1035,"template":"","meta":[],"product_brand":[],"product_cat":[39],"product_tag":[],"class_list":{"0":"post-1019","1":"product","2":"type-product","3":"status-publish","4":"has-post-thumbnail","6":"product_cat-pandantive","8":"first","9":"instock","10":"shipping-taxable","11":"purchasable","12":"product-type-simple"},"_links":{"self":[{"href":"https:\/\/esentevibrationale.com\/index.php?rest_route=\/wp\/v2\/product\/1019","targetHints":{"allow":["GET"]}}],"collection":[{"href":"https:\/\/esentevibrationale.com\/index.php?rest_route=\/wp\/v2\/product"}],"about":[{"href":"https:\/\/esentevibrationale.com\/index.php?rest_route=\/wp\/v2\/types\/product"}],"wp:featuredmedia":[{"embeddable":true,"href":"https:\/\/esentevibrationale.com\/index.php?rest_route=\/wp\/v2\/media\/1035"}],"wp:attachment":[{"href":"https:\/\/esentevibrationale.com\/index.php?rest_route=%2Fwp%2Fv2%2Fmedia&parent=1019"}],"wp:term":[{"taxonomy":"product_brand","embeddable":true,"href":"https:\/\/esentevibrationale.com\/index.php?rest_route=%2Fwp%2Fv2%2Fproduct_brand&post=1019"},{"taxonomy":"product_cat","embeddable":true,"href":"https:\/\/esentevibrationale.com\/index.php?rest_route=%2Fwp%2Fv2%2Fproduct_cat&post=1019"},{"taxonomy":"product_tag","embeddable":true,"href":"https:\/\/esentevibrationale.com\/index.php?rest_route=%2Fwp%2Fv2%2Fproduct_tag&post=1019"}],"curies":[{"name":"wp","href":"https:\/\/api.w.org\/{rel}","templated":true}]}}