{"id":1024,"date":"2018-10-30T12:22:26","date_gmt":"2018-10-30T11:22:26","guid":{"rendered":"http:\/\/phiessences.com\/Romania\/?post_type=product&#038;p=1024"},"modified":"2026-03-11T03:52:50","modified_gmt":"2026-03-11T01:52:50","slug":"cropcircle-heart-pendant-pandantiv-cropcircle-heart","status":"publish","type":"product","link":"https:\/\/esentevibrationale.com\/?product=cropcircle-heart-pendant-pandantiv-cropcircle-heart","title":{"rendered":"Cropcircle &#8222;Heart&#8221; Pendant \/ Pandantiv Cropcircle &#8222;Inim\u0103&#8221;"},"content":{"rendered":"<p><span class=\"Y2IQFc\" lang=\"ro\">Nr. 32: Heart, crop circle pandantiv, West Kennet, Marea Britanie (2000) Cu cuar\u021b roz <\/span>\u0219lefuit<span class=\"Y2IQFc\" lang=\"ro\">. Aceast\u0103 forma\u021biune \u00een form\u0103 de inim\u0103 corespunde energiei lui Venus. Esen\u021ba vrea s\u0103 ne aminteasc\u0103 de bucuria inimii, de calit\u0103\u021bile inimii. \u00cenv\u0103\u021b\u0103m c\u0103 toat\u0103 evolu\u021bia \u0219i vindecarea vin prin inimile noastre. Purta\u021bi pandantivul pe chakra inimii.<\/span><\/p>\n<p><span class=\"Y2IQFc\" lang=\"ro\">Aceast\u0103 esen\u021b\u0103 con\u021bine componente esen\u021biale ale formelor \u0219i culorilor geometrice sacre, care emit impulsuri corespunz\u0103toare celulelor noastre nervoase. Informa\u021biile gre\u0219ite direc\u021bionate, leziunile de tot felul, \u00een special leziunile din zona chakrei inimii, sunt conduse \u00eenapoi \u00een ordinea divin\u0103 cu ajutorul informa\u021biilor luminoase con\u021binute de aceasta. Informa\u021bii: Toate pandantivele PHI sunt realizate manual prin tehnica de suflare a sticlei, care dateaz\u0103 din secolul al IV-lea \u00een Germania.<\/span><\/p>\n","protected":false},"excerpt":{"rendered":"<p><img loading=\"lazy\" decoding=\"async\" class=\"alignnone wp-image-1025\" src=\"https:\/\/phiessences.com\/Romania\/wp-content\/uploads\/2018\/10\/32.jpg\" alt=\"\" width=\"134\" height=\"89\" srcset=\"https:\/\/esentevibrationale.com\/wp-content\/uploads\/2018\/10\/32.jpg 320w, https:\/\/esentevibrationale.com\/wp-content\/uploads\/2018\/10\/32-300x200.jpg 300w\" sizes=\"auto, (max-width: 134px) 100vw, 134px\" \/><\/p>\n<p>&nbsp;<\/p>\n","protected":false},"featured_media":1034,"template":"","meta":[],"product_brand":[],"product_cat":[39],"product_tag":[],"class_list":{"0":"post-1024","1":"product","2":"type-product","3":"status-publish","4":"has-post-thumbnail","6":"product_cat-pandantive","8":"first","9":"instock","10":"shipping-taxable","11":"purchasable","12":"product-type-simple"},"_links":{"self":[{"href":"https:\/\/esentevibrationale.com\/index.php?rest_route=\/wp\/v2\/product\/1024","targetHints":{"allow":["GET"]}}],"collection":[{"href":"https:\/\/esentevibrationale.com\/index.php?rest_route=\/wp\/v2\/product"}],"about":[{"href":"https:\/\/esentevibrationale.com\/index.php?rest_route=\/wp\/v2\/types\/product"}],"wp:featuredmedia":[{"embeddable":true,"href":"https:\/\/esentevibrationale.com\/index.php?rest_route=\/wp\/v2\/media\/1034"}],"wp:attachment":[{"href":"https:\/\/esentevibrationale.com\/index.php?rest_route=%2Fwp%2Fv2%2Fmedia&parent=1024"}],"wp:term":[{"taxonomy":"product_brand","embeddable":true,"href":"https:\/\/esentevibrationale.com\/index.php?rest_route=%2Fwp%2Fv2%2Fproduct_brand&post=1024"},{"taxonomy":"product_cat","embeddable":true,"href":"https:\/\/esentevibrationale.com\/index.php?rest_route=%2Fwp%2Fv2%2Fproduct_cat&post=1024"},{"taxonomy":"product_tag","embeddable":true,"href":"https:\/\/esentevibrationale.com\/index.php?rest_route=%2Fwp%2Fv2%2Fproduct_tag&post=1024"}],"curies":[{"name":"wp","href":"https:\/\/api.w.org\/{rel}","templated":true}]}}