{"id":1039,"date":"2018-10-31T09:02:39","date_gmt":"2018-10-31T08:02:39","guid":{"rendered":"http:\/\/phiessences.com\/Romania\/?post_type=product&#038;p=1039"},"modified":"2025-12-30T18:10:27","modified_gmt":"2025-12-30T16:10:27","slug":"agrimony-turtita-mare","status":"publish","type":"product","link":"https:\/\/esentevibrationale.com\/?product=agrimony-turtita-mare","title":{"rendered":"Agrimony \/ Turti\u0163a Mare"},"content":{"rendered":"<p><strong>(Agrimonia eupatoria) <\/strong><\/p>\n<p><em>Aceast\u0103 plant\u0103 ajunge de la 40 &#8211; 60 cm \u0219i poate fi g\u0103sit\u0103 \u00een solurile argiloase bogate \u0219i calcaroase de la marginea p\u0103durilor. Este rezistent\u0103 pe timpul iernii \u0219i cre\u0219te pe marginea drumurilor, desi\u0219urilor p\u0103\u0219unilor sau pe p\u0103m\u00e2ntul necultivat \u00een zonele temperate din Europa \u0219i America. Nu tolereaz\u0103 solurile acide \u0219i necesit\u0103 pu\u021bin\u0103 umbr\u0103. O tulpin\u0103 tare \u0219i p\u0103roas\u0103 cre\u0219te \u00een linie dreapt\u0103 din r\u0103d\u0103cin\u0103. Florile galbene de 5- 8 mm, sunt parfumate \u0219i aromate, ies \u00een eviden\u021b\u0103 individual \u0219i staminele ascund pistilul.<\/em><\/p>\n<p><strong><em>Efectul Esen\u021bei: <\/em><\/strong>Esen\u021ba Turti\u021bei Mari ne ajut\u0103 s\u0103 ne exprim\u0103m sentimentele \u0219i s\u0103 comunic\u0103m cu ceilal\u021bi. Sentimentul interior pentru situa\u021biile potrivite este consolidat. Turti\u021ba mare are un efect de armonizare, de detoxificare \u0219i permite oamenilor s\u0103 se apropie deschis c\u0103tre al\u021bii.<\/p>\n<p><strong><em>Efectul Esen\u021bei la Nivel Fizic: <\/em><\/strong>Esen\u021ba Turti\u021bei Mari este recomandat\u0103 pentru afec\u021biunile corporale care \u00ee\u0219i au originea \u00een conflicte, frici, suferin\u021b\u0103 mental\u0103, nelini\u0219te, singur\u0103tate, etc. Esen\u021ba este indicat\u0103 ca fiind un sprijin energetic care rezolv\u0103 cauzele acestor probleme. O data cu vindecarea aceasta, la nivel energetic \u00eencepe procesul de auto-vindecare fizic\u0103.<\/p>\n<p><strong><em>Efectul Esen\u021bei la Nivel Emo\u021bional: <\/em><\/strong>C\u00e2nd g\u00e2ndurile sup\u0103r\u0103toare, stresul emo\u021bional, a\u0219teptarea stresant\u0103 sau frica de viitor ne influen\u021beaz\u0103 via\u021ba, esen\u021ba poate genera rela- xare \u0219i deta\u0219are. Ne ajut\u0103 s\u0103 ne eliber\u0103m de sup\u0103r\u0103ri minore, furie interioar\u0103, nelini\u0219te, sentimentul de singur\u0103tate \u0219i de opresiune. Cei care ascund o durere interioar\u0103 sub o masc\u0103, pot sim\u021bi o alinare, c\u00e2nd iau esen\u021ba. Cu esen\u021ba \u00eenva\u021b\u0103 s\u0103 se deschid\u0103 pe ei \u00een\u0219i\u0219i persoanelor potrivite \u0219i s\u0103 integreze aceste experien\u021be.<\/p>\n<p><strong><em>Efectul Esen\u021bei la Nivel Mental: <\/em><\/strong>Cu esen\u021ba este posibil s\u0103 lu\u0103m \u00een considerare problemele \u0219i s\u0103 ne rezolv\u0103m conflictele cu serenitate. Exist\u0103 o predispozi\u021bie \u00eent\u0103rit\u0103 de a fi conciliant cu o chestiune specific\u0103. Ne concentr\u0103m pe lucrurile importante \u0219i renun\u021b\u0103m la c\u0103ile gre\u0219ite, cum ar fi dependen\u021bele. Ne ajut\u0103 s\u0103 \u00eenv\u0103\u021b\u0103m din experien\u021ba noastr\u0103 \u0219i s\u0103 o integr\u0103m.<\/p>\n<p><strong><em>Efectul Esen\u021bei la Nivel Spiritual: <\/em><\/strong>Cu aceast\u0103 esen\u021b\u0103 renun\u021b\u0103m la via\u021ba noastr\u0103 superficial\u0103 cu scopul de a merge mai departe \u00een ad\u00e2ncurile spiritului nostru \u0219i pe t\u0103r\u00e2mul necunoscut p\u00e2n\u0103 acum. Atingem posibilit\u0103\u021bi abisale, vom accepta \u0219i \u00een\u021belege calitatea flexibil\u0103 a vie\u021bii spirituale. \u00cen sf\u00e2r\u0219it, g\u0103sim echilibrul, fericirea sincer\u0103, pl\u0103cerea autentic\u0103 de a tr\u0103i \u0219i pacea intern\u0103.<\/p>\n<p><strong><em>Afirma\u021bia: <\/em><\/strong>Lumina \u0219i \u00eentunericul coexist\u0103 \u00een mine \u0219i eu sunt a\u0219a cum sunt. Exist\u0103 fericire, serenitatea \u0219i pace c\u00e2nd \u00eemi \u00eendeplinesc sarcinile.<\/p>\n","protected":false},"excerpt":{"rendered":"<p>(Agrimonia eupatoria) Aceast\u0103 plant\u0103 ajunge de la 40 &#8211; 60 cm \u0219i poate fi g\u0103sit\u0103 \u00een solurile argiloase bogate \u0219i calcaroase de la marginea p\u0103durilor. Este rezistent\u0103 pe timpul iernii \u0219i cre\u0219te pe marginea drumurilor, desi\u0219urilor p\u0103\u0219unilor sau pe p\u0103m\u00e2ntul necultivat \u00een zonele temperate din Europa \u0219i America. Nu tolereaz\u0103 solurile acide \u0219i necesit\u0103 pu\u021bin\u0103 &hellip; <a href=\"https:\/\/esentevibrationale.com\/?product=agrimony-turtita-mare\" class=\"more-link\">Continu\u0103 lectura <span class=\"screen-reader-text\">Agrimony \/ Turti\u0163a Mare<\/span> <span class=\"meta-nav\">&rarr;<\/span><\/a><\/p>\n","protected":false},"featured_media":1042,"template":"","meta":[],"product_brand":[],"product_cat":[20],"product_tag":[],"class_list":{"0":"post-1039","1":"product","2":"type-product","3":"status-publish","4":"has-post-thumbnail","6":"product_cat-esente-de-flori-clasice-bach","7":"pa_size-15ml","8":"pa_size-30ml","10":"first","11":"instock","12":"shipping-taxable","13":"purchasable","14":"product-type-variable","15":"has-default-attributes"},"_links":{"self":[{"href":"https:\/\/esentevibrationale.com\/index.php?rest_route=\/wp\/v2\/product\/1039","targetHints":{"allow":["GET"]}}],"collection":[{"href":"https:\/\/esentevibrationale.com\/index.php?rest_route=\/wp\/v2\/product"}],"about":[{"href":"https:\/\/esentevibrationale.com\/index.php?rest_route=\/wp\/v2\/types\/product"}],"wp:featuredmedia":[{"embeddable":true,"href":"https:\/\/esentevibrationale.com\/index.php?rest_route=\/wp\/v2\/media\/1042"}],"wp:attachment":[{"href":"https:\/\/esentevibrationale.com\/index.php?rest_route=%2Fwp%2Fv2%2Fmedia&parent=1039"}],"wp:term":[{"taxonomy":"product_brand","embeddable":true,"href":"https:\/\/esentevibrationale.com\/index.php?rest_route=%2Fwp%2Fv2%2Fproduct_brand&post=1039"},{"taxonomy":"product_cat","embeddable":true,"href":"https:\/\/esentevibrationale.com\/index.php?rest_route=%2Fwp%2Fv2%2Fproduct_cat&post=1039"},{"taxonomy":"product_tag","embeddable":true,"href":"https:\/\/esentevibrationale.com\/index.php?rest_route=%2Fwp%2Fv2%2Fproduct_tag&post=1039"}],"curies":[{"name":"wp","href":"https:\/\/api.w.org\/{rel}","templated":true}]}}