{"id":1043,"date":"2018-10-31T09:06:39","date_gmt":"2018-10-31T08:06:39","guid":{"rendered":"http:\/\/phiessences.com\/Romania\/?post_type=product&#038;p=1043"},"modified":"2025-12-30T18:12:18","modified_gmt":"2025-12-30T16:12:18","slug":"aspen-plop-tremurator","status":"publish","type":"product","link":"https:\/\/esentevibrationale.com\/?product=aspen-plop-tremurator","title":{"rendered":"Aspen \/ Plop Tremur\u0103tor"},"content":{"rendered":"<p><strong>(Populus tremula) <\/strong><\/p>\n<p><em>Plopul Tremur\u0103tor cre\u0219te \u00een solurile umede ale p\u0103\u0219unilor, aproape de ap\u0103 sau \u00een mla\u0219tinile zonelor \u00eemp\u0103durite din Centrul Europei \u0219i Asia, p\u00e2n\u0103 la Cercul Polar. Este un copac sub\u021bire cu o scoar\u021b\u0103 neted\u0103 gri argintie. Ajunge p\u00e2n\u0103 la 20 metri \u00een\u0103l\u021bime \u0219i rare ori se g\u0103se\u0219te izolat. Frunzele zim\u021bate de la rotunde p\u00e2n\u0103 la ovale, sunt ata\u0219ate de copac printr-un pe\u021biol neted. Are flori masculine cenu\u0219ii \u0219i feminine cenu\u0219ii-verzui, au lungimea de 5-10 cm \u0219i \u00eenfloresc din februarie p\u00e2n\u0103 \u00een martie \/ aprilie \u00eenainte ca frunzele s\u0103 treac\u0103.<\/em><\/p>\n<p><strong><em>Efectul Esen\u021bei: <\/em><\/strong>Esen\u021ba ne ajut\u0103 s\u0103 dep\u0103\u0219im fricile nedefinite (frica de \u00eentuneric, de singur\u0103tate). Ajut\u0103 la utilizarea sensibilit\u0103\u021bii \u00een mod pozitiv. Ne putem distan\u021ba mai bine de energiile negative \u0219i, de asemenea, s\u0103 ne recunoa\u0219tem propriul poten\u021bial distructiv.<\/p>\n<p><strong><em>Efectul Esen\u021bei la Nivel Fizic: <\/em><\/strong>R\u0103nile cele mai frecvente, care arat\u0103 nevoia acestei esen\u021be sunt cele care se manifest\u0103 ca apari\u021bii care ne fac s\u0103 avem frici nerezonabile. Energia floral\u0103 a Plopului Tremur\u0103tor promoveaz\u0103 \u00eencrederea \u0219i re\u00eennoie\u0219te curajul care calmeaz\u0103 fricile noastre \u0219i d\u0103 pace spiritului nostru nelini\u0219tit.<\/p>\n<p><strong><em>Efectul Esen\u021bei la Nivel Emo\u021bional: <\/em><\/strong>Esen\u021ba se recomand\u0103 c\u00e2nd sim\u021bim acea frica care este preg\u0103tit\u0103 s\u0103 ias\u0103 la iveal\u0103 \u00een orice moment. Noi tr\u0103im cu frica c\u0103 ceva dezastros s-ar putea \u00eent\u00e2mpla. Poate fi fric\u0103 de \u00eentuneric, de singur\u0103tate sau alte sentimente de nesiguran\u021b\u0103. Cauza acestor sim\u021b\u0103minte poate fi o sensibilitate excesiv\u0103 la o influen\u021b\u0103 ne\u0219tiut\u0103. Esen\u021ba ne ajut\u0103 s\u0103 control\u0103m astfel de influen\u021be, transmi\u021b\u00e2nd o energie protectoare persoanelor hiper senzoriale \u0219i \u00een acela\u0219i timp, le \u00eent\u0103re\u0219te mintea \u0219i corpul. Datorit\u0103 capacit\u0103\u021bilor lor de fi empatici cu ceilal\u021bi, activeaz\u0103 frecvent \u00een asisten\u021ba social\u0103 \u0219i g\u0103sesc un sprijin valoros pentru munca lor \u00een esen\u021ba Plopului Tremur\u0103tor.<\/p>\n<p><strong><em>Efectul Esen\u021bei la Nivel Mental: <\/em><\/strong>Esen\u021ba favorizeaz\u0103 o observare mai calm\u0103 a situa\u021biilor personale \u0219i disip\u0103 fricile incerte. Mintea noastr\u0103 este iluminat\u0103 \u0219i putem identifica clar ce trebuie f\u0103cut. Gradual putem dep\u0103\u0219i co\u0219marurile, m\u00e2niile, g\u00e2ndurile de sinucidere sau fricile nocturne.<\/p>\n<p><strong><em>Efectul Esen\u021bei la Nivel Spiritual: <\/em><\/strong>Cu esen\u021ba devenim mai capabili s\u0103 ne folosim super sensibilitatea noastr\u0103 pentru a identifica capacit\u0103\u021bile personale intuitive \u0219i astfel, putem aborda nivelurile subtile ale con\u0219tiin\u021bei noastre. Cu \u00eencredere de sine ne putem deschide iubirii universale \u0219i ne sim\u021bim inclu\u0219i \u00eentr-o ordine superioar\u0103, \u00eenf\u0103\u0219ura\u021bi \u00een protec\u021bia esen\u021bei.<\/p>\n<p><strong><em>Afirma\u021bia: <\/em><\/strong>Lumina \u0219i protec\u021bia divin\u0103 m\u0103 \u00eenso\u021besc \u0219i primesc sensibilitatea ca \u00a0un dar.<\/p>\n","protected":false},"excerpt":{"rendered":"<p>(Populus tremula) Plopul Tremur\u0103tor cre\u0219te \u00een solurile umede ale p\u0103\u0219unilor, aproape de ap\u0103 sau \u00een mla\u0219tinile zonelor \u00eemp\u0103durite din Centrul Europei \u0219i Asia, p\u00e2n\u0103 la Cercul Polar. Este un copac sub\u021bire cu o scoar\u021b\u0103 neted\u0103 gri argintie. Ajunge p\u00e2n\u0103 la 20 metri \u00een\u0103l\u021bime \u0219i rare ori se g\u0103se\u0219te izolat. Frunzele zim\u021bate de la rotunde p\u00e2n\u0103 &hellip; <a href=\"https:\/\/esentevibrationale.com\/?product=aspen-plop-tremurator\" class=\"more-link\">Continu\u0103 lectura <span class=\"screen-reader-text\">Aspen \/ Plop Tremur\u0103tor<\/span> <span class=\"meta-nav\">&rarr;<\/span><\/a><\/p>\n","protected":false},"featured_media":1046,"template":"","meta":[],"product_brand":[],"product_cat":[20],"product_tag":[],"class_list":{"0":"post-1043","1":"product","2":"type-product","3":"status-publish","4":"has-post-thumbnail","6":"product_cat-esente-de-flori-clasice-bach","7":"pa_size-15ml","8":"pa_size-30ml","10":"first","11":"instock","12":"shipping-taxable","13":"purchasable","14":"product-type-variable","15":"has-default-attributes"},"_links":{"self":[{"href":"https:\/\/esentevibrationale.com\/index.php?rest_route=\/wp\/v2\/product\/1043","targetHints":{"allow":["GET"]}}],"collection":[{"href":"https:\/\/esentevibrationale.com\/index.php?rest_route=\/wp\/v2\/product"}],"about":[{"href":"https:\/\/esentevibrationale.com\/index.php?rest_route=\/wp\/v2\/types\/product"}],"wp:featuredmedia":[{"embeddable":true,"href":"https:\/\/esentevibrationale.com\/index.php?rest_route=\/wp\/v2\/media\/1046"}],"wp:attachment":[{"href":"https:\/\/esentevibrationale.com\/index.php?rest_route=%2Fwp%2Fv2%2Fmedia&parent=1043"}],"wp:term":[{"taxonomy":"product_brand","embeddable":true,"href":"https:\/\/esentevibrationale.com\/index.php?rest_route=%2Fwp%2Fv2%2Fproduct_brand&post=1043"},{"taxonomy":"product_cat","embeddable":true,"href":"https:\/\/esentevibrationale.com\/index.php?rest_route=%2Fwp%2Fv2%2Fproduct_cat&post=1043"},{"taxonomy":"product_tag","embeddable":true,"href":"https:\/\/esentevibrationale.com\/index.php?rest_route=%2Fwp%2Fv2%2Fproduct_tag&post=1043"}],"curies":[{"name":"wp","href":"https:\/\/api.w.org\/{rel}","templated":true}]}}