{"id":1047,"date":"2018-10-31T09:11:03","date_gmt":"2018-10-31T08:11:03","guid":{"rendered":"http:\/\/phiessences.com\/Romania\/?post_type=product&#038;p=1047"},"modified":"2025-12-30T18:13:39","modified_gmt":"2025-12-30T16:13:39","slug":"beech-fag","status":"publish","type":"product","link":"https:\/\/esentevibrationale.com\/?product=beech-fag","title":{"rendered":"Beech \/ Fag"},"content":{"rendered":"<p><strong>\u00a0(Fagus sylvatica)<\/strong><\/p>\n<p><em>Fagii pot fi g\u0103si\u021bi pe \u00eentregul teritoriul al Europei form\u00e2nd p\u0103duri str\u0103lucitoare. Este un copac de o m\u0103rime considerabil\u0103 care poate ajunge p\u00e2n\u0103 la 30 m. Are o scoar\u021ba moale de nuan\u021be gri-plumb. Coronamentul s\u0103u distribuie o umbr\u0103 deas\u0103 \u0219i foarte pu\u021bine plante cresc sub el. Frunzele eliptice, u\u0219or ondulate la margine cresc \u00een 2 r\u00e2nduri. \u00cenflore\u0219te \u00eentre lunile aprilie \u0219i mai, la pu\u021bin timp dup\u0103 ce frunzele trec. Florile feminine sunt coroni\u021be mici verzi-ro\u0219ii, cele masculine sunt ciorchini pendulari galbeni-verzi.<\/em><\/p>\n<p><strong><em>Efectul Esen\u021bei: <\/em><\/strong>Esen\u021ba ne ajut\u0103 s\u0103 ne dezvolt\u0103m un nivel ridicat de toleran\u021b\u0103 \u0219i de generozitate. Ne \u00eenva\u021b\u0103 s\u0103 fim aten\u021bi la propriile gre\u0219eli, astfel ne vom opri din a mai critica alte persoane.<\/p>\n<p><strong><em>Efectul Esen\u021bei la Nivel Fizic: <\/em><\/strong>Avem nevoie de esen\u021ba Fagului, c\u00e2nd diferite p\u0103r\u021bi ale corpului este posibil s\u0103 fie amor\u021bite, sensibilitatea la zgomote s-a intensificat, exist\u0103 probleme digestive sau probleme ale pielii, din aceste motive apar probleme senzitive certe cum ar fi intoleran\u021ba. Esen\u021ba stimuleaz\u0103 procesul de auto-vindecare la nivel energetic, ne elibereaz\u0103 de severitatea excesiv\u0103, critic\u0103, prejudec\u0103\u021bi, arogan\u021b\u0103, etc. Astfel, ajungem la o stare de armonie \u0219i generozitate, care are un impact pozitiv asupra organismului nostru.<\/p>\n<p><strong><em>Efectul Esen\u021bei la Nivel Emo\u021bional: <\/em><\/strong>Esen\u021ba Fagului se recomand\u0103 c\u00e2nd sentimentele de rigiditate sunt \u00eenso\u021bite de m\u00e2nie, furie, \u0219i iritabilitate, f\u0103c\u00e2nd via\u021ba &#8222;acr\u0103&#8221;. Cu esen\u021ba vom \u00eenv\u0103\u021ba s\u0103 ne eliber\u0103m de rigiditatea noastr\u0103. Ne va fi mai u\u0219or s\u0103 accept\u0103m \u0219i opiniile celorlal\u021bi \u0219i ne vom elibera de zelul de a critica, al pedanteriei \u0219i al intoleran\u021b\u0103 \u0219i \u00een acela\u0219i timp, vom deveni mult mai \u00een\u021beleg\u0103tori cu noi \u00een\u0219ine \u0219i cu ceilal\u021bi. A\u0219adar, se poate dezvolta o atitudine liber\u0103 \u0219i relaxat\u0103 fa\u021b\u0103 de via\u021b\u0103.<\/p>\n<p><strong><em>Efectul Esen\u021bei la Nivel Mental: <\/em><\/strong>C\u00e2nd intoleran\u021ba \u0219i seriozitatea s-au &#8222;blocat&#8221; \u00een mintea noastr\u0103, esen\u021ba ne ofer\u0103 o vibra\u021bie eliberatoare. Recunoa\u0219tem atitudini rigide sau conflicte profunde care s-au putut stabili ca rezultat al deziluziilor, umilin\u021belor, sentimentelor de ur\u0103, lipsa stimei de sine sau exasperarea. Cu esen\u021ba este posibil s\u0103 ne debaras\u0103m de stratul rigid \u0219i constr\u00e2ng\u0103tor \u0219i ne l\u0103sam acoperi\u021bi de o nou\u0103, generoas\u0103 modalitate de g\u00e2ndire.<\/p>\n<p><strong><em>Efectul Esen\u021bei la Nivel Spiritual: <\/em><\/strong>Esen\u021ba face leg\u0103tura cu Sinele Superior \u0219i astfel se c\u00e2\u0219tig\u0103 \u00een\u021belegere, toleran\u021ba, discern\u0103m\u00e2nt \u0219i bun sim\u021b. Problemele se rezolv\u0103 prin jude- cat\u0103 constructiv\u0103, \u00een\u021belegere \u0219i bun\u0103tate. Esen\u021ba transmite diverse forme de exprimare \u00een via\u021b\u0103.<\/p>\n<p><strong><em>Afirma\u021bia: <\/em><\/strong>\u00cei accept pe ceilal\u021bi a\u0219a cum sunt ei \u0219i, totodat\u0103, \u00eemi accept sl\u0103biciunile.<\/p>\n","protected":false},"excerpt":{"rendered":"<p>\u00a0(Fagus sylvatica) Fagii pot fi g\u0103si\u021bi pe \u00eentregul teritoriul al Europei form\u00e2nd p\u0103duri str\u0103lucitoare. Este un copac de o m\u0103rime considerabil\u0103 care poate ajunge p\u00e2n\u0103 la 30 m. Are o scoar\u021ba moale de nuan\u021be gri-plumb. Coronamentul s\u0103u distribuie o umbr\u0103 deas\u0103 \u0219i foarte pu\u021bine plante cresc sub el. Frunzele eliptice, u\u0219or ondulate la margine cresc &hellip; <a href=\"https:\/\/esentevibrationale.com\/?product=beech-fag\" class=\"more-link\">Continu\u0103 lectura <span class=\"screen-reader-text\">Beech \/ Fag<\/span> <span class=\"meta-nav\">&rarr;<\/span><\/a><\/p>\n","protected":false},"featured_media":1050,"template":"","meta":[],"product_brand":[],"product_cat":[20],"product_tag":[],"class_list":{"0":"post-1047","1":"product","2":"type-product","3":"status-publish","4":"has-post-thumbnail","6":"product_cat-esente-de-flori-clasice-bach","7":"pa_size-15ml","8":"pa_size-30ml","10":"first","11":"instock","12":"shipping-taxable","13":"purchasable","14":"product-type-variable","15":"has-default-attributes"},"_links":{"self":[{"href":"https:\/\/esentevibrationale.com\/index.php?rest_route=\/wp\/v2\/product\/1047","targetHints":{"allow":["GET"]}}],"collection":[{"href":"https:\/\/esentevibrationale.com\/index.php?rest_route=\/wp\/v2\/product"}],"about":[{"href":"https:\/\/esentevibrationale.com\/index.php?rest_route=\/wp\/v2\/types\/product"}],"wp:featuredmedia":[{"embeddable":true,"href":"https:\/\/esentevibrationale.com\/index.php?rest_route=\/wp\/v2\/media\/1050"}],"wp:attachment":[{"href":"https:\/\/esentevibrationale.com\/index.php?rest_route=%2Fwp%2Fv2%2Fmedia&parent=1047"}],"wp:term":[{"taxonomy":"product_brand","embeddable":true,"href":"https:\/\/esentevibrationale.com\/index.php?rest_route=%2Fwp%2Fv2%2Fproduct_brand&post=1047"},{"taxonomy":"product_cat","embeddable":true,"href":"https:\/\/esentevibrationale.com\/index.php?rest_route=%2Fwp%2Fv2%2Fproduct_cat&post=1047"},{"taxonomy":"product_tag","embeddable":true,"href":"https:\/\/esentevibrationale.com\/index.php?rest_route=%2Fwp%2Fv2%2Fproduct_tag&post=1047"}],"curies":[{"name":"wp","href":"https:\/\/api.w.org\/{rel}","templated":true}]}}