{"id":1051,"date":"2018-10-31T09:18:29","date_gmt":"2018-10-31T08:18:29","guid":{"rendered":"http:\/\/phiessences.com\/Romania\/?post_type=product&#038;p=1051"},"modified":"2025-12-30T18:14:21","modified_gmt":"2025-12-30T16:14:21","slug":"centaury-tintaura","status":"publish","type":"product","link":"https:\/\/esentevibrationale.com\/?product=centaury-tintaura","title":{"rendered":"Centaury \/ \u0162intaur\u0103"},"content":{"rendered":"<p><strong>(Centaurium umbellatum) <\/strong><\/p>\n<p><em>Numele acestei plante provine de la figura mitologic\u0103 a centaurului Chiron. \u021bintaura cre\u0219te ascuns\u0103 la marginea p\u0103durilor, p\u0103\u0219unilor \u0219i p\u0103m\u00e2nturilor necultivate, \u00ee\u0219i schimb\u0103 loca\u021bia de la an la an, prefer\u0103 solurile uscate, dar nu prea acide. Planta ajunge p\u00e2n\u0103 la 50 de cm \u00een\u0103l\u021bime. Frunzele eliptice sunt dispuse opus \u00een perechi. Florile sale apar pentru o zi \u00eentre lunile iunie \u0219i septembrie, sunt roz pal, au o m\u0103rime de 15 mm, av\u00e2nd forma unor stelu\u021be cu 5 col\u021buri. Planta atinge o \u00een\u0103l\u021bime de p\u00e2n\u0103 la 50 cm.<\/em><\/p>\n<p><strong><em>Efectul Esen\u021bei: <\/em><\/strong>Esen\u021ba \u021aintaurei stimuleaz\u0103 voin\u021ba. Ne ajut\u0103 s\u0103 fim noi \u00een\u0219ine \u0219i s\u0103 ne distan\u021b\u0103m de cerin\u021bele altora, ne define\u0219te limitele \u00een raport cu alte persoane \u0219i vom fi capabili s\u0103 spunem &#8222;nu&#8221;.<\/p>\n<p><strong><em>Efectul Esen\u021bei la Nivel Fizic: <\/em><\/strong>Esen\u021ba ofer\u0103 energie pentru a dep\u0103\u0219i crizele de extenuare \u0219i de le\u0219in neprev\u0103zute. Chiar \u0219i \u00een situa\u021biile \u00een care o persoan\u0103 se simte cople\u0219it\u0103, sl\u0103bit\u0103 \u0219i supus\u0103 stresului, esen\u021b\u0103 \u021aintaurei aduce un impuls re\u00eennoit. Cu aceast\u0103 esen\u021b\u0103 pozi\u021bia este str\u00e2ns\u0103 \u0219i sus\u021bine, totodat\u0103, la nivel energetic procesele de auto-vindecare.<\/p>\n<p><strong><em>Efectul Esen\u021bei la Nivel Emo\u021bional: <\/em><\/strong>Celor c\u0103rora le lipse\u0219te \u021aintaura, sunt incapabili s\u0103 spun\u0103 &#8222;nu&#8221; \u00een cele mai multe cazuri. Ei \u00eencerc\u0103 prea mult s\u0103 mul\u021bumeasc\u0103 pe ceilal\u021bi neglij\u00e2ndu-\u0219i propriile sentimente \u0219i dorin\u021be. Astfel, se g\u0103sesc frecvent \u00een situa\u021bia de a fi &#8222;servitori&#8221;. Acest lucru ar putea face ca o persoan\u0103 s\u0103 copieze o alta cu o personalitate puternic\u0103 sau s\u0103 capituleze \u00een fa\u021ba persoanelor puternice sf\u00e2r\u0219ind similar condi\u021biei unui sclav (masochism). Esen\u021b\u0103 ajut\u0103 la \u00eent\u0103rirea voin\u021bei \u0219i personalit\u0103\u021bii noastre \u0219i ne reface puterea asupra noastr\u0103, pe care am pierdut-o.<\/p>\n<p><strong><em>Efectul Esen\u021bei la Nivel Mental: <\/em><\/strong>Cu esen\u021ba \u021aintaurei ne putem \u00eent\u0103ri voin\u021ba pentru a ne urma obiectivele personale. Ne ofer\u0103 for\u021ba necesar\u0103 de a stabili limitele cu ceilal\u021bi, promoveaz\u0103 o comunicare clar\u0103 \u0219i importan\u021ba de a merge pe propriile noastre c\u0103r\u0103ri, ne va ajuta s\u0103 ne p\u0103str\u0103m propriile opinii, chiar \u0219i atunci unul trebuie s\u0103 facem fa\u021ba opozi\u021biei altora.<\/p>\n<p><strong><em>Efectul Esen\u021bei la Nivel Spiritual: <\/em><\/strong>Esen\u021ba ne ajut\u0103 la servirea vie\u021bii \u0219i nu a individului. Ob\u021binem informa\u021bii despre cum ne putem elibera de ghearele altora pentru a deveni deschi\u0219i propriei intui\u021bii. Esen\u021ba ne ajut\u0103 \u00een procesul de dezvoltare \u0219i favorizeaz\u0103 evolu\u021bia personal\u0103. Sim\u021bim din ce \u00een ce mai mult cum ne umplem spa\u021biul interior \u0219i cum cre\u0219te puterea de a merge pe calea noastr\u0103.<\/p>\n<p><strong><em>Afirma\u021bia: <\/em><\/strong>Sunt puternic\/\u0103 \u0219i eliberat\/\u0103 de puterea, pe care alte persoane o au asupra mea. Drumul meu este clar \u0219i \u00eel urmez cu o imens\u0103 fericire \u0219i sunt con\u0219tient\/\u0103 de mine.<\/p>\n","protected":false},"excerpt":{"rendered":"<p>(Centaurium umbellatum) Numele acestei plante provine de la figura mitologic\u0103 a centaurului Chiron. \u021bintaura cre\u0219te ascuns\u0103 la marginea p\u0103durilor, p\u0103\u0219unilor \u0219i p\u0103m\u00e2nturilor necultivate, \u00ee\u0219i schimb\u0103 loca\u021bia de la an la an, prefer\u0103 solurile uscate, dar nu prea acide. Planta ajunge p\u00e2n\u0103 la 50 de cm \u00een\u0103l\u021bime. Frunzele eliptice sunt dispuse opus \u00een perechi. Florile sale &hellip; <a href=\"https:\/\/esentevibrationale.com\/?product=centaury-tintaura\" class=\"more-link\">Continu\u0103 lectura <span class=\"screen-reader-text\">Centaury \/ \u0162intaur\u0103<\/span> <span class=\"meta-nav\">&rarr;<\/span><\/a><\/p>\n","protected":false},"featured_media":1054,"template":"","meta":[],"product_brand":[],"product_cat":[20],"product_tag":[],"class_list":{"0":"post-1051","1":"product","2":"type-product","3":"status-publish","4":"has-post-thumbnail","6":"product_cat-esente-de-flori-clasice-bach","7":"pa_size-15ml","8":"pa_size-30ml","10":"first","11":"instock","12":"shipping-taxable","13":"purchasable","14":"product-type-variable","15":"has-default-attributes"},"_links":{"self":[{"href":"https:\/\/esentevibrationale.com\/index.php?rest_route=\/wp\/v2\/product\/1051","targetHints":{"allow":["GET"]}}],"collection":[{"href":"https:\/\/esentevibrationale.com\/index.php?rest_route=\/wp\/v2\/product"}],"about":[{"href":"https:\/\/esentevibrationale.com\/index.php?rest_route=\/wp\/v2\/types\/product"}],"wp:featuredmedia":[{"embeddable":true,"href":"https:\/\/esentevibrationale.com\/index.php?rest_route=\/wp\/v2\/media\/1054"}],"wp:attachment":[{"href":"https:\/\/esentevibrationale.com\/index.php?rest_route=%2Fwp%2Fv2%2Fmedia&parent=1051"}],"wp:term":[{"taxonomy":"product_brand","embeddable":true,"href":"https:\/\/esentevibrationale.com\/index.php?rest_route=%2Fwp%2Fv2%2Fproduct_brand&post=1051"},{"taxonomy":"product_cat","embeddable":true,"href":"https:\/\/esentevibrationale.com\/index.php?rest_route=%2Fwp%2Fv2%2Fproduct_cat&post=1051"},{"taxonomy":"product_tag","embeddable":true,"href":"https:\/\/esentevibrationale.com\/index.php?rest_route=%2Fwp%2Fv2%2Fproduct_tag&post=1051"}],"curies":[{"name":"wp","href":"https:\/\/api.w.org\/{rel}","templated":true}]}}