{"id":1059,"date":"2018-10-31T10:00:55","date_gmt":"2018-10-31T09:00:55","guid":{"rendered":"http:\/\/phiessences.com\/Romania\/?post_type=product&#038;p=1059"},"modified":"2025-12-30T18:16:03","modified_gmt":"2025-12-30T16:16:03","slug":"cherry-plum-corcodus-rosu","status":"publish","type":"product","link":"https:\/\/esentevibrationale.com\/?product=cherry-plum-corcodus-rosu","title":{"rendered":"Cherry Plum  \/ Corcodu\u015f Ro\u015fu"},"content":{"rendered":"<p><strong>(Prunus cerasifera) <\/strong><\/p>\n<p><em>Corcodu\u0219ul Ro\u0219u ajunge p\u00e2n\u0103 la 8 m \u00een\u0103l\u021bime. Are o siluet\u0103 alungit\u0103 \u0219i o coroan\u0103 rotund\u0103. Poate fi g\u0103sit din Balcani de-a lungul Europei Centrale. Adesea formeaz\u0103 garduri vii. Frunzele ovale sunt crestate \u0219i au \u00eentre 2 &#8211; 3 cm lungime. Florile delicate, de culoare alb\u0103, \u00eenfloresc \u00eentre lunile februarie \u0219i aprilie \u0219i cresc acolo unde \u00eenmuguresc frunzele.<\/em><\/p>\n<p><strong><em>Efectul Esen\u021bei: <\/em><\/strong>Esen\u021ba Corcodu\u0219ului Ro\u0219u este potrivit\u0103 pentru situa\u021biile acute \u00een care suntem sub o presiune mare \u0219i avem senza\u021bia c\u0103 suntem \u00een punctul de a exploda. Esen\u021ba Corcodu\u0219ului Ro\u0219u este una din esen\u021bele care fac parte din remediile de urgen\u021b\u0103.<\/p>\n<p><strong><em>Efectul Esen\u021bei la Nivel Fizic: <\/em><\/strong>Tensiunea mental\u0103, interioar\u0103, compulsiile, fricile, etc. deriv\u0103 frecvent de la lipsa Corcodu\u0219ului Ro\u0219u. La nivel energetic favorizeaz\u0103 o relaxare holistic\u0103 \u0219i \u00een consecin\u021b\u0103 dispar \u0219i inconvenientele corporale. Aplicarea sa ex- tern\u0103: \u00een creme, fiole, \u00een m\u0103\u0219ti, are un efect energetic de calmarea afec\u021biunilor pielii.<\/p>\n<p><strong><em>Efectul Esen\u021bei la Nivel Emo\u021bional: <\/em><\/strong>Starea emo\u021bional\u0103 este caracterizat\u0103 de disperare, depresie, frica de ac\u021biuni de scurtcircuit sau de a face ceva gre\u0219it. Tensiunea este adesea at\u00e2t de puternic\u0103 \u00eenc\u00e2t \u021bi-ai dori &#8222;s\u0103 sari din pielea ta&#8221; \u0219i s\u0103 explodezi. Te ui\u021bi asupra problemelor tale dintr-un punct de vedere \u00eenchis \u0219i te supui pe tine \u00eensu\u021bi propriei exigen\u021be. \u00cen astfel de situa\u021bii, esen\u021ba promoveaz\u0103 calmitatea, relaxarea \u0219i serenitatea \u00een momentele de stres. Ne rec\u0103p\u0103t\u0103m energia \u0219i curajul, de care avem nevoie, pentru a face fa\u021b\u0103 suferin\u021belor at\u00e2t celor mentale c\u00e2t \u0219i celor corporale. Esen\u021b\u0103 este recomandat\u0103 ca o m\u0103sur\u0103 de profilaxie \u00een cazul \u00eencerc\u0103rilor de suicid.<\/p>\n<p><strong><em>Efectul Esen\u021bei la Nivel Mental: <\/em><\/strong>Esen\u021ba ne aduce calmitate \u00een majoritatea situa\u021biilor. Astfel, vom putea recunoa\u0219te care elemente sunt nocive pentru noi, s\u0103 le evit\u0103m \u0219i s\u0103 nu mai exager\u0103m. Dac\u0103 lu\u0103m esen\u021ba \u00eenainte de a determina tratamentul, ne va ajuta s\u0103 ne p\u0103str\u0103m mintea limpede \u0219i men\u021bine o imagine de ansamblu asupra situa\u021biei.<\/p>\n<p><strong><em>Efectul Esen\u021bei la Nivel Spiritual: <\/em><\/strong>Esen\u021ba ofer\u0103 capacitatea de a prelua \u0219i prelucra impulsurile din subcon\u0219tient, \u00een loc s\u0103 le reprime. Este mai u\u0219or s\u0103 ajungem la o stare de relaxare sau meditare, fiindc\u0103 ne ajut\u0103 s\u0103 dep\u0103\u0219im violen\u021ba interioar\u0103. Calmitatea \u0219i claritatea ne \u00eent\u0103resc personalitatea. Poverile mentale \u0219i psihice sunt abandonate \u0219i spiritul nu mai sufer\u0103 drame.<\/p>\n<p><strong><em>Afirma\u021bia: <\/em><\/strong>Sunt calm\/\u0103 \u0219i m\u0103 simt sigur\/\u0103 pe mine. Este u\u0219or s\u0103 \u00eemi controlez st\u0103rile diferite ale sufletului meu.<\/p>\n","protected":false},"excerpt":{"rendered":"<p>(Prunus cerasifera) Corcodu\u0219ul Ro\u0219u ajunge p\u00e2n\u0103 la 8 m \u00een\u0103l\u021bime. Are o siluet\u0103 alungit\u0103 \u0219i o coroan\u0103 rotund\u0103. Poate fi g\u0103sit din Balcani de-a lungul Europei Centrale. Adesea formeaz\u0103 garduri vii. Frunzele ovale sunt crestate \u0219i au \u00eentre 2 &#8211; 3 cm lungime. Florile delicate, de culoare alb\u0103, \u00eenfloresc \u00eentre lunile februarie \u0219i aprilie \u0219i &hellip; <a href=\"https:\/\/esentevibrationale.com\/?product=cherry-plum-corcodus-rosu\" class=\"more-link\">Continu\u0103 lectura <span class=\"screen-reader-text\">Cherry Plum  \/ Corcodu\u015f Ro\u015fu<\/span> <span class=\"meta-nav\">&rarr;<\/span><\/a><\/p>\n","protected":false},"featured_media":1062,"template":"","meta":[],"product_brand":[],"product_cat":[20],"product_tag":[],"class_list":{"0":"post-1059","1":"product","2":"type-product","3":"status-publish","4":"has-post-thumbnail","6":"product_cat-esente-de-flori-clasice-bach","7":"pa_size-15ml","8":"pa_size-30ml","10":"first","11":"instock","12":"shipping-taxable","13":"purchasable","14":"product-type-variable","15":"has-default-attributes"},"_links":{"self":[{"href":"https:\/\/esentevibrationale.com\/index.php?rest_route=\/wp\/v2\/product\/1059","targetHints":{"allow":["GET"]}}],"collection":[{"href":"https:\/\/esentevibrationale.com\/index.php?rest_route=\/wp\/v2\/product"}],"about":[{"href":"https:\/\/esentevibrationale.com\/index.php?rest_route=\/wp\/v2\/types\/product"}],"wp:featuredmedia":[{"embeddable":true,"href":"https:\/\/esentevibrationale.com\/index.php?rest_route=\/wp\/v2\/media\/1062"}],"wp:attachment":[{"href":"https:\/\/esentevibrationale.com\/index.php?rest_route=%2Fwp%2Fv2%2Fmedia&parent=1059"}],"wp:term":[{"taxonomy":"product_brand","embeddable":true,"href":"https:\/\/esentevibrationale.com\/index.php?rest_route=%2Fwp%2Fv2%2Fproduct_brand&post=1059"},{"taxonomy":"product_cat","embeddable":true,"href":"https:\/\/esentevibrationale.com\/index.php?rest_route=%2Fwp%2Fv2%2Fproduct_cat&post=1059"},{"taxonomy":"product_tag","embeddable":true,"href":"https:\/\/esentevibrationale.com\/index.php?rest_route=%2Fwp%2Fv2%2Fproduct_tag&post=1059"}],"curies":[{"name":"wp","href":"https:\/\/api.w.org\/{rel}","templated":true}]}}