{"id":1064,"date":"2018-10-31T10:07:10","date_gmt":"2018-10-31T09:07:10","guid":{"rendered":"http:\/\/phiessences.com\/Romania\/?post_type=product&#038;p=1064"},"modified":"2025-12-30T18:16:51","modified_gmt":"2025-12-30T16:16:51","slug":"chestnut-bud-castan-salbatic","status":"publish","type":"product","link":"https:\/\/esentevibrationale.com\/?product=chestnut-bud-castan-salbatic","title":{"rendered":"Chestnut Bud \/ Mugure de Castan"},"content":{"rendered":"<p><strong>(Aesculus hippocastanum)<\/strong><\/p>\n<p><em>Castanul este un copac impun\u0103tor care poate ajunge p\u00e2n\u0103 la 30 de m \u00een\u0103l\u021bime. Se g\u0103se\u0219te cel mai mult \u00een Europa. Mugurii de Castan se afl\u0103 la sf\u00e2r\u0219itul l\u0103starilor. Florile \u0219i frunzele sale sunt \u00een interiorul mugurilor care se deschid \u00een luna aprilie.<\/em><\/p>\n<p><strong><em>Efectul Esen\u021bei: <\/em><\/strong>Esen\u021ba Mugurelui de Castan ne ajut\u0103 s\u0103 identific\u0103m procesele de \u00eenv\u0103\u021bare \u0219i s\u0103 le integr\u0103m. \u00cen acest mod ne deschidem experien\u021belor noi \u0219i ne dezvolt\u0103m poten\u021bialul propriu.<\/p>\n<p><strong><em>Efectul Esen\u021bei la Nivel Fizic: <\/em><\/strong>Esen\u021ba Mugurelui de Castan poate fi utilizat\u0103 ca un remediu energetic pentru atacurile recurente periodice ale problemelor pielii sau ale afec\u021biunilor similare crampelor.<\/p>\n<p><strong><em>Efectul Esen\u021bei la Nivel Emo\u021bional: <\/em><\/strong>Adesea cineva se simte ca un &#8222;infractor repetent&#8221;, fiindc\u0103 face acelea\u0219i gre\u0219eli, tr\u0103ie\u0219ti acelea\u0219i situa\u021bii \u0219i are acelea\u0219i sentimente \u0219i dureri. Esen\u021ba ne ajut\u0103 s\u0103 rupem obiceiurile repetitive. Dac\u0103 p\u00e2n\u0103 acum eram limita\u021bi de triste\u021be, acum suntem capabili s\u0103 vedem c\u0103i, feluri de g\u00e2ndire \u0219i scopuri noi.<\/p>\n<p><strong><em>Efectul Esen\u021bei la Nivel Mental: <\/em><\/strong>Esen\u021ba Mugurului de Castan este necesar\u0103 c\u00e2nd persoana face acelea\u0219i gre\u0219eli \u00een mod repetat \u0219i acest lucru se datoreaz\u0103 faptului c\u0103 aceste experien\u021be nu au fost procesate \u00een mod convenabil \u0219i astfel, nu \u00eenv\u0103\u021b\u0103m din ele suficient. Blocajele \u00een \u00eenv\u0103\u021barea, lipsa aten\u021biei, a memoriei, frica de examene, sunt unele din caracteristicile care denot\u0103 necesitatea esen\u021bei. Totodat\u0103, vom deveni mai deschi\u0219i la minte, ne vom \u00eembun\u0103t\u0103\u021bi abilit\u0103\u021bile de \u00eenv\u0103\u021bare \u0219i \u00een acela\u0219i timp, vom fi capabili s\u0103 le transmitem \u0219i vom fi mai calmi \u0219i r\u0103bd\u0103tori. Esen\u021b\u0103 ne va fi de mare ajutor atunci c\u00e2nd ne preg\u0103tim pentru examen, fiindc\u0103 \u00eencurajeaz\u0103 perseveren\u021ba \u0219i predispozi\u021bia de a pune \u00een practic\u0103 ceea ce am \u00eenv\u0103\u021bat.<\/p>\n<p><strong><em>Efectul Esen\u021bei la Nivel Spiritual: <\/em><\/strong>Esen\u021ba favorizeaz\u0103 procesele cognitive. Persoana realizeaz\u0103 c\u0103 poate \u00eenv\u0103\u021ba din gre\u0219elile sale, se vede sensul \u0219i beneficiile gre\u0219elilor \u00een procesul de \u00eenv\u0103\u021bare. Tr\u0103ie\u0219te \u00een prezent mult mai intens \u0219i este capabil\u0103 s\u0103 \u00ee\u0219i ia timpul necesar pentru a \u00een\u021belege \u0219i a procesa situa\u021bia \u00eenainte s\u0103 \u00ee\u0219i stabileasc\u0103 noi obiective. \u00cen modul \u00een care progres\u0103m, a\u0219a devenim capabili s\u0103 identific\u0103m via\u021ba \u0219i sarcina de a \u00eenv\u0103\u021ba \u0219i \u00eenv\u0103\u021b\u0103m s\u0103 o accept\u0103m.<\/p>\n<p><strong><em>Afirma\u021bia: <\/em><\/strong>Profit de experien\u021bele trecutului fericit\/\u0103 \u00eenv\u0103\u021b concepte noi \u0219i \u00eemi stabilesc viitorul.<\/p>\n","protected":false},"excerpt":{"rendered":"<p>(Aesculus hippocastanum) Castanul este un copac impun\u0103tor care poate ajunge p\u00e2n\u0103 la 30 de m \u00een\u0103l\u021bime. Se g\u0103se\u0219te cel mai mult \u00een Europa. Mugurii de Castan se afl\u0103 la sf\u00e2r\u0219itul l\u0103starilor. Florile \u0219i frunzele sale sunt \u00een interiorul mugurilor care se deschid \u00een luna aprilie. Efectul Esen\u021bei: Esen\u021ba Mugurelui de Castan ne ajut\u0103 s\u0103 identific\u0103m &hellip; <a href=\"https:\/\/esentevibrationale.com\/?product=chestnut-bud-castan-salbatic\" class=\"more-link\">Continu\u0103 lectura <span class=\"screen-reader-text\">Chestnut Bud \/ Mugure de Castan<\/span> <span class=\"meta-nav\">&rarr;<\/span><\/a><\/p>\n","protected":false},"featured_media":1067,"template":"","meta":[],"product_brand":[],"product_cat":[20],"product_tag":[],"class_list":{"0":"post-1064","1":"product","2":"type-product","3":"status-publish","4":"has-post-thumbnail","6":"product_cat-esente-de-flori-clasice-bach","7":"pa_size-15ml","8":"pa_size-30ml","10":"first","11":"instock","12":"shipping-taxable","13":"purchasable","14":"product-type-variable","15":"has-default-attributes"},"_links":{"self":[{"href":"https:\/\/esentevibrationale.com\/index.php?rest_route=\/wp\/v2\/product\/1064","targetHints":{"allow":["GET"]}}],"collection":[{"href":"https:\/\/esentevibrationale.com\/index.php?rest_route=\/wp\/v2\/product"}],"about":[{"href":"https:\/\/esentevibrationale.com\/index.php?rest_route=\/wp\/v2\/types\/product"}],"wp:featuredmedia":[{"embeddable":true,"href":"https:\/\/esentevibrationale.com\/index.php?rest_route=\/wp\/v2\/media\/1067"}],"wp:attachment":[{"href":"https:\/\/esentevibrationale.com\/index.php?rest_route=%2Fwp%2Fv2%2Fmedia&parent=1064"}],"wp:term":[{"taxonomy":"product_brand","embeddable":true,"href":"https:\/\/esentevibrationale.com\/index.php?rest_route=%2Fwp%2Fv2%2Fproduct_brand&post=1064"},{"taxonomy":"product_cat","embeddable":true,"href":"https:\/\/esentevibrationale.com\/index.php?rest_route=%2Fwp%2Fv2%2Fproduct_cat&post=1064"},{"taxonomy":"product_tag","embeddable":true,"href":"https:\/\/esentevibrationale.com\/index.php?rest_route=%2Fwp%2Fv2%2Fproduct_tag&post=1064"}],"curies":[{"name":"wp","href":"https:\/\/api.w.org\/{rel}","templated":true}]}}