{"id":1068,"date":"2018-10-31T10:23:04","date_gmt":"2018-10-31T09:23:04","guid":{"rendered":"http:\/\/phiessences.com\/Romania\/?post_type=product&#038;p=1068"},"modified":"2025-12-30T18:17:46","modified_gmt":"2025-12-30T16:17:46","slug":"chicory-cicoare","status":"publish","type":"product","link":"https:\/\/esentevibrationale.com\/?product=chicory-cicoare","title":{"rendered":"Chicory \/ Cicoare"},"content":{"rendered":"<p><strong>(Cichorium intybus) <\/strong><\/p>\n<p><em>Cicoarea cre\u0219te pe soluri pietroase \u0219i nisipoase \u00een special pe partea \u0219oselelor. Poate atinge 1 m \u00een\u0103l\u021bime \u0219i florile sale sunt albastre, \u00een forma de stea \u0219i se deschid doar atunci c\u00e2nd soarele le atinge, \u00een special, diminea\u021ba din luna iulie p\u00e2n\u0103 \u00een luna septembrie.<\/em><\/p>\n<p><strong><em>Efectul Esen\u021bei: <\/em><\/strong>Esen\u021ba Cicorii \u00een general promoveaz\u0103 iubirea necondi\u021bionat\u0103 \u0219i asta ne ajut\u0103 s\u0103 sc\u0103p\u0103m de a\u0219tept\u0103rile pe care le avem de la ceilal\u021bi. Poate fi folosit\u0103 atunci c\u00e2nd o persoan\u0103 se confrunt\u0103 cu problema salvator-victim\u0103, cu probleme cu familia \u0219i cu blocaje energetice.<\/p>\n<p><strong><em>Efectul Esen\u021bei la Nivel Fizic: <\/em><\/strong>Esen\u021ba de Cicoare este recomandat\u0103 c\u00e2nd tendin\u021ba de a-i proteja pe ceilal\u021bi sau posesivitatea este exteriorizat\u0103 la nivel fizic ca invidie, autocomp\u0103timire, etc. Esen\u021ba ne ajut\u0103 din punct de vedere energetic s\u0103 recunoa\u0219tem fondul spiritual al problemelor \u0219i s\u0103 le trat\u0103m, astfel ajungem la o \u00eembun\u0103t\u0103\u021bire la nivel fizic.<\/p>\n<p><em><strong>Efectul Esen\u021bei la Nivel Emo\u021bional: <\/strong><\/em>Cei c\u0103rora le lipse\u0219te aceast\u0103 esen\u021b\u0103 floral\u0103, adesea se g\u0103sesc \u00een situa\u021bia de a vrea s\u0103 fac\u0103 ceva pentru alte persoane, dar acolo nu exist\u0103 nici recuno\u0219tin\u021b\u0103, nici recunoa\u0219tere. \u00cen cele din urm\u0103, persoana \u00eencearc\u0103 s\u0103 ob\u021bin\u0103 afec\u021biunea t\u00e2njit\u0103 prin dezam\u0103gire, lacrimi, autocomp\u0103timire simul\u00e2nd o afec\u021biune sau fiind emo\u021bional\u0103. Esen\u021ba ne ajut\u0103 s\u0103 dezvolt\u0103m o iubire de sine s\u0103n\u0103toas\u0103 \u0219i s\u0103 \u00eencet\u0103m s\u0103 c\u0103ut\u0103m iubirea afar\u0103.<\/p>\n<p><strong><em>Efectul Esen\u021bei la Nivel Mental<\/em><\/strong>: Esen\u021ba ne \u00eencurajeaz\u0103 s\u0103 g\u00e2ndim &#8222;independent&#8221;. G\u00e2ndurile noastre nu mai sunt condi\u021bionate de speran\u021ba de a g\u0103si afec\u021biunea celorlal\u021bi, \u00eens\u0103 g\u0103sim iubirea \u0219i afec\u021biunea \u00een interiorul nostru. Adesea esen\u021b\u0103 este benefic\u0103 acelor care au profesii de vindecare sau sociale. Problemele sunt rezolvate c\u00e2nd persoana poate s\u0103 fac\u0103 ceva pentru ea \u0219i \u00eenva\u021b\u0103 s\u0103 se iubeasc\u0103.<\/p>\n<p><strong><em>Efectul Esen\u021bei la Nivel Spiritual: <\/em><\/strong>Esen\u021ba deschide pieptul \u0219i inima spre o capacitate superioara de serenitate. Un sentiment de st\u0103p\u00e2nire de sine se dezvolt\u0103 \u00een noi, care ne arat\u0103 iubirea adev\u0103rat\u0103 necondi\u021bionat\u0103. Astfel, putem oferi protec\u021bie celorlal\u021bi f\u0103r\u0103 a fi cople\u0219itori. Leg\u0103turi mam\u0103-fiu se reafirm\u0103 cu esen\u021ba. \u00cen\u021belegem c\u0103 iubirea nu poate fi cump\u0103rat\u0103 \u0219i c\u0103 trebuie s\u0103 respect\u0103m libertatea \u0219i individualitatea altora pentru a p\u0103stra iubirea.<\/p>\n<p><strong><em>Afirma\u021bia: <\/em><\/strong>V\u0103 eliberez, astfel fiecare \u00ee\u0219i poate dezvolta planul personal de via\u021b\u0103. Ofer iubire altruist\u0103 \u0219i accept ce primesc.<\/p>\n","protected":false},"excerpt":{"rendered":"<p>(Cichorium intybus) Cicoarea cre\u0219te pe soluri pietroase \u0219i nisipoase \u00een special pe partea \u0219oselelor. Poate atinge 1 m \u00een\u0103l\u021bime \u0219i florile sale sunt albastre, \u00een forma de stea \u0219i se deschid doar atunci c\u00e2nd soarele le atinge, \u00een special, diminea\u021ba din luna iulie p\u00e2n\u0103 \u00een luna septembrie. Efectul Esen\u021bei: Esen\u021ba Cicorii \u00een general promoveaz\u0103 iubirea &hellip; <a href=\"https:\/\/esentevibrationale.com\/?product=chicory-cicoare\" class=\"more-link\">Continu\u0103 lectura <span class=\"screen-reader-text\">Chicory \/ Cicoare<\/span> <span class=\"meta-nav\">&rarr;<\/span><\/a><\/p>\n","protected":false},"featured_media":1071,"template":"","meta":[],"product_brand":[],"product_cat":[20],"product_tag":[],"class_list":{"0":"post-1068","1":"product","2":"type-product","3":"status-publish","4":"has-post-thumbnail","6":"product_cat-esente-de-flori-clasice-bach","7":"pa_size-15ml","8":"pa_size-30ml","10":"first","11":"instock","12":"shipping-taxable","13":"purchasable","14":"product-type-variable","15":"has-default-attributes"},"_links":{"self":[{"href":"https:\/\/esentevibrationale.com\/index.php?rest_route=\/wp\/v2\/product\/1068","targetHints":{"allow":["GET"]}}],"collection":[{"href":"https:\/\/esentevibrationale.com\/index.php?rest_route=\/wp\/v2\/product"}],"about":[{"href":"https:\/\/esentevibrationale.com\/index.php?rest_route=\/wp\/v2\/types\/product"}],"wp:featuredmedia":[{"embeddable":true,"href":"https:\/\/esentevibrationale.com\/index.php?rest_route=\/wp\/v2\/media\/1071"}],"wp:attachment":[{"href":"https:\/\/esentevibrationale.com\/index.php?rest_route=%2Fwp%2Fv2%2Fmedia&parent=1068"}],"wp:term":[{"taxonomy":"product_brand","embeddable":true,"href":"https:\/\/esentevibrationale.com\/index.php?rest_route=%2Fwp%2Fv2%2Fproduct_brand&post=1068"},{"taxonomy":"product_cat","embeddable":true,"href":"https:\/\/esentevibrationale.com\/index.php?rest_route=%2Fwp%2Fv2%2Fproduct_cat&post=1068"},{"taxonomy":"product_tag","embeddable":true,"href":"https:\/\/esentevibrationale.com\/index.php?rest_route=%2Fwp%2Fv2%2Fproduct_tag&post=1068"}],"curies":[{"name":"wp","href":"https:\/\/api.w.org\/{rel}","templated":true}]}}