{"id":1072,"date":"2018-10-31T11:46:05","date_gmt":"2018-10-31T10:46:05","guid":{"rendered":"http:\/\/phiessences.com\/Romania\/?post_type=product&#038;p=1072"},"modified":"2025-12-30T18:35:59","modified_gmt":"2025-12-30T16:35:59","slug":"crab-apple-mar","status":"publish","type":"product","link":"https:\/\/esentevibrationale.com\/?product=crab-apple-mar","title":{"rendered":"Crab Apple \/ M\u0103r  P\u0103dure\u0163"},"content":{"rendered":"<p><strong>(Malus pumila) <\/strong><\/p>\n<p><em>Copacul M\u0103rului P\u0103dure\u021b cre\u0219te pe marginea drumurilor, paji\u0219tilor \u0219i locurilor libere din nordul Europei. Acest copac mic, cu o coroana rotund\u0103, ajunge p\u00e2n\u0103 la 10 m \u00een\u0103l\u021bime \u0219i frunzele sale ovale, delicate \u0219i zim\u021bate pot avea \u00eentre 4-5 cm. Florile \u0219i \u00eenfloresc simultan cu apari\u021bia frunzelor \u00een luna mai, mai devreme dec\u00e2t clasa nobil\u0103 de m\u0103r. Florile sale albe-roz au petalele \u00een for- m\u0103 de inim\u0103 sunt de aproximativ 25 mm \u0219i eman\u0103 un miros delicat \u0219i minunat.<\/em><\/p>\n<p><strong><em>Efectul Esen\u021bei: <\/em><\/strong>Esen\u021ba M\u0103rului P\u0103dure\u021b favorizeaz\u0103 procesul de cur\u0103\u021bare al corpului, atunci c\u00e2nd ne sim\u021bim murdari \u00een interiorul nostru sau c\u00e2nd ne este fric\u0103 s\u0103 nu fim infecta\u021bi.<\/p>\n<p><strong><em>Efectul Esen\u021bei la Nivel Fizic: <\/em><\/strong>Dup\u0103 ce a fost folosit\u0103 aceast\u0103 esen\u021ba, problemele corpului care vin acompaniate de sentimentul tr\u0103it de impuritate sau intoxicare, cap\u0103t\u0103 o \u00eembun\u0103t\u0103\u021bire energetic\u0103. Exist\u0103 o necesitate crescut\u0103 de eliminare, pe care aceast\u0103 esen\u021ba o sprijin\u0103 la nivel energetic. Transmite un sentiment de puritate fizic\u0103 \u0219i de s\u0103n\u0103tate. Dup\u0103 o perioad\u0103 \u00een care a fost consumat\u0103 m\u00e2ncare nes\u0103n\u0103toas\u0103 sau ingerate medicamente, esen\u021ba ne ajut\u0103 s\u0103 ne sim\u021bim mai bine. Este recomandat\u0103 celor care lucreaz\u0103 cu persoanele bolnave \u0219i le este fric\u0103 s\u0103 nu fie infecta\u021bi.<\/p>\n<p><strong><em>Efectul Esen\u021bei la Nivel Emo\u021bional: <\/em><\/strong>Esen\u021ba ne ajut\u0103 s\u0103 dep\u0103\u0219im sentimentele de aversiune, de a ne gr\u0103bi s\u0103 ne sp\u0103l\u0103m \u0219i de o sexualitate neconfortabil\u0103 (c\u00e2nd sexualitatea este considerat\u0103 ceva murdar). \u00cen mod similar fricile \u0219i maniile, c\u0103 putem fi infecta\u021bi, pot fi eliminate. Aceast\u0103 esen\u021b\u0103 ne ajut\u0103 s\u0103 ne accept\u0103m pe noi \u00een\u0219ine a\u0219a cum suntem. Corpul nu mai este perceput ca fiind ceva nepl\u0103cut \u0219i astfel, aversiunea fa\u021b\u0103 de el se va reduce.<\/p>\n<p><strong><em>Efectul Esen\u021bei la Nivel Mental: <\/em><\/strong>Persoanele ale c\u0103ror g\u00e2nduri se concentreaz\u0103 pe cur\u0103\u021benia proprie \u0219i a tot ce \u00eei \u00eenconjoar\u0103 vor experimenta o eliberare cu aceast\u0103 esen\u021b\u0103. G\u00e2ndurile, care altfel s-ar fi rotit \u00een jurul detaliilor, dezgustului \u0219i temerilor de impurit\u0103\u021bi de tot felul, sunt eliberate \u0219i creeaz\u0103 spa\u021biu pentru noi structuri \u0219i atitudini.<\/p>\n<p><strong><em>Efectul Esen\u021bei la Nivel Spiritual: <\/em><\/strong>Esen\u021ba ne permite s\u0103 ob\u021binem emo\u021bii s\u0103n\u0103toase despre cur\u0103\u021barea corpului \u0219i a sufletului prin diet\u0103 \u0219i g\u00e2ndire. Putem accepta imperfec\u021biunea, f\u0103r\u0103 s\u0103 ne sacrific\u0103m pe noi \u00een\u0219ine. Esen\u021ba aliniaz\u0103 persoana cu corpul s\u0103u. Nu mai suntem a\u0219a u\u0219or de bulversat.<\/p>\n<p><strong><em>Afirma\u021bia: <\/em><\/strong>Elimin tot ce este \u00eentunecat \u0219i impur, pe care \u00eel port \u00een interiorul meu \u0219i inspir claritate, puritate \u0219i optimism. M\u0103 purific \u00een interior \u0219i pe exterior.<\/p>\n","protected":false},"excerpt":{"rendered":"<p>(Malus pumila) Copacul M\u0103rului P\u0103dure\u021b cre\u0219te pe marginea drumurilor, paji\u0219tilor \u0219i locurilor libere din nordul Europei. Acest copac mic, cu o coroana rotund\u0103, ajunge p\u00e2n\u0103 la 10 m \u00een\u0103l\u021bime \u0219i frunzele sale ovale, delicate \u0219i zim\u021bate pot avea \u00eentre 4-5 cm. Florile \u0219i \u00eenfloresc simultan cu apari\u021bia frunzelor \u00een luna mai, mai devreme dec\u00e2t clasa &hellip; <a href=\"https:\/\/esentevibrationale.com\/?product=crab-apple-mar\" class=\"more-link\">Continu\u0103 lectura <span class=\"screen-reader-text\">Crab Apple \/ M\u0103r  P\u0103dure\u0163<\/span> <span class=\"meta-nav\">&rarr;<\/span><\/a><\/p>\n","protected":false},"featured_media":13581,"template":"","meta":[],"product_brand":[],"product_cat":[20],"product_tag":[],"class_list":{"0":"post-1072","1":"product","2":"type-product","3":"status-publish","4":"has-post-thumbnail","6":"product_cat-esente-de-flori-clasice-bach","7":"pa_size-15ml","8":"pa_size-30ml","10":"first","11":"instock","12":"shipping-taxable","13":"purchasable","14":"product-type-variable","15":"has-default-attributes"},"_links":{"self":[{"href":"https:\/\/esentevibrationale.com\/index.php?rest_route=\/wp\/v2\/product\/1072","targetHints":{"allow":["GET"]}}],"collection":[{"href":"https:\/\/esentevibrationale.com\/index.php?rest_route=\/wp\/v2\/product"}],"about":[{"href":"https:\/\/esentevibrationale.com\/index.php?rest_route=\/wp\/v2\/types\/product"}],"wp:featuredmedia":[{"embeddable":true,"href":"https:\/\/esentevibrationale.com\/index.php?rest_route=\/wp\/v2\/media\/13581"}],"wp:attachment":[{"href":"https:\/\/esentevibrationale.com\/index.php?rest_route=%2Fwp%2Fv2%2Fmedia&parent=1072"}],"wp:term":[{"taxonomy":"product_brand","embeddable":true,"href":"https:\/\/esentevibrationale.com\/index.php?rest_route=%2Fwp%2Fv2%2Fproduct_brand&post=1072"},{"taxonomy":"product_cat","embeddable":true,"href":"https:\/\/esentevibrationale.com\/index.php?rest_route=%2Fwp%2Fv2%2Fproduct_cat&post=1072"},{"taxonomy":"product_tag","embeddable":true,"href":"https:\/\/esentevibrationale.com\/index.php?rest_route=%2Fwp%2Fv2%2Fproduct_tag&post=1072"}],"curies":[{"name":"wp","href":"https:\/\/api.w.org\/{rel}","templated":true}]}}