{"id":1076,"date":"2018-10-31T11:50:26","date_gmt":"2018-10-31T10:50:26","guid":{"rendered":"http:\/\/phiessences.com\/Romania\/?post_type=product&#038;p=1076"},"modified":"2025-12-30T18:37:11","modified_gmt":"2025-12-30T16:37:11","slug":"elm-ulm","status":"publish","type":"product","link":"https:\/\/esentevibrationale.com\/?product=elm-ulm","title":{"rendered":"Elm \/ Ulm"},"content":{"rendered":"<p><strong>(Ulmus scabra)<\/strong><\/p>\n<p><em>Ulmul poate fi g\u0103sit \u00een p\u0103duri sau sigur, adesea \u00eei putem g\u0103si \u0219i \u00een garduri vii. Acest copac cu trunchiul solid (puterea) \u0219i ramurile delicate (sensibilitatea) poate ajunge p\u00e2n\u0103 la 25 m \u00een\u0103l\u021bime. Are frunzele zim\u021bate \u0219i p\u0103roase. \u00cenflore\u0219te foarte devreme \u00een lunile februarie \u0219i martie. Florile sale minuscule sunt verzi cu marginile ro\u0219ii. Florile \u0219i fructele apar \u00eenaintea mugurilor frunzelor.<\/em><\/p>\n<p><strong><em>Efectul Esen\u021bei: <\/em><\/strong>Esen\u021ba Ulmului stimuleaz\u0103 sim\u021bul responsabilit\u0103\u021bii \u0219i for\u021ba proprie, c\u00e2nd ne sim\u021bim dep\u0103\u0219i\u021bi de situa\u021bie. Ulmul promoveaz\u0103 energia necesar\u0103 pentru a accepta \u0219i a face fa\u021b\u0103 situa\u021biilor dificile cu curaj.<\/p>\n<p><strong><em>Efectul Esen\u021bei la Nivel Fizic: <\/em><\/strong>Cei care au sentimentul c\u0103 lucrurile \u00eei dep\u0103\u0219esc, adesea sunt atra\u0219i de esen\u021ba Ulmului. Este foarte util\u0103 atunci c\u00e2nd &#8222;\u00ee\u021bi tremur\u0103 genunchii&#8221; \u0219i exist\u0103 sentimentul de extenuare \u0219i neajutorare. Totodat\u0103, esen\u021ba este un remediu natural \u00een cazul problemelor corporale rezultate din excesul de responsabilit\u0103\u021bi. Ne ajut\u0103 s\u0103 avem o energie nou\u0103 de la baz\u0103, activeaz\u0103 sistemului imunitar.<\/p>\n<p><strong><em>Efectul Esen\u021bei la Nivel Emo\u021bional: <\/em><\/strong>C\u00e2nd exist\u0103 deficit de ulm, putem fi cople\u0219i\u021bi subit de sentimentul de incompeten\u021b\u0103 \u0219i de insuficien\u021b\u0103. \u00cens\u0103, ne impunem cereri \u00eenalte nou\u0103 \u00een\u0219ine, deci ne punem \u00een situa\u021bii cu o presiune psihic\u0103 extrem\u0103. Esen\u021ba d\u0103 o energie revigorant\u0103 \u00een astfel de situa\u021bii dure \u0219i chinuitoare. Ne ajut\u0103 s\u0103 ne asum\u0103m responsabilit\u0103\u021bile care vin spre noi cu mai pu\u021bin\u0103 greutate.<\/p>\n<p><strong><em>Efectul Esen\u021bei la Nivel Mental: <\/em><\/strong>Esen\u021ba sa aduce \u00eencredere \u00een sine \u0219i securitate interioar\u0103. Ne putem concentra g\u00e2ndirea proprie \u0219i a\u0219a putem profita de ea la momentul potrivit. Totodat\u0103, ne putem elibera de g\u00e2ndurile noastre pentru a atrage noi for\u021be \u00een aceast\u0103 eliberare \u0219i s\u0103 ne planific\u0103m ac\u021biunile cu mintea rece. Esen\u021ba \u00eent\u0103re\u0219te capacitatea de a fi re\u021binu\u021bi, s\u0103 prelu\u0103m doar ce putem face \u0219i s\u0103 ne stabilim priorit\u0103\u021bile. Ne accept\u0103m propriile capacit\u0103\u021bi, limitele, consim\u021bim s\u0103 ne odihnim, ca s\u0103 ne regener\u0103m constant. Este esen\u021ba securit\u0103\u021bii, fiabilit\u0103\u021bii, atitudinii altruiste, precum \u0219i a abilit\u0103\u021bilor de condu- cere \u00eembun\u0103t\u0103\u021bite \u0219i \u00eei ajut\u0103 pe cei care au multe responsabilit\u0103\u021bi.<\/p>\n<p><strong><em>Efectul Esen\u021bei la Nivel Spiritual: <\/em><\/strong>\u00cen fazele \u00een care standardele sunt ridicate, esen\u021ba ne ajut\u0103 s\u0103 ne g\u0103sim pe noi \u00een\u0219ine \u0219i for\u021ba noastr\u0103 spiritual\u0103. C\u00e2nd medit\u0103m esen\u021ba poate reface propriile &#8222;depozitele de energie&#8221; \u0219i putem g\u0103si o direc\u021bie clar\u0103 a ceea ce trebuie f\u0103cut.<\/p>\n<p><strong><em>Afirma\u021bia: <\/em><\/strong>Aud ghidarea interioar\u0103 \u0219i am energie pentru \u00eendeplinirea sarcinile.<\/p>\n","protected":false},"excerpt":{"rendered":"<p>(Ulmus scabra) Ulmul poate fi g\u0103sit \u00een p\u0103duri sau sigur, adesea \u00eei putem g\u0103si \u0219i \u00een garduri vii. Acest copac cu trunchiul solid (puterea) \u0219i ramurile delicate (sensibilitatea) poate ajunge p\u00e2n\u0103 la 25 m \u00een\u0103l\u021bime. Are frunzele zim\u021bate \u0219i p\u0103roase. \u00cenflore\u0219te foarte devreme \u00een lunile februarie \u0219i martie. Florile sale minuscule sunt verzi cu marginile &hellip; <a href=\"https:\/\/esentevibrationale.com\/?product=elm-ulm\" class=\"more-link\">Continu\u0103 lectura <span class=\"screen-reader-text\">Elm \/ Ulm<\/span> <span class=\"meta-nav\">&rarr;<\/span><\/a><\/p>\n","protected":false},"featured_media":13090,"template":"","meta":[],"product_brand":[],"product_cat":[20],"product_tag":[],"class_list":{"0":"post-1076","1":"product","2":"type-product","3":"status-publish","4":"has-post-thumbnail","6":"product_cat-esente-de-flori-clasice-bach","7":"pa_size-15ml","8":"pa_size-30ml","10":"first","11":"instock","12":"shipping-taxable","13":"purchasable","14":"product-type-variable","15":"has-default-attributes"},"_links":{"self":[{"href":"https:\/\/esentevibrationale.com\/index.php?rest_route=\/wp\/v2\/product\/1076","targetHints":{"allow":["GET"]}}],"collection":[{"href":"https:\/\/esentevibrationale.com\/index.php?rest_route=\/wp\/v2\/product"}],"about":[{"href":"https:\/\/esentevibrationale.com\/index.php?rest_route=\/wp\/v2\/types\/product"}],"wp:featuredmedia":[{"embeddable":true,"href":"https:\/\/esentevibrationale.com\/index.php?rest_route=\/wp\/v2\/media\/13090"}],"wp:attachment":[{"href":"https:\/\/esentevibrationale.com\/index.php?rest_route=%2Fwp%2Fv2%2Fmedia&parent=1076"}],"wp:term":[{"taxonomy":"product_brand","embeddable":true,"href":"https:\/\/esentevibrationale.com\/index.php?rest_route=%2Fwp%2Fv2%2Fproduct_brand&post=1076"},{"taxonomy":"product_cat","embeddable":true,"href":"https:\/\/esentevibrationale.com\/index.php?rest_route=%2Fwp%2Fv2%2Fproduct_cat&post=1076"},{"taxonomy":"product_tag","embeddable":true,"href":"https:\/\/esentevibrationale.com\/index.php?rest_route=%2Fwp%2Fv2%2Fproduct_tag&post=1076"}],"curies":[{"name":"wp","href":"https:\/\/api.w.org\/{rel}","templated":true}]}}