{"id":1080,"date":"2018-10-31T12:00:46","date_gmt":"2018-10-31T11:00:46","guid":{"rendered":"http:\/\/phiessences.com\/Romania\/?post_type=product&#038;p=1080"},"modified":"2025-12-30T18:38:19","modified_gmt":"2025-12-30T16:38:19","slug":"gentian-gentiana","status":"publish","type":"product","link":"https:\/\/esentevibrationale.com\/?product=gentian-gentiana","title":{"rendered":"Gentian \/ Gen\u0163ian\u0103"},"content":{"rendered":"<p><strong>(Gentiana amarella) <\/strong><\/p>\n<p><em>Gen\u021biana este o plant\u0103 bienal\u0103 care cre\u0219te \u00een solurile calcaroase \u0219i uscate ale p\u0103\u0219uni- lor \u0219i dealurilor. \u00cen primul an apare doar o rozet\u0103 \u0219i \u00een cel de al doilea an cre\u0219te o tulpin\u0103 solid\u0103 de 20 cm \u00een\u0103l\u021bime cu frunze lanceolate \u0219i multe flori. Gen\u021biana \u00ee\u0219i deschide florile \u00een form\u0103 de trompet\u0103 la sf\u00e2r\u0219itul verii \u0219i \u00eenceputul toamnei din august p\u00e2n\u0103 \u00een octombrie. Sunt compuse din cinci petale ro\u0219u-violet, de culoarea spiritualit\u0103\u021bii. Gen\u021biana este sensibil\u0103 la poluarea, deci \u00een multe locuri este pe cale de dispari\u021bie.<\/em><\/p>\n<p><strong><em>Efectul Esen\u021bei: <\/em><\/strong>Esen\u021ba Gen\u021bianei ne ajut\u0103 s\u0103 dezvolt\u0103m \u00eencrederea \u00een Dumnezeu \u00een fa\u021ba dificult\u0103\u021bilor \u0219i a certitudinii c\u0103 totul va fie bine.<\/p>\n<p><strong><em>Efectul Esen\u021bei la Nivel Fizic: <\/em><\/strong>Esen\u021ba Gen\u021bianei este necesar\u0103 c\u00e2nd con\u0219tiin\u021ba noastr\u0103 este dominat\u0103 de lipsa stimei de sine, depresie reactiv\u0103, descurajare \u0219i insecuritatea ne domin\u0103. La fel ca \u0219i \u00een cazul deficien\u021bei de Ulm, exist\u0103 teama de e\u0219ec. Nu din cauza supra\u00eenc\u0103rc\u0103rii, ci pentru c\u0103 suntem sceptici \u0219i am renun\u021bat la orice speran\u021b\u0103 de victorie. Esen\u021ba ajut\u0103 la refacerea \u00eencrederii \u0219i a siguran\u021bei interioare, care au fost pierdute \u0219i armonizeaz\u0103 astfel nivelul energetic al corpului. Disconfortul corporal, cum ar fi pierderea energiei, prezint\u0103 o \u00eembun\u0103t\u0103\u021bire.<\/p>\n<p><strong><em>Efectul Esen\u021bei la Nivel Emo\u021bional: <\/em><\/strong>Sentimentele de sl\u0103biciune asociate cu a\u0219tept\u0103ri negative \u0219i etape de nelini\u0219te, dubiu \u0219i neputin\u021ba sunt exact \u00een domeniile unde ac\u021bioneaz\u0103 esen\u021ba Gen\u021bianei. Prin intermediul esen\u021bei ne rec\u0103p\u0103t\u0103m \u00eencrederea \u00een Dumnezeu \u0219i \u00een noi, curajul, speran\u021ba, optimismul, puterea voin\u021bei \u0219i stabilitate. Ne \u00eenva\u021b\u0103 s\u0103 integr\u0103m conflictele \u00een via\u021ba de zi cu zi \u0219i s\u0103 le rezolv\u0103m.<\/p>\n<p><strong><em>Efectul Esen\u021bei la Nivel Mental: <\/em><\/strong>C\u00e2nd voin\u021ba noastr\u0103 cedeaz\u0103, pesimismul \u0219i ne\u00eencrederea influen\u021beaz\u0103 for\u021ba noastr\u0103 mental\u0103, esen\u021ba genereaz\u0103 o nou\u0103 energie \u00een l\u0103untrul nostru. \u00cen primul r\u00e2nd, senzitivismul individului prime\u0219te o protec\u021bie interioar\u0103 \u0219i astfel \u00een exterior poate ap\u0103rea mai mult\u0103 hot\u0103r\u00e2re. Se trezesc curajul \u0219i capacitatea de rezisten\u021ba (din nou) \u0219i realiz\u0103m faptul ca noi suntem cei care \u00ee\u0219i formeaz\u0103 propria realitate prin energia noastr\u0103. Tiparele de g\u00e2ndire negative dispar \u0219i sunt \u00eenlocuite cu unele pozitive.<\/p>\n<p><strong><em>Efectul Esen\u021bei la Nivel Spiritual: <\/em><\/strong>Cu esen\u021ba devine mai u\u0219or s\u0103 g\u0103sim partea pozitiv\u0103 \u00een situa\u021biile dificile. Orizonturile sunt extinse \u0219i datorit\u0103 noilor perspective g\u0103sim solu\u021bii la probleme. Aceast\u0103 con\u0219tiin\u021b\u0103 vine \u00eempreun\u0103 cu un sentiment puternic c\u0103 Dumnezeu ne ghideaz\u0103 \u0219i ne protejeaz\u0103.<\/p>\n<p><strong><em>Afirma\u021bia: <\/em><\/strong>Am curajul s\u0103 cresc r\u0103bd\u0103tor \/ r\u0103bd\u0103toare la fel ca natura \u0219i cred, am \u00eencredere \u0219i st\u0103p\u00e2nesc dificult\u0103\u021bile<\/p>\n","protected":false},"excerpt":{"rendered":"<p>(Gentiana amarella) Gen\u021biana este o plant\u0103 bienal\u0103 care cre\u0219te \u00een solurile calcaroase \u0219i uscate ale p\u0103\u0219uni- lor \u0219i dealurilor. \u00cen primul an apare doar o rozet\u0103 \u0219i \u00een cel de al doilea an cre\u0219te o tulpin\u0103 solid\u0103 de 20 cm \u00een\u0103l\u021bime cu frunze lanceolate \u0219i multe flori. Gen\u021biana \u00ee\u0219i deschide florile \u00een form\u0103 de trompet\u0103 &hellip; <a href=\"https:\/\/esentevibrationale.com\/?product=gentian-gentiana\" class=\"more-link\">Continu\u0103 lectura <span class=\"screen-reader-text\">Gentian \/ Gen\u0163ian\u0103<\/span> <span class=\"meta-nav\">&rarr;<\/span><\/a><\/p>\n","protected":false},"featured_media":13091,"template":"","meta":[],"product_brand":[],"product_cat":[20],"product_tag":[],"class_list":{"0":"post-1080","1":"product","2":"type-product","3":"status-publish","4":"has-post-thumbnail","6":"product_cat-esente-de-flori-clasice-bach","7":"pa_size-15ml","8":"pa_size-30ml","10":"first","11":"instock","12":"shipping-taxable","13":"purchasable","14":"product-type-variable","15":"has-default-attributes"},"_links":{"self":[{"href":"https:\/\/esentevibrationale.com\/index.php?rest_route=\/wp\/v2\/product\/1080","targetHints":{"allow":["GET"]}}],"collection":[{"href":"https:\/\/esentevibrationale.com\/index.php?rest_route=\/wp\/v2\/product"}],"about":[{"href":"https:\/\/esentevibrationale.com\/index.php?rest_route=\/wp\/v2\/types\/product"}],"wp:featuredmedia":[{"embeddable":true,"href":"https:\/\/esentevibrationale.com\/index.php?rest_route=\/wp\/v2\/media\/13091"}],"wp:attachment":[{"href":"https:\/\/esentevibrationale.com\/index.php?rest_route=%2Fwp%2Fv2%2Fmedia&parent=1080"}],"wp:term":[{"taxonomy":"product_brand","embeddable":true,"href":"https:\/\/esentevibrationale.com\/index.php?rest_route=%2Fwp%2Fv2%2Fproduct_brand&post=1080"},{"taxonomy":"product_cat","embeddable":true,"href":"https:\/\/esentevibrationale.com\/index.php?rest_route=%2Fwp%2Fv2%2Fproduct_cat&post=1080"},{"taxonomy":"product_tag","embeddable":true,"href":"https:\/\/esentevibrationale.com\/index.php?rest_route=%2Fwp%2Fv2%2Fproduct_tag&post=1080"}],"curies":[{"name":"wp","href":"https:\/\/api.w.org\/{rel}","templated":true}]}}