{"id":1088,"date":"2018-10-31T12:20:00","date_gmt":"2018-10-31T11:20:00","guid":{"rendered":"http:\/\/phiessences.com\/Romania\/?post_type=product&#038;p=1088"},"modified":"2025-12-30T18:40:39","modified_gmt":"2025-12-30T16:40:39","slug":"heather-iabra-neagra","status":"publish","type":"product","link":"https:\/\/esentevibrationale.com\/?product=heather-iabra-neagra","title":{"rendered":"Heather \/ Iabra Neagr\u0103"},"content":{"rendered":"<p><strong>(Calluna vulgaris) <\/strong><\/p>\n<p><em>Iarba Neagr\u0103 poate ajunge p\u00e2n\u0103 la 40 cm \u00een\u0103l\u021bime. Este un arbust care cre\u0219te pe terenurile virane, uscate necultivate \u0219i nisipoase din nordul Europei. Fiind o plant\u0103 care cre\u0219te \u00een grupuri, aceasta acoper\u0103 zone mari. Florile sale \u00eenfloresc \u00eentre iunie august \u0219i octombrie. Au diametrul de 4 mm \u0219i au multe petale mov \u0219i liliachii, form\u00e2nd spice de 15 cm.<\/em><\/p>\n<p><strong><em>Efectul Esen\u021bei: <\/em><\/strong>Esen\u021ba Ierbii Negre stimuleaz\u0103 abilit\u0103\u021bile noastre de comunicare \u00een mod egal cu alte persoane \u0219i confer\u0103 lini\u0219te sufleteasc\u0103.<\/p>\n<p><strong><em>Efectul Esen\u021bei la Nivel Fizic: <\/em><\/strong>Din punct de vedere energetic, esen\u021ba Ierbii Negre ne ajut\u0103 s\u0103 modific\u0103m cauzele multiplelor st\u0103ri de tensiune ale corpului. Putem dep\u0103\u0219i sentimentul de singur\u0103tate interioar\u0103, lipsa memoriei \u0219i expansiunea excesiv\u0103 \u00een timp ce g\u0103sim un nivel superior de pace interioar\u0103.<\/p>\n<p><strong><em>Efectul Esen\u021bei la Nivel Emo\u021bional: <\/em><\/strong>Cei care au nevoie de esen\u021ba Ierbii Negre caut\u0103 \u00een mod constant confirmarea altor persoane, deoarece ei vor s\u0103 fie mereu \u00een centrul aten\u021biei. Adesea se simt desconsidera\u021bi \u0219i asta \u00eei r\u0103ne\u0219te. Cu esen\u021ba Ierbii Negre vor g\u0103si siguran\u021ba \u0219i confort \u00een ei \u00een\u0219i\u0219i. Va fi mai u\u0219or s\u0103 fie singuri cu ei \u00een\u0219i\u0219i, ar putea chiar s\u0103 fie capabili s\u0103 se confrunte cu emo\u021bii reprimate. Cu perseveren\u021b\u0103 vor putea lucra \u0219i dep\u0103\u0219i complexele de inferioritate.<\/p>\n<p><strong><em>Efectul Esen\u021bei la Nivel Mental<\/em><\/strong>: Cu esen\u021ba mintea experimenteaz\u0103 o independen\u021b\u0103 mai mare. Vom deveni con\u0219tien\u021bi de viziunile \u0219i de tiparele de g\u00e2ndire adoptate de la alte persoane \u0219i pot fi aruncate. De asemenea, exist\u0103 mai mult\u0103 calmitate \u00een g\u00e2ndire. Dac\u0103 \u00eenainte ne sim\u021beam tenta\u021bi s\u0103 vorbim despre toate chestiile noastre cu ceilal\u021bi, acum g\u0103sim sfaturi \u0219i sprijin \u00een noi. Ne schimb\u0103m modul de comunicare. Sunt consolidate capacitatea de a fi o cooperan\u021bi, la fel ca \u0219i capacitatea s\u0103 fim retra\u0219i \u0219i s\u0103 ar\u0103t\u0103m interes, toleran\u021b\u0103 \u0219i compasiune celorlal\u021bi.<\/p>\n<p><strong><em>Efectul Esen\u021bei la Nivel Spiritual: <\/em><\/strong>Esen\u021ba ne calmeaz\u0103 cu scopul de a ne permite s\u0103 medit\u0103m. Ofer\u0103 energia necesar\u0103, astfel \u00eenc\u00e2t s\u0103 depindem doar de noi \u00een\u0219ine. Ne percepem ca o persoan\u0103 independent\u0103 \u0219i \u00een acela\u0219i timp, accept\u0103m limitele personale ale celorlal\u021bi. Capacitatea de a ne asculta vocea interioar\u0103 se dezvolt\u0103, la fel cum noi ne concentr\u0103m pe noi \u00een\u0219ine \u0219i nu accept\u0103m influen\u021ba altora. Avem posibilitatea de a descoperi \u0219i de a dezvolta complet noi calit\u0103\u021bi.<\/p>\n<p><strong><em>Afirma\u021bia: <\/em><\/strong>Sunt calm\/\u0103 \u0219i \u00eemi ascult sufletul.<\/p>\n","protected":false},"excerpt":{"rendered":"<p>(Calluna vulgaris) Iarba Neagr\u0103 poate ajunge p\u00e2n\u0103 la 40 cm \u00een\u0103l\u021bime. Este un arbust care cre\u0219te pe terenurile virane, uscate necultivate \u0219i nisipoase din nordul Europei. Fiind o plant\u0103 care cre\u0219te \u00een grupuri, aceasta acoper\u0103 zone mari. Florile sale \u00eenfloresc \u00eentre iunie august \u0219i octombrie. Au diametrul de 4 mm \u0219i au multe petale mov &hellip; <a href=\"https:\/\/esentevibrationale.com\/?product=heather-iabra-neagra\" class=\"more-link\">Continu\u0103 lectura <span class=\"screen-reader-text\">Heather \/ Iabra Neagr\u0103<\/span> <span class=\"meta-nav\">&rarr;<\/span><\/a><\/p>\n","protected":false},"featured_media":13093,"template":"","meta":[],"product_brand":[],"product_cat":[20],"product_tag":[],"class_list":{"0":"post-1088","1":"product","2":"type-product","3":"status-publish","4":"has-post-thumbnail","6":"product_cat-esente-de-flori-clasice-bach","7":"pa_size-15ml","8":"pa_size-30ml","10":"first","11":"instock","12":"shipping-taxable","13":"purchasable","14":"product-type-variable","15":"has-default-attributes"},"_links":{"self":[{"href":"https:\/\/esentevibrationale.com\/index.php?rest_route=\/wp\/v2\/product\/1088","targetHints":{"allow":["GET"]}}],"collection":[{"href":"https:\/\/esentevibrationale.com\/index.php?rest_route=\/wp\/v2\/product"}],"about":[{"href":"https:\/\/esentevibrationale.com\/index.php?rest_route=\/wp\/v2\/types\/product"}],"wp:featuredmedia":[{"embeddable":true,"href":"https:\/\/esentevibrationale.com\/index.php?rest_route=\/wp\/v2\/media\/13093"}],"wp:attachment":[{"href":"https:\/\/esentevibrationale.com\/index.php?rest_route=%2Fwp%2Fv2%2Fmedia&parent=1088"}],"wp:term":[{"taxonomy":"product_brand","embeddable":true,"href":"https:\/\/esentevibrationale.com\/index.php?rest_route=%2Fwp%2Fv2%2Fproduct_brand&post=1088"},{"taxonomy":"product_cat","embeddable":true,"href":"https:\/\/esentevibrationale.com\/index.php?rest_route=%2Fwp%2Fv2%2Fproduct_cat&post=1088"},{"taxonomy":"product_tag","embeddable":true,"href":"https:\/\/esentevibrationale.com\/index.php?rest_route=%2Fwp%2Fv2%2Fproduct_tag&post=1088"}],"curies":[{"name":"wp","href":"https:\/\/api.w.org\/{rel}","templated":true}]}}