{"id":1097,"date":"2018-10-31T13:07:07","date_gmt":"2018-10-31T12:07:07","guid":{"rendered":"http:\/\/phiessences.com\/Romania\/?post_type=product&#038;p=1097"},"modified":"2025-12-30T18:43:19","modified_gmt":"2025-12-30T16:43:19","slug":"holly-laur","status":"publish","type":"product","link":"https:\/\/esentevibrationale.com\/?product=holly-laur","title":{"rendered":"Holly \/ Laur"},"content":{"rendered":"<p><strong>(llex aquifolium)<\/strong><\/p>\n<p><em>Laurul cre\u0219te ca arbust sau copac mereu verde \u00een Europa ( excep\u021bie face Scandinavia). Copacul ajunge p\u00e2n\u0103 la 20 m \u00een\u0103l\u021bime. Are coaja neted\u0103 cenu\u0219ie \u0219i frunzele sunt pestri\u021be, ascu\u021bite, verzi lucioase, simi- lare pielii. Florile sale mici cu patru petale au o mireasm\u0103 intens\u0103 \u0219i \u00eenfloresc \u00een lunile mai \u0219i iunie. Florile feminine sunt de culoare alb pur, cele masculine sunt alb- roz. Ramurile cu fructele de boabe ro\u0219ii- coral, str\u0103lucitoare ale acestui arbust sunt plasate \u00een mod tradi\u021bional de Cr\u0103ciun \u00een Marea Britanie.<\/em><\/p>\n<p><strong><em>Efectul Esen\u021bei: <\/em><\/strong>Esen\u021ba Laurului este recomandat\u0103 pentru afec\u021biunile de inim\u0103. Totodat\u0103, se recomand\u0103 c\u00e2nd dragostea trebuie s\u0103 se manifeste \u00een mod real iar, f\u0103r\u0103 gelozie, invidie sau ur\u0103. C\u00e2nd suntem angrena\u021bi \u00eentr-un conflict, esen\u021ba ne ajut\u0103 s\u0103 p\u0103r\u0103sim tran\u0219eele de lupt\u0103 \u0219i s\u0103 redescoperim iubirea autentic\u0103.<\/p>\n<p><strong><em>Efectul Esen\u021bei la Nivel Fizic: <\/em><\/strong>\u00cen special, esen\u021ba Laurului se recomand\u0103 c\u00e2nd exist\u0103 afec\u021biuni corporale, care apar ca rezultat al g\u00e2ndurilor \u0219i sentimentelor negative. Cu esen\u021ba vom putea s\u0103 ne purific\u0103m nivelul energetic de aceste disfunc\u021bionalit\u0103\u021bi \u0219i a\u0219a va avea loc eliberarea corpului.<\/p>\n<p><strong><em>Efectul Esen\u021bei la Nivel Emo\u021bional: <\/em><\/strong>C\u00e2nd ne lipse\u0219te Laurul suntem afecta\u021bi de furie, agresivitate, g\u00e2nduri combative, invidioase \u0219i de gelozie. Putem fi prost dispu\u0219i, irita\u021bi, r\u0103zbun\u0103tori, u\u0219or de sup\u0103rat, irascibili \u0219i putem fi chiar violen\u021bi. Exist\u0103 tendin\u021ba de a c\u0103uta gre\u0219elile la al\u021bii, de a nu accepta responsabilitatea \u0219i de a proiecta prea mult asupra altora. Esen\u021ba ne armonizeaz\u0103 marele poten\u021bial negativ din noi \u0219i treze\u0219te dragostea. Vom putea s\u0103 facem fa\u021b\u0103 p\u0103r\u021bii noastre \u00eentunecate, s\u0103 ne iubim pe noi \u0219i s\u0103 sim\u021bim iubire pentru mediul nostru \u00eenconjur\u0103tor. \u00cen\u021belegerea \u0219i iubirea pentru al\u021bii cresc \u0219i rela\u021biile vor fi afectuoase.<\/p>\n<p><strong><em>Efectul Esen\u021bei la Nivel Mental: <\/em><\/strong>Cu esen\u021ba Laurului ne vom putea elibera de agresivitatea negativ\u0103 sau de g\u00e2ndurile violente. Astfel, ne protej\u0103m de noile atacuri negative. Reu\u0219im s\u0103 \u0219tergem imaginea pe care am avut-o despre du\u0219manul nostru \u0219i adopt\u0103m o stare de spirit modest\u0103, deoarece g\u00e2ndurile sus\u021binute de iubirea adev\u0103rat\u0103 se \u00eendeplinesc \u00een realitate.<\/p>\n<p><strong><em>Efectul Esen\u021bei la Nivel Spiritual: <\/em><\/strong>Esen\u021ba ne deschide inima ca s\u0103 experiment\u0103m dragostea universal\u0103. Ne pune \u00een leg\u0103tur\u0103 cu Sinele Superior \u0219i ne arat\u0103 c\u00e2nd ceilal\u021bi au nevoie de noi. Sentimentul de a fi \u00een armonie cu lumea \u0219i cu Dumnezeu se intensific\u0103 \u0219i se \u00eent\u0103re\u0219te.<\/p>\n<p><strong><em>Afirma\u021bia: <\/em><\/strong>\u00cemi deschid inima iubirii \u0219i \u00eei tratez pe ceilal\u021bi cu sinceritate, c\u0103ldur\u0103 \u0219i iubire.<\/p>\n","protected":false},"excerpt":{"rendered":"<p>(llex aquifolium) Laurul cre\u0219te ca arbust sau copac mereu verde \u00een Europa ( excep\u021bie face Scandinavia). Copacul ajunge p\u00e2n\u0103 la 20 m \u00een\u0103l\u021bime. Are coaja neted\u0103 cenu\u0219ie \u0219i frunzele sunt pestri\u021be, ascu\u021bite, verzi lucioase, simi- lare pielii. Florile sale mici cu patru petale au o mireasm\u0103 intens\u0103 \u0219i \u00eenfloresc \u00een lunile mai \u0219i iunie. Florile &hellip; <a href=\"https:\/\/esentevibrationale.com\/?product=holly-laur\" class=\"more-link\">Continu\u0103 lectura <span class=\"screen-reader-text\">Holly \/ Laur<\/span> <span class=\"meta-nav\">&rarr;<\/span><\/a><\/p>\n","protected":false},"featured_media":1095,"template":"","meta":[],"product_brand":[],"product_cat":[20],"product_tag":[],"class_list":{"0":"post-1097","1":"product","2":"type-product","3":"status-publish","4":"has-post-thumbnail","6":"product_cat-esente-de-flori-clasice-bach","7":"pa_size-15ml","8":"pa_size-30ml","10":"first","11":"instock","12":"shipping-taxable","13":"purchasable","14":"product-type-variable","15":"has-default-attributes"},"_links":{"self":[{"href":"https:\/\/esentevibrationale.com\/index.php?rest_route=\/wp\/v2\/product\/1097","targetHints":{"allow":["GET"]}}],"collection":[{"href":"https:\/\/esentevibrationale.com\/index.php?rest_route=\/wp\/v2\/product"}],"about":[{"href":"https:\/\/esentevibrationale.com\/index.php?rest_route=\/wp\/v2\/types\/product"}],"wp:featuredmedia":[{"embeddable":true,"href":"https:\/\/esentevibrationale.com\/index.php?rest_route=\/wp\/v2\/media\/1095"}],"wp:attachment":[{"href":"https:\/\/esentevibrationale.com\/index.php?rest_route=%2Fwp%2Fv2%2Fmedia&parent=1097"}],"wp:term":[{"taxonomy":"product_brand","embeddable":true,"href":"https:\/\/esentevibrationale.com\/index.php?rest_route=%2Fwp%2Fv2%2Fproduct_brand&post=1097"},{"taxonomy":"product_cat","embeddable":true,"href":"https:\/\/esentevibrationale.com\/index.php?rest_route=%2Fwp%2Fv2%2Fproduct_cat&post=1097"},{"taxonomy":"product_tag","embeddable":true,"href":"https:\/\/esentevibrationale.com\/index.php?rest_route=%2Fwp%2Fv2%2Fproduct_tag&post=1097"}],"curies":[{"name":"wp","href":"https:\/\/api.w.org\/{rel}","templated":true}]}}