{"id":1100,"date":"2018-10-31T13:18:35","date_gmt":"2018-10-31T12:18:35","guid":{"rendered":"http:\/\/phiessences.com\/Romania\/?post_type=product&#038;p=1100"},"modified":"2025-12-30T18:44:09","modified_gmt":"2025-12-30T16:44:09","slug":"honeysuckle-mana-maicii-domnului","status":"publish","type":"product","link":"https:\/\/esentevibrationale.com\/?product=honeysuckle-mana-maicii-domnului","title":{"rendered":"Honeysuckle \/ M\u00e2na Maicii Domnului"},"content":{"rendered":"<p><strong>(Lonicera caprifolium) <\/strong><\/p>\n<p><em>Caprifoiul este o plant\u0103 c\u0103\u021b\u0103r\u0103toare, care poate fi g\u0103sit\u0103 \u00een gr\u0103dini, parcuri, garduri vii, p\u0103duri \u0219i foarte rar \u00een s\u0103lb\u0103ticie. Prin c\u0103\u021b\u0103rare poate ajunge p\u00e2n\u0103 la 6 m. Frunzele ascu\u021bite sunt aranjate una fa\u021b\u0103 de cealalt\u0103. Din iunie p\u00e2n\u0103 \u00een septembrie, florile ro\u0219ii carmin se deschis cu polen galben, aprind un foc fascinant de culoare \u00een gr\u0103din\u0103 \u0219i r\u0103sp\u00e2ndesc un miros uimitor. Numele s\u0103u &#8222;caprifoi&#8221; este derivat din cuv\u00e2ntul latin &#8222;caprifolium&#8221;, care \u00eenseamn\u0103 ceva de genul caprei sau familiei caprifoiului.<\/em><\/p>\n<p><strong><em>Efectul Esen\u021bei: <\/em><\/strong>Esen\u021ba Caprifoiului ne \u00eent\u0103re\u0219te capacitatea proprie de a vedea trecutul \u00een mod pozitiv \u0219i astfel, suntem capabili s\u0103 tr\u0103im \u00een prezent cu con\u0219tiin\u021ba complet\u0103.<\/p>\n<p><strong><em>Efectul Esen\u021bei la Nivel Fizic: <\/em><\/strong>Persoanele, care sunt ancorate \u00een trecut prin g\u00e2ndurile \u0219i dorin\u021bele lor, sunt atrase de esen\u021ba Caprifoiului. \u00cen aceste cazuri, esen\u021ba le poate ajuta s\u0103 se elibereze de trecut, \u00een timp ce p\u0103streaz\u0103 o amintire pozitiv\u0103 despre trecut. Deci, au libertatea s\u0103 tr\u0103iasc\u0103 \u00een momentul prezent, care poate ajuta o inim\u0103 \u00eempov\u0103rat\u0103.<\/p>\n<p><strong><em>Efectul Esen\u021bei la Nivel Emo\u021bional: <\/em><\/strong>Esen\u021ba Caprifoiului ne aduce \u00een prezent, c\u00e2nd apare dorin\u021ba de a opri trecerea timpului, c\u00e2nd sim\u021bim c\u0103 prefer\u0103m s\u0103 tr\u0103im \u00eentr-un moment anterior \u0219i c\u00e2nd vrem s\u0103 tr\u0103im \u00eentr- o lume a fanteziei. Ne permite s\u0103 l\u0103s\u0103m triste\u021bea, ghinionul, pierderile sau separ\u0103rile \u0219i le d\u0103m la o parte, deoarece exist\u0103 noi oportunit\u0103\u021bi s\u0103 apar\u0103 norocul \u0219i s\u0103 avem rela\u021bii active. De asemenea, esen\u021ba ne ajut\u0103 s\u0103 dep\u0103\u0219im mai u\u0219or dorul dup\u0103 un transfer, etc. \u00een timp ce stimuleaz\u0103 disponibilitatea s\u0103 accept\u0103m \u0219i s\u0103 ne bucur\u0103m de noua situa\u021bie.<\/p>\n<p><strong><em>Efectul Esen\u021bei la Nivel Mental: <\/em><\/strong>Esen\u021ba Caprifoiului ne ajut\u0103 s\u0103 sc\u0103p\u0103m de obiceiurile de g\u00e2ndurile vechi, de amintirile chinuitoare sau m\u0103gulitoare, de g\u00e2ndurile de vinov\u0103\u021bie, etc. Ne ajut\u0103 s\u0103 t\u0103iem leg\u0103turile cu trecutul, s\u0103 reflect\u0103m \u00een mod pozitiv la amintiri, s\u0103 dob\u00e2ndim conceptele mul\u021bumitoare \u0219i astfel, s\u0103 fim capabili s\u0103 recunoa\u0219tem ce este \u00eentr-adev\u0103r important.<\/p>\n<p><strong><em>Efectul Esen\u021bei la Nivel Spiritual: <\/em><\/strong>Esen\u021ba ne permite s\u0103 unim trecutul, prezentul \u0219i viitorul. Esen\u021ba deschide con\u0219tiin\u021ba proprie la cursul trecutului personal, \u00eencet\u0103m s\u0103 mai vorbim despre trecut \u0219i deschidem noi evenimente. Cre\u0219te capacitatea proprie de a vedea dintr-o perspectiv\u0103 superioar\u0103, de a sc\u0103pa de propriile leg\u0103turile \u0219i ne l\u0103s\u0103m du\u0219i de val \u00een fluxul lucrurilor. Ne deschidem pe noi, c\u0103tre imaginea de ansamblu \u0219i pot ap\u0103- rea senin\u0103tatea \u0219i dragostea pentru &#8222;aici \u0219i acum&#8221;.<\/p>\n<p><strong><em>Afirma\u021bia: <\/em><\/strong>Las timpul s\u0103 curg\u0103 natural \u0219i m\u0103 bucur de prezent. Totul este bine a\u0219a cum este.<\/p>\n","protected":false},"excerpt":{"rendered":"<p>(Lonicera caprifolium) Caprifoiul este o plant\u0103 c\u0103\u021b\u0103r\u0103toare, care poate fi g\u0103sit\u0103 \u00een gr\u0103dini, parcuri, garduri vii, p\u0103duri \u0219i foarte rar \u00een s\u0103lb\u0103ticie. Prin c\u0103\u021b\u0103rare poate ajunge p\u00e2n\u0103 la 6 m. Frunzele ascu\u021bite sunt aranjate una fa\u021b\u0103 de cealalt\u0103. Din iunie p\u00e2n\u0103 \u00een septembrie, florile ro\u0219ii carmin se deschis cu polen galben, aprind un foc fascinant &hellip; <a href=\"https:\/\/esentevibrationale.com\/?product=honeysuckle-mana-maicii-domnului\" class=\"more-link\">Continu\u0103 lectura <span class=\"screen-reader-text\">Honeysuckle \/ M\u00e2na Maicii Domnului<\/span> <span class=\"meta-nav\">&rarr;<\/span><\/a><\/p>\n","protected":false},"featured_media":13094,"template":"","meta":[],"product_brand":[],"product_cat":[20],"product_tag":[],"class_list":{"0":"post-1100","1":"product","2":"type-product","3":"status-publish","4":"has-post-thumbnail","6":"product_cat-esente-de-flori-clasice-bach","7":"pa_size-15ml","8":"pa_size-30ml","10":"first","11":"instock","12":"shipping-taxable","13":"purchasable","14":"product-type-variable","15":"has-default-attributes"},"_links":{"self":[{"href":"https:\/\/esentevibrationale.com\/index.php?rest_route=\/wp\/v2\/product\/1100","targetHints":{"allow":["GET"]}}],"collection":[{"href":"https:\/\/esentevibrationale.com\/index.php?rest_route=\/wp\/v2\/product"}],"about":[{"href":"https:\/\/esentevibrationale.com\/index.php?rest_route=\/wp\/v2\/types\/product"}],"wp:featuredmedia":[{"embeddable":true,"href":"https:\/\/esentevibrationale.com\/index.php?rest_route=\/wp\/v2\/media\/13094"}],"wp:attachment":[{"href":"https:\/\/esentevibrationale.com\/index.php?rest_route=%2Fwp%2Fv2%2Fmedia&parent=1100"}],"wp:term":[{"taxonomy":"product_brand","embeddable":true,"href":"https:\/\/esentevibrationale.com\/index.php?rest_route=%2Fwp%2Fv2%2Fproduct_brand&post=1100"},{"taxonomy":"product_cat","embeddable":true,"href":"https:\/\/esentevibrationale.com\/index.php?rest_route=%2Fwp%2Fv2%2Fproduct_cat&post=1100"},{"taxonomy":"product_tag","embeddable":true,"href":"https:\/\/esentevibrationale.com\/index.php?rest_route=%2Fwp%2Fv2%2Fproduct_tag&post=1100"}],"curies":[{"name":"wp","href":"https:\/\/api.w.org\/{rel}","templated":true}]}}