{"id":1105,"date":"2018-10-31T13:27:26","date_gmt":"2018-10-31T12:27:26","guid":{"rendered":"http:\/\/phiessences.com\/Romania\/?post_type=product&#038;p=1105"},"modified":"2025-12-30T18:45:31","modified_gmt":"2025-12-30T16:45:31","slug":"hornbeam-carpen","status":"publish","type":"product","link":"https:\/\/esentevibrationale.com\/?product=hornbeam-carpen","title":{"rendered":"Hornbeam \/ Carpen"},"content":{"rendered":"<p><strong>(Carpinus betulus) <\/strong><\/p>\n<p><em>Carpenii cresc independen\u021bi sau \u00een p\u0103durile din centrul Europei \u0219i \u00een Orientul Mijlociu pe soluri sterile. Este elegant, cu lemnul robust, de unde \u0219i denumirea de &#8222;Carpen&#8221;- &#8222;copac \u00een armur\u0103&#8221;. Poate cre\u0219te p\u00e2n\u0103 la 25 m \u00een\u0103l\u021bime \u0219i tr\u0103ie\u0219te p\u00e2n\u0103 la 150 de ani. Frunzele sunt similare cu ale fagului european, dar sunt din\u021bate \u0219i r\u0103m\u00e2n pe copac toat\u0103 iarna. Coaja neted\u0103 \u0219i cenu\u0219ie are dungi \u0219i creste caracteristice gri-fier. Florile apar \u00een aprilie \u0219i mai, femela este pendulat\u0103 cu bractee crestate, masculul are m\u00e2\u021bi\u0219ori galbeni.<\/em><\/p>\n<p><strong><em>Efectul Esen\u021bei: <\/em><\/strong>Esen\u021ba Carpenului ne treze\u0219te spiritul \u0219i ne revigoreaz\u0103, astfel \u00eenc\u00e2t, s\u0103 vedem fiecare zi ca pe un dar de la Dumnezeu. Vom primi o nou\u0103 motiva\u021bie, o energie vital\u0103 revigorant\u0103 \u0219i puterea de a tr\u0103i via\u021ba de zi cu zi.<\/p>\n<p><strong><em>Efectul Esen\u021bei la Nivel Fizic: <\/em><\/strong>Aceast\u0103 esen\u021b\u0103 ne va ajuta s\u0103 punem \u00een mi\u0219care din nou energiile \u0219i rigiditatea pe care o credeam imobilizat\u0103. La nivel energetic, tensiunile corpului nostru vor fi eliberate.<\/p>\n<p><strong><em>Efectul Esen\u021bei la Nivel Emo\u021bional: <\/em><\/strong>Cei care se simt lipsi\u021bi de energie (chiar \u0219i lenea tipic\u0103 de diminea\u021b\u0103), aceia care nu au nicio perspectiv\u0103 a lor \u00een\u0219i\u0219i, cei c\u0103rora le este fric\u0103 de orice clarificare, to\u021bi ace\u0219tia sunt indivizi eligibili s\u0103 primeasc\u0103 revitalizare complet\u0103 oferit\u0103 de esen\u021ba Carpenului. Ei chiar pot dep\u0103\u0219i pesimismul care nu are nicio baz\u0103 \u0219i frica de a spune &#8222;nu&#8221;, at\u00e2t \u00een domeniul profesional, c\u00e2t \u0219i \u00een cel sexual. Nu mai este necesar s\u0103 se refugieze \u00een boal\u0103, at\u00e2ta timp c\u00e2t sunt con\u0219tien\u021bi de punctele lor puternice \u0219i vor fi capabili s\u0103 le utilizeze.<\/p>\n<p><strong><em>Efectul Esen\u021bei la Nivel Mental: <\/em><\/strong>Esen\u021ba Carpenului ne ajut\u0103 s\u0103 ne concentr\u0103m pe ceea ce este important. Confer\u0103 o voiciune mental\u0103 \u0219i stimuleaz\u0103 voin\u021ba de a accepta sarcinile zilnice. Esen\u021ba Carpenului stimuleaz\u0103 o st\u0103p\u00e2nire de sine s\u0103n\u0103toas\u0103, dorin\u021be \u00eentreprinz\u0103toare, care ne permit s\u0103 ne urm\u0103m obiectivele personale neobosi\u021bi. Vom \u00eenv\u0103\u021ba cum s\u0103 spargem rutina \u0219i s\u0103 ne dezvolt\u0103m mai mult creativitatea \u0219i spontaneitatea.<\/p>\n<p><strong><em>Efectul Esen\u021bei la Nivel Spiritual: <\/em><\/strong>Atunci c\u00e2nd avem sentimentul c\u0103 lucrurile nu progreseaz\u0103 \u0219i ne ag\u0103\u021b\u0103m de ideea c\u0103 e\u0219ti sortit s\u0103 tr\u0103ie\u0219ti a\u0219a, esen\u021ba Carpenului ne permite s\u0103 tr\u0103im o via\u021b\u0103 valoroas\u0103. Ne \u00eenvioreaz\u0103 \u0219i aduce voiciune \u0219i bucurie \u00een via\u021ba noastr\u0103 s\u0103 tr\u0103im \u0219i s\u0103 ac\u021bion\u0103m.<\/p>\n<p><strong><em>Afirma\u021bia: <\/em><\/strong>\u00cemi abordez sarcinile proaspete \u0219i motivate \u0219i le \u00eendeplinesc cu pl\u0103cere \u0219i \u00eencredere \u00een mine.<\/p>\n","protected":false},"excerpt":{"rendered":"<p>(Carpinus betulus) Carpenii cresc independen\u021bi sau \u00een p\u0103durile din centrul Europei \u0219i \u00een Orientul Mijlociu pe soluri sterile. Este elegant, cu lemnul robust, de unde \u0219i denumirea de &#8222;Carpen&#8221;- &#8222;copac \u00een armur\u0103&#8221;. Poate cre\u0219te p\u00e2n\u0103 la 25 m \u00een\u0103l\u021bime \u0219i tr\u0103ie\u0219te p\u00e2n\u0103 la 150 de ani. Frunzele sunt similare cu ale fagului european, dar sunt &hellip; <a href=\"https:\/\/esentevibrationale.com\/?product=hornbeam-carpen\" class=\"more-link\">Continu\u0103 lectura <span class=\"screen-reader-text\">Hornbeam \/ Carpen<\/span> <span class=\"meta-nav\">&rarr;<\/span><\/a><\/p>\n","protected":false},"featured_media":13095,"template":"","meta":[],"product_brand":[],"product_cat":[20],"product_tag":[],"class_list":{"0":"post-1105","1":"product","2":"type-product","3":"status-publish","4":"has-post-thumbnail","6":"product_cat-esente-de-flori-clasice-bach","7":"pa_size-15ml","8":"pa_size-30ml","10":"first","11":"instock","12":"shipping-taxable","13":"purchasable","14":"product-type-variable","15":"has-default-attributes"},"_links":{"self":[{"href":"https:\/\/esentevibrationale.com\/index.php?rest_route=\/wp\/v2\/product\/1105","targetHints":{"allow":["GET"]}}],"collection":[{"href":"https:\/\/esentevibrationale.com\/index.php?rest_route=\/wp\/v2\/product"}],"about":[{"href":"https:\/\/esentevibrationale.com\/index.php?rest_route=\/wp\/v2\/types\/product"}],"wp:featuredmedia":[{"embeddable":true,"href":"https:\/\/esentevibrationale.com\/index.php?rest_route=\/wp\/v2\/media\/13095"}],"wp:attachment":[{"href":"https:\/\/esentevibrationale.com\/index.php?rest_route=%2Fwp%2Fv2%2Fmedia&parent=1105"}],"wp:term":[{"taxonomy":"product_brand","embeddable":true,"href":"https:\/\/esentevibrationale.com\/index.php?rest_route=%2Fwp%2Fv2%2Fproduct_brand&post=1105"},{"taxonomy":"product_cat","embeddable":true,"href":"https:\/\/esentevibrationale.com\/index.php?rest_route=%2Fwp%2Fv2%2Fproduct_cat&post=1105"},{"taxonomy":"product_tag","embeddable":true,"href":"https:\/\/esentevibrationale.com\/index.php?rest_route=%2Fwp%2Fv2%2Fproduct_tag&post=1105"}],"curies":[{"name":"wp","href":"https:\/\/api.w.org\/{rel}","templated":true}]}}