{"id":1109,"date":"2018-10-31T13:33:34","date_gmt":"2018-10-31T12:33:34","guid":{"rendered":"http:\/\/phiessences.com\/Romania\/?post_type=product&#038;p=1109"},"modified":"2025-12-30T18:46:37","modified_gmt":"2025-12-30T16:46:37","slug":"impatiens-slabanog","status":"publish","type":"product","link":"https:\/\/esentevibrationale.com\/?product=impatiens-slabanog","title":{"rendered":"Impatiens \/ Sl\u0103b\u0103nog"},"content":{"rendered":"<p><strong>(Impatiens glandulifera)<\/strong><\/p>\n<p><em>Sl\u0103b\u0103nogul este o plant\u0103 care poate ajunge la 2 m \u00een\u0103l\u021bime, cre\u0219te pe tot parcursul anului. Tr\u0103ie\u0219te pe malurile r\u00e2urilor \u0219i \u00een zonele ml\u0103\u0219tinoase din Himalaya \u0219i din Europa. Numele s\u0103u german <\/em>Springkraut <em>&#8222;iarb\u0103 s\u0103lt\u0103rea\u021ba&#8221; face referire la semin\u021bele rotunde, negre, care se \u00eempr\u0103\u0219tie c\u00e2nd apar fructele. Frunzele sunt mari, ascu\u021bite \u0219i zim\u021bate \u0219i au o margine purpurie. Florile cu cinci petale, \u00een form\u0103 de glug\u0103 de culoare mov fin, \u00eenfloresc \u00eentre lunile iunie \u0219i octombrie. Mugurii, florile \u0219i semin\u021bele se g\u0103sesc pe plant\u0103 simultan.<\/em><\/p>\n<p><strong><em>Efectul Esen\u021bei: <\/em><\/strong>Esen\u021ba Sl\u0103b\u0103nogului se recomand\u0103 celor care prezint\u0103 simptome psihologice de stres \u0219i care doresc s\u0103 dezvolte mai mult\u0103 senin\u0103tate \u0219i r\u0103bdare.<\/p>\n<p><strong><em>Efectul Esen\u021bei la Nivel Fizic: <\/em><\/strong>Esen\u021ba Sl\u0103b\u0103nogului poate fi de ajutor \u00een multiple manifest\u0103ri nervoase ale corpului. Ofer\u0103 un efect de armonizare la nivel energetic, care mai t\u00e2rziu este transferat \u00een \u00eentreg corpul.<\/p>\n<p><strong><em>Efectul Esen\u021bei la Nivel Emo\u021bional: <\/em><\/strong>Se recomand\u0103 s\u0103 se utilizeze esen\u021ba pentru persoanele care se agit\u0103, se irit\u0103 \u0219i sunt nervoase. Ajut\u0103 la echilibrarea emo\u021biilor care ne fac lipsi\u021bi de considera\u021bie, ner\u0103bd\u0103tori sau s\u0103 avem erup\u021bii cutanate. Vom fi mai empatici fa\u021b\u0103 de alte persoane \u0219i vom ac\u021biona cu g\u00e2ndire \u0219i cu for\u021b\u0103. Problemele se rezolv\u0103 lini\u0219tit \u0219i calm \u0219i nu vor mai c\u0103uta gre\u0219elile altora. \u00cenv\u0103\u021b\u0103m s\u0103 g\u00e2ndim cu inima, asupra procesului de dezvoltare. Va fi u\u0219or s\u0103 ne adapt\u0103m celorlal\u021bi \u0219i s\u0103 ne p\u0103str\u0103m mai bine energia.<\/p>\n<p><em><strong>Efectul Esen\u021bei la Nivel Mental: <\/strong><\/em>Esen\u021ba Sl\u0103b\u0103nogului ne ajut\u0103 s\u0103 ne concentr\u0103m pe o sarcin\u0103 \u0219i s\u0103 nu ne mai pierdem \u00een a bate c\u00e2mpii. Ne putem dezvolta lini\u0219tea \u0219i pacea noastr\u0103. Situa\u021biile \u00een care este necesar un ritm rapid pot fi acum dep\u0103\u0219ite cu o mai mare lini\u0219te \u0219i claritate mental\u0103.<\/p>\n<p><strong><em>Efectul Esen\u021bei la Nivel Spiritual: <\/em><\/strong>Cu aceast\u0103 esen\u021b\u0103 putem descoperi un ritm interior nou \u0219i putem s\u0103 renun\u021b\u0103m la ritmul agitat &#8222;antrenant&#8221;. Ne vom \u00eenf\u0103\u0219ura \u00eentr-o profunzime lini\u0219tit\u0103 \u0219i autentic\u0103, de unde timpul \u0219i situa\u021bia vor ob\u021bine o nou\u0103 dimensiune.<\/p>\n<p><strong><em>Afirma\u021bia: <\/em><\/strong>Am timp \u0219i \u0219tiu c\u0103 tot ceea ce exist\u0103 pe P\u0103m\u00e2nt cere timp. Cu r\u0103bdare accept diversitatea semenilor mei.<\/p>\n","protected":false},"excerpt":{"rendered":"<p><strong>\u00a0<\/strong><\/p>\n","protected":false},"featured_media":13096,"template":"","meta":[],"product_brand":[],"product_cat":[20],"product_tag":[],"class_list":{"0":"post-1109","1":"product","2":"type-product","3":"status-publish","4":"has-post-thumbnail","6":"product_cat-esente-de-flori-clasice-bach","7":"pa_size-15ml","8":"pa_size-30ml","10":"first","11":"instock","12":"shipping-taxable","13":"purchasable","14":"product-type-variable","15":"has-default-attributes"},"_links":{"self":[{"href":"https:\/\/esentevibrationale.com\/index.php?rest_route=\/wp\/v2\/product\/1109","targetHints":{"allow":["GET"]}}],"collection":[{"href":"https:\/\/esentevibrationale.com\/index.php?rest_route=\/wp\/v2\/product"}],"about":[{"href":"https:\/\/esentevibrationale.com\/index.php?rest_route=\/wp\/v2\/types\/product"}],"wp:featuredmedia":[{"embeddable":true,"href":"https:\/\/esentevibrationale.com\/index.php?rest_route=\/wp\/v2\/media\/13096"}],"wp:attachment":[{"href":"https:\/\/esentevibrationale.com\/index.php?rest_route=%2Fwp%2Fv2%2Fmedia&parent=1109"}],"wp:term":[{"taxonomy":"product_brand","embeddable":true,"href":"https:\/\/esentevibrationale.com\/index.php?rest_route=%2Fwp%2Fv2%2Fproduct_brand&post=1109"},{"taxonomy":"product_cat","embeddable":true,"href":"https:\/\/esentevibrationale.com\/index.php?rest_route=%2Fwp%2Fv2%2Fproduct_cat&post=1109"},{"taxonomy":"product_tag","embeddable":true,"href":"https:\/\/esentevibrationale.com\/index.php?rest_route=%2Fwp%2Fv2%2Fproduct_tag&post=1109"}],"curies":[{"name":"wp","href":"https:\/\/api.w.org\/{rel}","templated":true}]}}