{"id":1113,"date":"2018-10-31T13:40:38","date_gmt":"2018-10-31T12:40:38","guid":{"rendered":"http:\/\/phiessences.com\/Romania\/?post_type=product&#038;p=1113"},"modified":"2025-12-30T18:47:26","modified_gmt":"2025-12-30T16:47:26","slug":"larch-larice","status":"publish","type":"product","link":"https:\/\/esentevibrationale.com\/?product=larch-larice","title":{"rendered":"Larch \/ Larice"},"content":{"rendered":"<p><strong>(Larix decidua) <\/strong><\/p>\n<p><em>Laricele este \u00eempr\u0103\u0219tiat pe zonele din centrul \u0219i vestul Europei. Acest conifer, cu scoar\u021b\u0103 dur\u0103, poate ajunge p\u00e2n\u0103 la 50 m \u00een\u0103l\u021bime \u0219i tr\u0103ie\u0219te 700 de ani. Frunzele sale verzi, flexibile, liniare sunt crescute form\u00e2nd o raz\u0103 care cap\u0103t\u0103 \u00een toamn\u0103 o nuan\u021b\u0103 galben-aurie \u00eenainte s\u0103 cad\u0103 de pe copac. Florile sale \u00eenfloresc \u00eentre lunile martie-aprilie, florile femele apar ca o lum\u00e2nare \u00eendreptat\u0103 \u0219i cele masculine ca ni\u0219te lum\u00e2n\u0103ri galbene ro\u0219iatice.<\/em><\/p>\n<p><strong><em>Efectul Esen\u021bei: <\/em><\/strong>Esen\u021ba Laricelui \u00eembun\u0103t\u0103\u021be\u0219te \u00eencredere de sine, \u00eencurajeaz\u0103 con\u0219tiin\u021ba de sine \u0219i abilitatea de a implementa cu succes darurile noastre. Cu esen\u021ba Laricelui vom descoperi faptul c\u0103 putem ob\u021bine orice ne propunem cu adev\u0103rat.<\/p>\n<p><strong><em>Efectul Esen\u021bei la Nivel Fizic: <\/em><\/strong>\u00cencrederea de sine sc\u0103zut\u0103 poate fi motivul unei largi variet\u0103\u021bi de afec\u021biuni. Astfel, esen\u021ba ne face con\u0219tien\u021bi de capacit\u0103\u021bile noastre. Stima de sine nu va mai depinde de confirmarea exterioar\u0103. Vom fi putea s\u0103 \u00eenfrunt\u0103m fricile noastre \u0219i s\u0103 le facem s\u0103 dispar\u0103. Persoana adopt\u0103 o pozi\u021bie ferm\u0103, pe care o promoveaz\u0103 la nivel fizic.<\/p>\n<p><strong><em>Efectul Esen\u021bei la Nivel Emo\u021bional: <\/em><\/strong>\u00cen situa\u021biile urm\u0103toare: indivizii care sunt ezitan\u021bi, pesimi\u0219ti, au un sentiment \u0219i un complex de inferioritate \u0219i se dispre\u021buiesc pe ei \u00een\u0219i\u0219i, atunci c\u00e2nd exist\u0103 o fric\u0103 imens\u0103 de e\u0219ec, c\u00e2nd pare c\u0103 via\u021ba este \u00een totalitate compus\u0103 din baiere care \u00eei opresc f\u0103r\u0103 nicio explica\u021bie, \u00een special, \u00een timpul pubert\u0103\u021bii, atunci c\u00e2nd persoana \u00eencearc\u0103 s\u0103 se g\u0103seasc\u0103 pe ea \u00eens\u0103\u0219i \u0219i orientarea sa, esen\u021ba Laricelui s-a demonstrat a fi folositoare, \u00een special, s\u0103 rezolve problemele \u0219i s\u0103 \u00eei ajute s\u0103 preia fr\u00e2iele vie\u021bii lor.<\/p>\n<p><strong><em>Efectul Esen\u021bei la Nivel Mental: <\/em><\/strong>Aceast\u0103 esen\u021ba ajut\u0103 la eradicarea obiceiurilor nega- tive \u0219i a fricilor. Vom putea s\u0103 vedem \u0219i s\u0103 ne dezvolt\u0103m mental oportunit\u0103\u021bile, pentru \u00eemplinirea noastr\u0103 personal\u0103, lu\u00e2nd \u00een considerare circumstan\u021bele noastre vitale exterioare.<\/p>\n<p><strong><em>Efectul Esen\u021bei la Nivel Spiritual: <\/em><\/strong>Cu aceast\u0103 esen\u021b\u0103 vom fi capabili s\u0103 stabilim o leg\u0103tur\u0103 cu for\u021bele noastre. Ne vom sim\u021bi proteja\u021bi de vibra\u021biile altor persoane, care pot interfera \u00een ascensiunea noastr\u0103. Va reap\u0103rea vechia \u00eencredere \u00een noi \u0219i \u00een capacit\u0103\u021bile noastre, vom fi ap\u021bi s\u0103 ne conducem dintr-o perspectiv\u0103 superioar\u0103.<\/p>\n<p><strong><em>Afirma\u021bia: <\/em><\/strong>Sunt \u00eencrez\u0103tor \/ \u00eencrez\u0103toare \u0219i o iau pas cu pas \u00een timp, reu\u0219ind de fiecare dat\u0103.<\/p>\n","protected":false},"excerpt":{"rendered":"<p>(Larix decidua) Laricele este \u00eempr\u0103\u0219tiat pe zonele din centrul \u0219i vestul Europei. Acest conifer, cu scoar\u021b\u0103 dur\u0103, poate ajunge p\u00e2n\u0103 la 50 m \u00een\u0103l\u021bime \u0219i tr\u0103ie\u0219te 700 de ani. Frunzele sale verzi, flexibile, liniare sunt crescute form\u00e2nd o raz\u0103 care cap\u0103t\u0103 \u00een toamn\u0103 o nuan\u021b\u0103 galben-aurie \u00eenainte s\u0103 cad\u0103 de pe copac. Florile sale \u00eenfloresc &hellip; <a href=\"https:\/\/esentevibrationale.com\/?product=larch-larice\" class=\"more-link\">Continu\u0103 lectura <span class=\"screen-reader-text\">Larch \/ Larice<\/span> <span class=\"meta-nav\">&rarr;<\/span><\/a><\/p>\n","protected":false},"featured_media":13097,"template":"","meta":[],"product_brand":[],"product_cat":[20],"product_tag":[],"class_list":{"0":"post-1113","1":"product","2":"type-product","3":"status-publish","4":"has-post-thumbnail","6":"product_cat-esente-de-flori-clasice-bach","7":"pa_size-15ml","8":"pa_size-30ml","10":"first","11":"instock","12":"shipping-taxable","13":"purchasable","14":"product-type-variable","15":"has-default-attributes"},"_links":{"self":[{"href":"https:\/\/esentevibrationale.com\/index.php?rest_route=\/wp\/v2\/product\/1113","targetHints":{"allow":["GET"]}}],"collection":[{"href":"https:\/\/esentevibrationale.com\/index.php?rest_route=\/wp\/v2\/product"}],"about":[{"href":"https:\/\/esentevibrationale.com\/index.php?rest_route=\/wp\/v2\/types\/product"}],"wp:featuredmedia":[{"embeddable":true,"href":"https:\/\/esentevibrationale.com\/index.php?rest_route=\/wp\/v2\/media\/13097"}],"wp:attachment":[{"href":"https:\/\/esentevibrationale.com\/index.php?rest_route=%2Fwp%2Fv2%2Fmedia&parent=1113"}],"wp:term":[{"taxonomy":"product_brand","embeddable":true,"href":"https:\/\/esentevibrationale.com\/index.php?rest_route=%2Fwp%2Fv2%2Fproduct_brand&post=1113"},{"taxonomy":"product_cat","embeddable":true,"href":"https:\/\/esentevibrationale.com\/index.php?rest_route=%2Fwp%2Fv2%2Fproduct_cat&post=1113"},{"taxonomy":"product_tag","embeddable":true,"href":"https:\/\/esentevibrationale.com\/index.php?rest_route=%2Fwp%2Fv2%2Fproduct_tag&post=1113"}],"curies":[{"name":"wp","href":"https:\/\/api.w.org\/{rel}","templated":true}]}}