{"id":1119,"date":"2018-10-31T13:46:15","date_gmt":"2018-10-31T12:46:15","guid":{"rendered":"http:\/\/phiessences.com\/Romania\/?post_type=product&#038;p=1119"},"modified":"2025-12-30T18:49:27","modified_gmt":"2025-12-30T16:49:27","slug":"mimulus-floarea-maimuta","status":"publish","type":"product","link":"https:\/\/esentevibrationale.com\/?product=mimulus-floarea-maimuta","title":{"rendered":"Mimulus \/ Mimulus"},"content":{"rendered":"<p><strong>(Mimulus guttatus) <\/strong><\/p>\n<p><em>Mimulus este o plant\u0103 care cre\u0219te neprotejat\u0103 pe malurile curen\u021bilor apelor curate. Poate ajunge p\u00e2n\u0103 la 50 cm \u00een\u0103l\u021bime. Frunzele sale sunt ascu\u021bite crestate \u0219i opuse. Florile sale sunt cuprinse \u00eentre 25 &#8211; 35 mm. Se deschid \u00eentre lunile iunie &#8211; august.<\/em><\/p>\n<p><strong><em>Efectul Esen\u021bei: <\/em><\/strong>Esen\u021ba Mimulusului ne ajut\u0103 s\u0103 dep\u0103\u0219im frica de lucruri specifice, de exemplu: frica de p\u0103ienjeni, \u0219erpi \u0219i de multe alte lucruri.<\/p>\n<p><strong><em>Efectul Esen\u021bei la Nivel Fizic: <\/em><\/strong>Oamenii care au diferite temeri sunt de obicei atra\u0219i de esen\u021ba de Mimulus. Fricile pot ap\u0103rea \u00een multe inconvenien\u021be corporale. Esen\u021ba ne ajut\u0103 s\u0103 identific\u0103m fricile noastre, s\u0103 le \u00een\u021belegem, s\u0103 le accept\u0103m deschi\u0219i \u0219i s\u0103 le elimin\u0103m. Se vor dezvolta \u00een noi curajul \u0219i \u00eencrederea, pentru a crea o nou\u0103 baz\u0103 pentru o via\u021b\u0103 f\u0103r\u0103 fric\u0103.<\/p>\n<p><strong><em>Efectul Esen\u021bei la Nivel Emo\u021bional: <\/em><\/strong>\u00cen timpul st\u0103rilor de hipersensibilitate apar frici \u0219i fobii intense, care sunt concrete \u0219i con\u0219tiente. Cu esen\u021b\u0103, anumite frici pot fi diminuate, cum ar fi: frica de \u00een\u0103l\u021bime, de a zbura, de mase de oameni, de spa\u021bii \u00eenchise, de ap\u0103, de plante mari, etc. Esen\u021ba ne ajut\u0103 s\u0103 vorbim cu alte persoane f\u0103r\u0103 fric\u0103. Vom putea reflecta asupra emo\u021biilor cu mintea limpede. Asta va un pas major \u00een eliminarea lor.<\/p>\n<p><em><strong>Efectul Esen\u021bei la Nivel Mental: <\/strong>Cu esen\u021ba <\/em>ne putem \u00eent\u0103ri for\u021ba mental\u0103 \u00eempotriva fricii. \u00cenv\u0103\u021b\u0103m s\u0103 evalu\u0103m riscurile \u00een mod ra\u021bional, \u00een timp ce lu\u0103m \u00een considerare dificult\u0103\u021bile ca f\u0103c\u00e2nd parte din procesul nostru de evolu\u021bie. Vom putea sc\u0103pa de g\u00e2ndurile \u0219i de temerile posesiei \u0219i se va reduce tendin\u021ba de a am\u00e2na anumite chestiuni. Esen\u021ba ne d\u0103 curajul s\u0103 facem fa\u021b\u0103 conversa\u021biilor \u0219i examenelor.<\/p>\n<p><strong><em>Efectul Esen\u021bei la Nivel Spiritual: <\/em><\/strong>S\u0103 \u00ee\u021bi dep\u0103\u0219e\u0219ti propriile frici \u00eenseamn\u0103, \u00een acela\u0219i timp, s\u0103 fi capabil s\u0103 te desprinzi din tine \u00eensu\u021bi. Esen\u021ba de Mimulus stimuleaz\u0103 receptivitatea spiritual\u0103 \u0219i predispozi\u021bia de a fi apt s\u0103 consideri situa\u021bia care cauzeaz\u0103 frica din alte perspective. Cu scopul de a face asta, este necesar s\u0103 putem recunoa\u0219te \u00eencrusta\u021biile, care ne domin\u0103 \u0219i astfel s\u0103 \u00eencepem s\u0103 le dizolv\u0103m.<\/p>\n<p><strong><em>Afirma\u021bia: <\/em><\/strong>Sunt pe plin\/\u0103 de curaj \u0219i putere. M\u0103 \u00eentreb care sunt fricile mele \u0219i le v\u0103d disp\u0103r\u00e2nd gradual.<\/p>\n","protected":false},"excerpt":{"rendered":"<p>(Mimulus guttatus) Mimulus este o plant\u0103 care cre\u0219te neprotejat\u0103 pe malurile curen\u021bilor apelor curate. Poate ajunge p\u00e2n\u0103 la 50 cm \u00een\u0103l\u021bime. Frunzele sale sunt ascu\u021bite crestate \u0219i opuse. Florile sale sunt cuprinse \u00eentre 25 &#8211; 35 mm. Se deschid \u00eentre lunile iunie &#8211; august. Efectul Esen\u021bei: Esen\u021ba Mimulusului ne ajut\u0103 s\u0103 dep\u0103\u0219im frica de lucruri &hellip; <a href=\"https:\/\/esentevibrationale.com\/?product=mimulus-floarea-maimuta\" class=\"more-link\">Continu\u0103 lectura <span class=\"screen-reader-text\">Mimulus \/ Mimulus<\/span> <span class=\"meta-nav\">&rarr;<\/span><\/a><\/p>\n","protected":false},"featured_media":13099,"template":"","meta":[],"product_brand":[],"product_cat":[20],"product_tag":[],"class_list":{"0":"post-1119","1":"product","2":"type-product","3":"status-publish","4":"has-post-thumbnail","6":"product_cat-esente-de-flori-clasice-bach","7":"pa_size-15ml","8":"pa_size-30ml","10":"first","11":"instock","12":"shipping-taxable","13":"purchasable","14":"product-type-variable","15":"has-default-attributes"},"_links":{"self":[{"href":"https:\/\/esentevibrationale.com\/index.php?rest_route=\/wp\/v2\/product\/1119","targetHints":{"allow":["GET"]}}],"collection":[{"href":"https:\/\/esentevibrationale.com\/index.php?rest_route=\/wp\/v2\/product"}],"about":[{"href":"https:\/\/esentevibrationale.com\/index.php?rest_route=\/wp\/v2\/types\/product"}],"wp:featuredmedia":[{"embeddable":true,"href":"https:\/\/esentevibrationale.com\/index.php?rest_route=\/wp\/v2\/media\/13099"}],"wp:attachment":[{"href":"https:\/\/esentevibrationale.com\/index.php?rest_route=%2Fwp%2Fv2%2Fmedia&parent=1119"}],"wp:term":[{"taxonomy":"product_brand","embeddable":true,"href":"https:\/\/esentevibrationale.com\/index.php?rest_route=%2Fwp%2Fv2%2Fproduct_brand&post=1119"},{"taxonomy":"product_cat","embeddable":true,"href":"https:\/\/esentevibrationale.com\/index.php?rest_route=%2Fwp%2Fv2%2Fproduct_cat&post=1119"},{"taxonomy":"product_tag","embeddable":true,"href":"https:\/\/esentevibrationale.com\/index.php?rest_route=%2Fwp%2Fv2%2Fproduct_tag&post=1119"}],"curies":[{"name":"wp","href":"https:\/\/api.w.org\/{rel}","templated":true}]}}