{"id":1123,"date":"2018-10-31T13:56:36","date_gmt":"2018-10-31T12:56:36","guid":{"rendered":"http:\/\/phiessences.com\/Romania\/?post_type=product&#038;p=1123"},"modified":"2025-12-30T18:50:17","modified_gmt":"2025-12-30T16:50:17","slug":"mustard-mustar-salbatic","status":"publish","type":"product","link":"https:\/\/esentevibrationale.com\/?product=mustard-mustar-salbatic","title":{"rendered":"Mustard \/ Mu\u015ftar S\u0103lbatic"},"content":{"rendered":"<p><strong><em>\u00a0 <\/em><\/strong><strong>(Sinapsis arvensis)<\/strong><\/p>\n<p><em>Mu\u0219tarul S\u0103lbatic poate cre\u0219te subit, de exemplu: \u00een mijlocul unui c\u00e2mp proasp\u0103t arat, pe soluri necultivate sau pe marginea drumurilor noi. Aceast\u0103 plant\u0103 nativ\u0103 poate ajunge p\u00e2n\u0103 la maxim 70 cm \u00een\u0103l\u021bime \u0219i cre\u0219te pe soluri s\u0103race, s\u0103rate, alcaline din nordul Europei. Frunzele sale cresc indvidual, acestea sunt mari, suprapuse, zim\u021bate \u0219i catifelate. Florile au patru petale \u0219i se deschid \u00eentre lunile mai \u0219i septembrie.<\/em><\/p>\n<p><strong><em>Efectul Esen\u021bei: <\/em><\/strong>Esen\u021ba Mu\u0219tarului alung\u0103 norul \u00eentunecat, pe care \u00een vedem \u00een jurul nostru. Este mai u\u0219or s\u0103 accept\u0103m umbra, astfel \u00eenc\u00e2t s\u0103 ne \u00eentoarcem mai u\u0219or la lumin\u0103.<\/p>\n<p><strong><em>Efectul Esen\u021bei la Nivel Fizic: <\/em><\/strong>Melancolia \u0219i toanele de depresie pot conduce la un deficit de energie \u0219i la o varietate de afec\u021biuni ale corpului. Din punct de vedere energetic, esen\u021ba Mu\u0219tarului aduce o stabilitate nou\u0103, c\u0103ldur\u0103 \u0219i distrage aten\u021bia, astfel stimuleaz\u0103 dispari\u021bia problemelor corporale. Esen\u021ba este de ajutor pentru a dep\u0103\u0219i perioada de schimbare din anii care preced menopauza \u0219i se recomand\u0103 \u00een combina\u021bie cu Scleranthus. Totodat\u0103, poate fi recomandat\u0103, pentru dep\u0103\u0219irea conflictelor din timpul pubert\u0103\u021bii.<\/p>\n<p><strong><em>Efectul Esen\u021bei la Nivel Emo\u021bional: <\/em><\/strong>C\u00e2nd depresia domin\u0103 emo\u021biile noastre ne sim\u021bim prizonierii unei melancolii nedefinite. R\u0103m\u00e2nem complet pasivi paraliza\u021bi \u0219i deta\u0219a\u021bi de via\u021b\u0103. Alte semne sunt: lipsa sim\u021bului umorului, pesimismul, depresia endogen\u0103 \u0219i comportamentul de a fi introvertit.\u00a0 Aici, esen\u021ba Mu\u0219tarului ne ajut\u0103 s\u0103 sc\u0103p\u0103m de mediul negativ al vie\u021bii presiunile sale. Pe de alt\u0103 parte, putem s\u0103 \u00eenfrunt\u0103m \u0219i s\u0103 rezolv\u0103m alte experien\u021be \u0219ocante \u0219i presiuni psihice.<\/p>\n<p><strong><em>Efectul Esen\u021bei la Nivel Mental: <\/em><\/strong>Esen\u021ba Mu\u0219tarului stimuleaz\u0103 for\u021ba noastr\u0103 interi- oar\u0103, \u00eenfr\u00e2nge g\u00e2ndurile negative sau depresia. \u00cen fa\u021ba tuturor acestor pagube ne putem opune printr-o stabilitatea interioar\u0103 \u0219i o bucurie de via\u021ba neclintit\u0103. Energia noastr\u0103 mental\u0103 se va manifesta ar\u0103t\u00e2ndu-ne c\u0103 suntem destul de puternici s\u0103 ne impunem \u00een fa\u021ba problemelor. Mai u\u0219or vom identifica \u0219i accepta triste\u021bea.<\/p>\n<p><strong><em>Efectul Esen\u021bei la Nivel Spiritual: <\/em><\/strong>Datorit\u0103 schimb\u0103rilor care au loc la nivelul con\u0219tiin\u021bei noastre, cu ajutorul esen\u021bei Mu\u0219tarului vom fi capabili s\u0103 sc\u0103p\u0103m de regulile \u0219i restric\u021biile demodate. Suntem plasa\u021bi la o \u00een\u0103l\u021bime superioar\u0103 vom putea observa aceste schimb\u0103ri \u0219i \u00een acela\u0219i timp, energia \u0219i creativitatea proprie ne vor duce spre \u00eendeplinirea obiectivelor.<\/p>\n<p><strong><em>Afirma\u021bia: <\/em><\/strong>Recunosc\u00e2nd \u00eentunericul, pot s\u0103 reg\u0103sesc lumina \u0219i s\u0103 percep armonia \u0219i fericirea.<\/p>\n","protected":false},"excerpt":{"rendered":"<p>\u00a0 (Sinapsis arvensis) Mu\u0219tarul S\u0103lbatic poate cre\u0219te subit, de exemplu: \u00een mijlocul unui c\u00e2mp proasp\u0103t arat, pe soluri necultivate sau pe marginea drumurilor noi. Aceast\u0103 plant\u0103 nativ\u0103 poate ajunge p\u00e2n\u0103 la maxim 70 cm \u00een\u0103l\u021bime \u0219i cre\u0219te pe soluri s\u0103race, s\u0103rate, alcaline din nordul Europei. Frunzele sale cresc indvidual, acestea sunt mari, suprapuse, zim\u021bate \u0219i &hellip; <a href=\"https:\/\/esentevibrationale.com\/?product=mustard-mustar-salbatic\" class=\"more-link\">Continu\u0103 lectura <span class=\"screen-reader-text\">Mustard \/ Mu\u015ftar S\u0103lbatic<\/span> <span class=\"meta-nav\">&rarr;<\/span><\/a><\/p>\n","protected":false},"featured_media":13100,"template":"","meta":[],"product_brand":[],"product_cat":[20],"product_tag":[],"class_list":{"0":"post-1123","1":"product","2":"type-product","3":"status-publish","4":"has-post-thumbnail","6":"product_cat-esente-de-flori-clasice-bach","7":"pa_size-15ml","8":"pa_size-30ml","10":"first","11":"instock","12":"shipping-taxable","13":"purchasable","14":"product-type-variable","15":"has-default-attributes"},"_links":{"self":[{"href":"https:\/\/esentevibrationale.com\/index.php?rest_route=\/wp\/v2\/product\/1123","targetHints":{"allow":["GET"]}}],"collection":[{"href":"https:\/\/esentevibrationale.com\/index.php?rest_route=\/wp\/v2\/product"}],"about":[{"href":"https:\/\/esentevibrationale.com\/index.php?rest_route=\/wp\/v2\/types\/product"}],"wp:featuredmedia":[{"embeddable":true,"href":"https:\/\/esentevibrationale.com\/index.php?rest_route=\/wp\/v2\/media\/13100"}],"wp:attachment":[{"href":"https:\/\/esentevibrationale.com\/index.php?rest_route=%2Fwp%2Fv2%2Fmedia&parent=1123"}],"wp:term":[{"taxonomy":"product_brand","embeddable":true,"href":"https:\/\/esentevibrationale.com\/index.php?rest_route=%2Fwp%2Fv2%2Fproduct_brand&post=1123"},{"taxonomy":"product_cat","embeddable":true,"href":"https:\/\/esentevibrationale.com\/index.php?rest_route=%2Fwp%2Fv2%2Fproduct_cat&post=1123"},{"taxonomy":"product_tag","embeddable":true,"href":"https:\/\/esentevibrationale.com\/index.php?rest_route=%2Fwp%2Fv2%2Fproduct_tag&post=1123"}],"curies":[{"name":"wp","href":"https:\/\/api.w.org\/{rel}","templated":true}]}}