{"id":1127,"date":"2018-10-31T14:08:33","date_gmt":"2018-10-31T13:08:33","guid":{"rendered":"http:\/\/phiessences.com\/Romania\/?post_type=product&#038;p=1127"},"modified":"2025-12-30T18:51:20","modified_gmt":"2025-12-30T16:51:20","slug":"oak-stejar","status":"publish","type":"product","link":"https:\/\/esentevibrationale.com\/?product=oak-stejar","title":{"rendered":"Oak \/ Stejar"},"content":{"rendered":"<p><em>(Quercus robur)<\/em><\/p>\n<p><em>Stejarul este \u00eempr\u0103\u0219tiat \u00een toate zonele nordice, temperate de pe glob. Un copac puternic \u0219i maiestos care poate ajunge p\u00e2n\u0103 la 35 m \u00een\u0103l\u021bime \u0219i poate tr\u0103i p\u00e2n\u0103 la 700 de ani. Frunzele sale au marginile ondulate \u0219i asta face s\u0103 nu \u00ee\u0219i piard\u0103 frunzi\u0219ul complet, chiar \u0219i pe timpul iernii. \u00cen mod general, prima oar\u0103 c\u00e2nd \u00eenflore\u0219te un copac de stejar este dup\u0103 50 &#8211; 80 de ani de via\u021ba. \u00cenflore\u0219te \u00eentre lunile aprilie \u0219i iunie. Florile femele arat\u0103 ca ni\u0219te butoni ro\u0219ii; m\u00e2\u021bi\u0219ori masculini se aseam\u0103n\u0103 cu corzile \u00eennodate. Fructul este ghinda.<\/em><\/p>\n<p><strong><em>Efectul Esen\u021bei: <\/em><\/strong>Esen\u021ba Stejarului poate fi aplicat\u0103 ca noi s\u0103 \u00eenv\u0103\u021b\u0103m s\u0103 ne gestion\u0103m puterea. Ne transmite o energie nou\u0103 atunci c\u00e2nd ne sim\u021bim complet epuiza\u021bi \u0219i ne permite s\u0103 ne sim\u021bim \u00een siguran\u021b\u0103 \u0219i proteja\u021bi. Sentimentele pot fi permise f\u0103r\u0103 a le vedea ca puncte slabe.<\/p>\n<p><strong><em>Efectul Esen\u021bei la Nivel Fizic: <\/em><\/strong>Munca excesiv\u0103 (obsesia pentru munc\u0103), f\u0103r\u0103 a ne permite s\u0103 ne odihnim, poate fi originea diferitelor inconvenien\u021be corporale. Esen\u021ba ne transmite inteligen\u021b\u0103 \u0219i tenacitate inepuizabil\u0103, curajul necesar, putere \u0219i calmitate. \u00cenv\u0103\u021b\u0103m s\u0103 ne apreciem limitele \u00een mod rezonabil \u0219i astfel, devenim abili s\u0103 ne acord\u0103m mai mult\u0103 lini\u0219te \u0219i distrac\u021bie.<\/p>\n<p><strong><em>Efectul Esen\u021bei la Nivel Emo\u021bional: <\/em><\/strong>Esen\u021ba poate fi recomandat\u0103 ca un reglator natural al for\u021bei noastre. Aduce energie \u00eentregului organism, deci transmite \u0219i energie interioar\u0103 ca s\u0103 putem spune &#8222;nu&#8221; exploat\u0103rii personale. Odat\u0103 ce am \u00eenv\u0103\u021bat s\u0103 ne m\u0103sur\u0103m corect energia proprie, vom putea s\u0103 altern\u0103m \u00een mod armonios \u00eentre munc\u0103 \u0219i distrac\u021bie. Esen\u021ba este indicat\u0103 acelora care au func\u021bii de conducere \u0219i le d\u0103 o perspectiv\u0103<\/p>\n<p>nou\u0103: persoana care nu se bucur\u0103 este acr\u0103.<\/p>\n<p><strong><em>Efectul Esen\u021bei la Nivel Mental: <\/em><\/strong>Esen\u021ba ajut\u0103 la dizolvarea conceptelor de via\u021b\u0103 rigide. Recunoa\u0219tem c\u0103 mai mult\u0103 flexibilitate, mai mult\u0103 relaxare \u0219i pl\u0103cere pot \u00eembun\u0103t\u0103\u021bii munca de zi cu zi. \u00cen acest fel vom putea crea un nou model de munc\u0103 mental, care se caracterizeaz\u0103 printr-o mare \u00een\u021belegere \u0219i empatie fa\u021b\u0103 de sine \u0219i de ceilal\u021bi. \u00cen timpul provoc\u0103rilor profesionale extreme esen\u021ba ajut\u0103 la st\u0103p\u00e2nirea sarcinii \u0219i permite dezvoltarea conformit\u0103\u021bii \u0219i a dorin\u021bei de compromis.<\/p>\n<p><strong><em>Efectul Esen\u021bei la Nivel Spiritual: <\/em><\/strong>Cu esen\u021ba vom primi o energie \u00eennoit\u0103 pentru sarcinile noastre \u0219i \u00een plus, vom fi capabili s\u0103 \u00een\u021belegem c\u00e2nd energia ni se epuizeaz\u0103. \u00centruc\u00e2t senzitivitatea noastr\u0103 se ascute, vom putea sim\u021bi \u00een orice domeniu al vie\u021bii noastre. Nu vom mai avansa b\u00e2jb\u00e2ind dup\u0103 obiectivele noastre, \u00eens\u0103 vom fi ghida\u021bi de Sinele Superior.<\/p>\n<p><strong><em>Afirma\u021bia: <\/em><\/strong>Am timp pentru munc\u0103 \u0219i distrac\u021bie, energia \u0219i senin\u0103tatea sunt \u00een mine.<\/p>\n<p>&nbsp;<\/p>\n","protected":false},"excerpt":{"rendered":"<p>(Quercus robur) Stejarul este \u00eempr\u0103\u0219tiat \u00een toate zonele nordice, temperate de pe glob. Un copac puternic \u0219i maiestos care poate ajunge p\u00e2n\u0103 la 35 m \u00een\u0103l\u021bime \u0219i poate tr\u0103i p\u00e2n\u0103 la 700 de ani. Frunzele sale au marginile ondulate \u0219i asta face s\u0103 nu \u00ee\u0219i piard\u0103 frunzi\u0219ul complet, chiar \u0219i pe timpul iernii. \u00cen mod &hellip; <a href=\"https:\/\/esentevibrationale.com\/?product=oak-stejar\" class=\"more-link\">Continu\u0103 lectura <span class=\"screen-reader-text\">Oak \/ Stejar<\/span> <span class=\"meta-nav\">&rarr;<\/span><\/a><\/p>\n","protected":false},"featured_media":13101,"template":"","meta":[],"product_brand":[],"product_cat":[20],"product_tag":[],"class_list":{"0":"post-1127","1":"product","2":"type-product","3":"status-publish","4":"has-post-thumbnail","6":"product_cat-esente-de-flori-clasice-bach","7":"pa_size-15ml","8":"pa_size-30ml","10":"first","11":"instock","12":"shipping-taxable","13":"purchasable","14":"product-type-variable","15":"has-default-attributes"},"_links":{"self":[{"href":"https:\/\/esentevibrationale.com\/index.php?rest_route=\/wp\/v2\/product\/1127","targetHints":{"allow":["GET"]}}],"collection":[{"href":"https:\/\/esentevibrationale.com\/index.php?rest_route=\/wp\/v2\/product"}],"about":[{"href":"https:\/\/esentevibrationale.com\/index.php?rest_route=\/wp\/v2\/types\/product"}],"wp:featuredmedia":[{"embeddable":true,"href":"https:\/\/esentevibrationale.com\/index.php?rest_route=\/wp\/v2\/media\/13101"}],"wp:attachment":[{"href":"https:\/\/esentevibrationale.com\/index.php?rest_route=%2Fwp%2Fv2%2Fmedia&parent=1127"}],"wp:term":[{"taxonomy":"product_brand","embeddable":true,"href":"https:\/\/esentevibrationale.com\/index.php?rest_route=%2Fwp%2Fv2%2Fproduct_brand&post=1127"},{"taxonomy":"product_cat","embeddable":true,"href":"https:\/\/esentevibrationale.com\/index.php?rest_route=%2Fwp%2Fv2%2Fproduct_cat&post=1127"},{"taxonomy":"product_tag","embeddable":true,"href":"https:\/\/esentevibrationale.com\/index.php?rest_route=%2Fwp%2Fv2%2Fproduct_tag&post=1127"}],"curies":[{"name":"wp","href":"https:\/\/api.w.org\/{rel}","templated":true}]}}