{"id":1131,"date":"2018-10-31T14:17:24","date_gmt":"2018-10-31T13:17:24","guid":{"rendered":"http:\/\/phiessences.com\/Romania\/?post_type=product&#038;p=1131"},"modified":"2025-12-30T18:52:14","modified_gmt":"2025-12-30T16:52:14","slug":"olive-maslina","status":"publish","type":"product","link":"https:\/\/esentevibrationale.com\/?product=olive-maslina","title":{"rendered":"Olive \/ M\u0103slin\u0103"},"content":{"rendered":"<p><strong>(Olea europaea)<\/strong><\/p>\n<p><em>M\u0103slinul prefer\u0103 solurile \u00eensorite \u0219i uscate din bazinul Mediteraneean, Australia, Noua Zeeland\u0103. Se caracterizeaz\u0103 printr-o putere uimitoare de regenerare, frunzele sale \u00eencol\u021besc din nou, chiar \u0219i dup\u0103 un incendiu. Poate ajunge p\u00e2n\u0103 la 15 m \u00een\u0103l\u021bime \u0219i poate tr\u0103i 100 de ani. Frunzele sale, mereu verzi \u0219i opuse, sunt cornacee \u0219i lanceolate \u0219i pot ajunge p\u00e2n\u0103 la 6 cm lungime. Florile cresc din pe\u021biolul frunzelor \u00een racem. Florile cresc c\u00e2te patru, au culoarea crem \u0219i \u00eenfloresc \u00eentre lunile mai \u0219i iunie. Fructele sale sunt m\u0103slinele.<\/em><\/p>\n<p><strong><em>Efectul Esen\u021bei: <\/em><\/strong>Esen\u021ba M\u0103slinei poate fi administrat\u0103 \u00een cazurile de oboseal\u0103. Furnizeaz\u0103 un sprijin deosebit \u00een momentele dificile \u0219i stimuleaz\u0103 for\u021ba interioar\u0103<\/p>\n<p><strong><em>Efectul Esen\u021bei la Nivel Fizic: <\/em><\/strong>Cei care sunt complet extenua\u021bi din diverse motive, g\u0103sesc \u00een esen\u021ba M\u0103slinei o putere re\u00eennoit\u0103 \u0219i \u00ee\u0219i pot regenera afec\u021biunile corporale. Esen\u021ba confer\u0103 o senza\u021bie de s\u0103n\u0103tate, a\u0219a cum restabile\u0219te mi\u0219carea fluxului energetic. O calitate important\u0103 a esen\u021bei este aceea c\u0103 persoana \u00eenva\u021b\u0103 s\u0103 se amuze de ea \u00eens\u0103\u0219i \u0219i s\u0103 se deconecteze de la activit\u0103\u021bi, c\u00e2nd este necesar. Totodat\u0103, este util\u0103 celor care lucreaz\u0103 ca terapeu\u021bi \u0219i tind s\u0103 se epuizeze \u0219i s\u0103 dezvolte prea pu\u021bin\u0103 auto-protec\u021bie.<\/p>\n<p><strong><em>Efectul Esen\u021bei la Nivel Emo\u021bional: <\/em><\/strong>Atunci c\u00e2nd ne sim\u021bim obosi\u021bi, consuma\u021bi sau extenua\u021bi, avem tendin\u021ba s\u0103 fim depresivi \u0219i prefer\u0103m s\u0103 ne \u00eengrop\u0103m inima \u00een triste\u021be. Esen\u021ba poate ac\u021biona ca o m\u00e2n\u0103 ferm \u00eentins\u0103 pe care o putem apuca. Ne d\u0103 lini\u0219te, armonie \u0219i senza\u021bia de siguran\u021b\u0103. Ne vom colecta for\u021ba, ne vom bucura f\u0103c\u00e2nd nimic \u0219i ne vom reface dup\u0103 perioade de timp dificile. Esen\u021ba este indicat\u0103, \u00een special celor care efectueaz\u0103 activit\u0103\u021bi care cer sacrificiu \u0219i au senza\u021bia c\u0103 sunt permanent neajutora\u021bi, au afec\u021biuni \u00eendelungate \u0219i p\u0103rin\u021bilor singuri. Disip\u0103 fricile noastre \u0219i ne furnizeaz\u0103 for\u021ba \u0219i energia necesar\u0103 s\u0103 ne \u00eendeplinim sarcini- le.<\/p>\n<p><strong><em>Efectul Esen\u021bei la Nivel Mental: <\/em><\/strong>Esen\u021ba aduce schimbarea g\u00e2ndirii. Putem ob\u021bine rezultate bune \u0219i s\u0103 \u00eei ajut\u0103m pe al\u021bii, pentru c\u0103 ne acord\u0103m momente de lini\u0219tite regulat. \u0218i acestea \u00eencep \u00een capetele noastre, c\u00e2nd ne d\u0103m &#8222;permisiunea&#8221; s\u0103 facem ceva pentru noi.<\/p>\n<p><strong><em>Efectul Esen\u021bei la Nivel Spiritual: <\/em><\/strong>De exemplu: fluxul energiei superioare, care ne invadeaz\u0103, poate transforma medita\u021bia noastr\u0103, \u00eentr-o insul\u0103 real\u0103 de putere \u00een via\u021ba cotidian\u0103. Vom percepe via\u021b\u0103 \u0219i vom sim\u021bi c\u0103 suntem absorbi\u021bi \u00een ea \u0219i realiz\u0103m c\u0103 energia toat\u0103 vine de la Dumnezeu.<\/p>\n<p><strong><em>Afirma\u021bia: <\/em><\/strong>O energie nou\u0103 circul\u0103 \u00een interiorul meu, m\u0103 bucur de fericirea mea \u0219i \u00eemi \u00eenfrunt provoc\u0103rile \u00een mod ferm<\/p>\n","protected":false},"excerpt":{"rendered":"<p><strong>\u00a0<\/strong><\/p>\n<p>&nbsp;<\/p>\n","protected":false},"featured_media":13104,"template":"","meta":[],"product_brand":[],"product_cat":[20],"product_tag":[],"class_list":{"0":"post-1131","1":"product","2":"type-product","3":"status-publish","4":"has-post-thumbnail","6":"product_cat-esente-de-flori-clasice-bach","7":"pa_size-15ml","8":"pa_size-30ml","10":"first","11":"instock","12":"shipping-taxable","13":"purchasable","14":"product-type-variable","15":"has-default-attributes"},"_links":{"self":[{"href":"https:\/\/esentevibrationale.com\/index.php?rest_route=\/wp\/v2\/product\/1131","targetHints":{"allow":["GET"]}}],"collection":[{"href":"https:\/\/esentevibrationale.com\/index.php?rest_route=\/wp\/v2\/product"}],"about":[{"href":"https:\/\/esentevibrationale.com\/index.php?rest_route=\/wp\/v2\/types\/product"}],"wp:featuredmedia":[{"embeddable":true,"href":"https:\/\/esentevibrationale.com\/index.php?rest_route=\/wp\/v2\/media\/13104"}],"wp:attachment":[{"href":"https:\/\/esentevibrationale.com\/index.php?rest_route=%2Fwp%2Fv2%2Fmedia&parent=1131"}],"wp:term":[{"taxonomy":"product_brand","embeddable":true,"href":"https:\/\/esentevibrationale.com\/index.php?rest_route=%2Fwp%2Fv2%2Fproduct_brand&post=1131"},{"taxonomy":"product_cat","embeddable":true,"href":"https:\/\/esentevibrationale.com\/index.php?rest_route=%2Fwp%2Fv2%2Fproduct_cat&post=1131"},{"taxonomy":"product_tag","embeddable":true,"href":"https:\/\/esentevibrationale.com\/index.php?rest_route=%2Fwp%2Fv2%2Fproduct_tag&post=1131"}],"curies":[{"name":"wp","href":"https:\/\/api.w.org\/{rel}","templated":true}]}}