{"id":1135,"date":"2018-10-31T14:27:41","date_gmt":"2018-10-31T13:27:41","guid":{"rendered":"http:\/\/phiessences.com\/Romania\/?post_type=product&#038;p=1135"},"modified":"2025-12-30T18:53:28","modified_gmt":"2025-12-30T16:53:28","slug":"pine-pin","status":"publish","type":"product","link":"https:\/\/esentevibrationale.com\/?product=pine-pin","title":{"rendered":"Pine \/ Pin"},"content":{"rendered":"<p><strong>(Pinus sylvestris) <\/strong><\/p>\n<p><em>Pinul cre\u0219te pe soluri nisipoase, uscate calcaroase \u00een p\u0103durile din emisfera nordic\u0103. Are o cre\u0219tere constant\u0103. Este monoic \u0219i acele sale perene cresc \u00een grupe de dou\u0103 \u0219i ajung la 7 cm lungime. Acest copac puternic poate ajunge la 50 m \u00een\u0103l\u021bime. Scoar\u021ba sa eman\u0103 un miros pl\u0103cut \u0219i intens. Florile sale se deschid \u00een luna mai, cele feminine sunt ro\u0219ii \u0219i au form\u0103 de con, cele masculine sunt galbene sunt <i>\u00een form\u0103 de struguri.<\/i>Semin\u021bele con\u021bin ulei \u0219i sunt mature doar dup\u0103 doi ani.<\/em><\/p>\n<p><strong><em>Efectul Esen\u021bei: <\/em><\/strong>Esen\u021ba Pinului ajut\u0103 la dispari\u021bia g\u00e2ndurilor de vinov\u0103\u021bie. Totodat\u0103 ne face s\u0103 ne sim\u021bim satisf\u0103cu\u021bi de noi \u00een\u0219ine \u0219i de ac\u021biunile noastre. Con\u0219tientiz\u0103m c\u0103 nu este nimeni vinovat, fiindc\u0103 totul se datoreaz\u0103 Planului Divin.<\/p>\n<p><strong><em>Efectul Esen\u021bei la Nivel Fizic: <\/em><\/strong>Multe reac\u021bii corporale pot deriva de la sentimentul de vinov\u0103\u021bie. Umerii c\u0103zu\u021bi sunt adesea cele mai vizibile simptomele. Esen\u021ba Pinului din punct de vedere energetic favorizeaz\u0103 dispari\u021bia problemelor corporale, deoarece \u00eenv\u0103\u021b\u0103m s\u0103 elimin\u0103m sentimentele de vinov\u0103\u021bie.<\/p>\n<p><strong><em>Efectul Esen\u021bei la Nivel Emo\u021bional<\/em><\/strong>: Cu ajutorul Pinului nodurile emo\u021bionale pot fi sl\u0103bite. Aceast\u0103 esen\u021b\u0103 este un ajutor eficient pentru sentimentele de ru\u0219ine, conformism \u0219i problemele sexuale datorit\u0103 principiilor morale. Esen\u021ba Pinului are un efect de eliberare, ne permite s\u0103 sc\u0103p\u0103m de constr\u00e2ngerile morale, de autoritate, de tr\u0103s\u0103turile de automutilare \u0219i masochism \u00eendoial\u0103 de sine \u0219i asumarea vinov\u0103\u021biei. Tendin\u021ba compulsiv\u0103 spre perfec\u021bionism scade \u0219i \u00eenv\u0103\u021b\u0103m s\u0103 accept\u0103m dragostea f\u0103r\u0103 &#8222;plat\u0103 \u00een avans&#8221;. Ne accept\u0103m gre\u0219elile \u0219i ghinioanele \u0219i ne rec\u00e2\u0219tig\u0103m bucuria de via\u021b\u0103 \u00a0\u0219i capacitatea de a ne bucura<em>.<\/em><\/p>\n<p><strong><em>Efectul Esen\u021bei la Nivel Mental: <\/em><\/strong>Esen\u021ba Pinului stimuleaz\u0103 acceptarea de sine \u0219i responsabilitatea proprie. Arunc\u0103m obiceiurile \u0219i g\u00e2ndurile mo\u0219tenite de la alte persoane \u0219i ne dezvolt\u0103m independen\u021ba mental\u0103. A\u0219tept\u0103rile altor persoane nu mai sunt importante pentru noi \u0219i nu mai exist\u0103 sentimente de vin\u0103. Nu ne mai conform\u0103m s\u0103 accept\u0103m nedrept\u0103\u021bi \u0219i ne vom ap\u0103ra pe noi \u00een\u0219ine. Cu esen\u021ba vom deveni maturi \u0219i liberi \u00een g\u00e2ndire \u0219i \u00een ac\u021biuni.<\/p>\n<p><strong><em>Efectul Esen\u021bei la Nivel Spiritual: <\/em><\/strong>C\u00e2nd t\u00e2njim dup\u0103 libertate \u0219i lumin\u0103 \u00een via\u021b\u0103, esen\u021ba poate fi de mare ajutor \u00een g\u0103sirea lor. Vom fi capabili s\u0103 sc\u0103p\u0103m de vechile acuza\u021bii de vinov\u0103\u021bie (cele care veneau dinspre p\u0103rin\u021bii no\u0219tri) \u0219i s\u0103 le uit\u0103m. Cu un astfel de pas important vom ajunge la un nou nivel de con\u0219tiin\u021b\u0103. Recunoa\u0219tem \u0219i ne asum\u0103m responsabilit\u0103\u021bile vie\u021bii noastre.<\/p>\n<p><strong><em>Afirma\u021bia: <\/em><\/strong>M\u0103 eliberez. Nu exist\u0103 vinova\u021bi!<\/p>\n","protected":false},"excerpt":{"rendered":"<p>(Pinus sylvestris) Pinul cre\u0219te pe soluri nisipoase, uscate calcaroase \u00een p\u0103durile din emisfera nordic\u0103. Are o cre\u0219tere constant\u0103. Este monoic \u0219i acele sale perene cresc \u00een grupe de dou\u0103 \u0219i ajung la 7 cm lungime. Acest copac puternic poate ajunge la 50 m \u00een\u0103l\u021bime. Scoar\u021ba sa eman\u0103 un miros pl\u0103cut \u0219i intens. Florile sale se &hellip; <a href=\"https:\/\/esentevibrationale.com\/?product=pine-pin\" class=\"more-link\">Continu\u0103 lectura <span class=\"screen-reader-text\">Pine \/ Pin<\/span> <span class=\"meta-nav\">&rarr;<\/span><\/a><\/p>\n","protected":false},"featured_media":13105,"template":"","meta":[],"product_brand":[],"product_cat":[20],"product_tag":[],"class_list":{"0":"post-1135","1":"product","2":"type-product","3":"status-publish","4":"has-post-thumbnail","6":"product_cat-esente-de-flori-clasice-bach","7":"pa_size-15ml","8":"pa_size-30ml","10":"first","11":"instock","12":"shipping-taxable","13":"purchasable","14":"product-type-variable","15":"has-default-attributes"},"_links":{"self":[{"href":"https:\/\/esentevibrationale.com\/index.php?rest_route=\/wp\/v2\/product\/1135","targetHints":{"allow":["GET"]}}],"collection":[{"href":"https:\/\/esentevibrationale.com\/index.php?rest_route=\/wp\/v2\/product"}],"about":[{"href":"https:\/\/esentevibrationale.com\/index.php?rest_route=\/wp\/v2\/types\/product"}],"wp:featuredmedia":[{"embeddable":true,"href":"https:\/\/esentevibrationale.com\/index.php?rest_route=\/wp\/v2\/media\/13105"}],"wp:attachment":[{"href":"https:\/\/esentevibrationale.com\/index.php?rest_route=%2Fwp%2Fv2%2Fmedia&parent=1135"}],"wp:term":[{"taxonomy":"product_brand","embeddable":true,"href":"https:\/\/esentevibrationale.com\/index.php?rest_route=%2Fwp%2Fv2%2Fproduct_brand&post=1135"},{"taxonomy":"product_cat","embeddable":true,"href":"https:\/\/esentevibrationale.com\/index.php?rest_route=%2Fwp%2Fv2%2Fproduct_cat&post=1135"},{"taxonomy":"product_tag","embeddable":true,"href":"https:\/\/esentevibrationale.com\/index.php?rest_route=%2Fwp%2Fv2%2Fproduct_tag&post=1135"}],"curies":[{"name":"wp","href":"https:\/\/api.w.org\/{rel}","templated":true}]}}