{"id":1139,"date":"2018-10-31T14:39:46","date_gmt":"2018-10-31T13:39:46","guid":{"rendered":"http:\/\/phiessences.com\/Romania\/?post_type=product&#038;p=1139"},"modified":"2025-12-30T18:54:41","modified_gmt":"2025-12-30T16:54:41","slug":"red-chestnut-castan-rosu","status":"publish","type":"product","link":"https:\/\/esentevibrationale.com\/?product=red-chestnut-castan-rosu","title":{"rendered":"Red Chestnut \/  Castan Ro\u015fu"},"content":{"rendered":"<p><strong>(Aesculus Carneea) <\/strong><\/p>\n<p><em>Castanul Ro\u0219u poate fi g\u0103sit \u00een parcuri \u0219i promenade \u00een Europa. Acest copac fragil, poate ajunge la 15 m \u00een\u0103l\u021bime. Florile sale de culoare ro\u0219u deschis \u00eenfloresc \u00eentre lunile mai \u0219i iunie, \u00een acela\u0219i timp cu frunzele sale, care sunt simetrice. Florile pot m\u0103sura \u00eentre 10 &#8211; 20 mm diametru \u0219i cresc aranjate \u00een forma unei lum\u00e2n\u0103ri ajung\u00e2nd p\u00e2n\u0103 la 10 &#8211; 20 cm lungime. Frunzele mari pot ar\u0103t\u0103 de la 5 &#8211; 7 &#8222;degete&#8221;, fructul este o capsul\u0103 cu 1 &#8211; 3 semin\u021be.<\/em><\/p>\n<p><strong><em>Efectul Esen\u021bei: <\/em><\/strong>Esen\u021ba Castanului Ro\u0219u ne permite s\u0103 fim t\u0103cu\u021bi c\u00e2nd suferim pentru starea celorlal\u021bi. Ne ajut\u0103 s\u0103 ne risipim \u00eengrijorarea pentru alte persoane \u0219i astfel, s\u0103 devenim un sprijin mai puternic.<\/p>\n<p><strong><em>Efectul Esen\u021bei la Nivel Fizic: <\/em><\/strong>Mamele sau p\u0103rin\u021bii care sufer\u0103 f\u0103r\u0103 motiv pentru copiii lor sunt atra\u0219i de esen\u021b\u0103. Anxietatea \u0219i frica interioar\u0103 ne pot conduce la numeroase tensiuni la nivel corporal. \u00cen cazul acestor simptome \u0219i cauze, esen\u021ba poate aduce \u00eencredere \u00een protec\u021bia Divin\u0103. Datorit\u0103 p\u0103cii \u0219i armoniei, inconvenien\u021bele corporale vor fi rezolvate, deoarece erau manifest\u0103ri ale agita\u021biei interioare.<\/p>\n<p><strong><em>Efectul Esen\u021bei la Nivel Emo\u021bional: <\/em><\/strong>C\u00e2nd ne \u00eengrijor\u0103m pentru ceilal\u021bi \u00een mod excesiv, sim\u021bim anxietate \u0219i fric\u0103 pentru starea celor dragi nou\u0103 \u0219i ni se pare dificil s\u0103 plec\u0103m de l\u00e2ng\u0103 ei. Tendin\u021ba de a avea premuni\u021bii negative este mereu prezent\u0103 \u0219i g\u00e2ndurile noastre negative pot conduce la apari\u021bia unor astfel de evenimente de temut. Esen\u021ba ne stimuleaz\u0103 abilitatea de a le permite mai u\u0219or celorlal\u021bi s\u0103 mearg\u0103 mai departe, putem s\u0103 \u00eei l\u0103s\u0103m &#8222;\u00een m\u00e2inile vie\u021bii&#8221; \u00een mod calm. Ne ajut\u0103 s\u0103 \u00eei l\u0103s\u0103m pe cei dragi s\u0103 plece f\u0103r\u0103 durere, dup\u0103 moarte.<\/p>\n<p><strong><em>Efectul Esen\u021bei la Nivel Mental: <\/em><\/strong>Esen\u021ba ne ajut\u0103 s\u0103 c\u0103p\u0103tam o serenitate profund\u0103 asu- pra g\u00e2ndurilor \u0219i s\u0103 ne sim\u021bim \u00een siguran\u021b\u0103. Vom putea identifica adev\u0103ratele motive ale fricilor noastre \u0219i vom accepta c\u0103 ceilal\u021bi au propriul lor destin, pe care este necesar s\u0103 \u00eel urmeze ei \u00een\u0219i\u0219i. Acest lucru creeaz\u0103 un mod de g\u00e2ndire independent, liber \u0219i pozitiv. Putem s\u0103 ne dezvolt\u0103m pe noi \u00een\u0219ine cu toat\u0103 for\u021ba noastr\u0103 mental\u0103 spre scopul nostru \u00een via\u021b\u0103. Esen\u021ba este recomandat\u0103 asistentelor, psihologilor, profesorilor, etc. Putem transmite g\u00e2nduri bune \u0219i constructive celorlal\u021bi.<\/p>\n<p><strong><em>Efectul Esen\u021bei la Nivel Spiritual: <\/em><\/strong>Cu esen\u021ba sim\u021bim c\u0103 facem parte din iubirea divin\u0103 \u0219i medita\u021bia cosmic\u0103. Implicit vom putea sta ca o &#8222;roc\u0103 \u00eempotriva valurilor&#8221;. Esen\u021ba aduce lini\u0219te \u0219i abilitatea de a ne deta\u0219a de ceilal\u021bi stimuleaz\u0103 speran\u021ba \u0219i \u00eencredere \u00een destin.<\/p>\n<p><strong><em>Afirma\u021bia: <\/em><\/strong>\u0218tiu c\u0103 to\u021bi avem protec\u021bie superioar\u0103. Am \u00eencredere \u0219i radiez energie bun\u0103.<\/p>\n","protected":false},"excerpt":{"rendered":"<p>(Aesculus Carneea) Castanul Ro\u0219u poate fi g\u0103sit \u00een parcuri \u0219i promenade \u00een Europa. Acest copac fragil, poate ajunge la 15 m \u00een\u0103l\u021bime. Florile sale de culoare ro\u0219u deschis \u00eenfloresc \u00eentre lunile mai \u0219i iunie, \u00een acela\u0219i timp cu frunzele sale, care sunt simetrice. Florile pot m\u0103sura \u00eentre 10 &#8211; 20 mm diametru \u0219i cresc aranjate &hellip; <a href=\"https:\/\/esentevibrationale.com\/?product=red-chestnut-castan-rosu\" class=\"more-link\">Continu\u0103 lectura <span class=\"screen-reader-text\">Red Chestnut \/  Castan Ro\u015fu<\/span> <span class=\"meta-nav\">&rarr;<\/span><\/a><\/p>\n","protected":false},"featured_media":1142,"template":"","meta":[],"product_brand":[],"product_cat":[20],"product_tag":[],"class_list":{"0":"post-1139","1":"product","2":"type-product","3":"status-publish","4":"has-post-thumbnail","6":"product_cat-esente-de-flori-clasice-bach","7":"pa_size-15ml","8":"pa_size-30ml","10":"first","11":"instock","12":"shipping-taxable","13":"purchasable","14":"product-type-variable","15":"has-default-attributes"},"_links":{"self":[{"href":"https:\/\/esentevibrationale.com\/index.php?rest_route=\/wp\/v2\/product\/1139","targetHints":{"allow":["GET"]}}],"collection":[{"href":"https:\/\/esentevibrationale.com\/index.php?rest_route=\/wp\/v2\/product"}],"about":[{"href":"https:\/\/esentevibrationale.com\/index.php?rest_route=\/wp\/v2\/types\/product"}],"wp:featuredmedia":[{"embeddable":true,"href":"https:\/\/esentevibrationale.com\/index.php?rest_route=\/wp\/v2\/media\/1142"}],"wp:attachment":[{"href":"https:\/\/esentevibrationale.com\/index.php?rest_route=%2Fwp%2Fv2%2Fmedia&parent=1139"}],"wp:term":[{"taxonomy":"product_brand","embeddable":true,"href":"https:\/\/esentevibrationale.com\/index.php?rest_route=%2Fwp%2Fv2%2Fproduct_brand&post=1139"},{"taxonomy":"product_cat","embeddable":true,"href":"https:\/\/esentevibrationale.com\/index.php?rest_route=%2Fwp%2Fv2%2Fproduct_cat&post=1139"},{"taxonomy":"product_tag","embeddable":true,"href":"https:\/\/esentevibrationale.com\/index.php?rest_route=%2Fwp%2Fv2%2Fproduct_tag&post=1139"}],"curies":[{"name":"wp","href":"https:\/\/api.w.org\/{rel}","templated":true}]}}