{"id":1143,"date":"2018-10-31T14:44:26","date_gmt":"2018-10-31T13:44:26","guid":{"rendered":"http:\/\/phiessences.com\/Romania\/?post_type=product&#038;p=1143"},"modified":"2025-12-30T18:55:41","modified_gmt":"2025-12-30T16:55:41","slug":"rock-rose-iarba-osului","status":"publish","type":"product","link":"https:\/\/esentevibrationale.com\/?product=rock-rose-iarba-osului","title":{"rendered":"Rock Rose \/ Iarba Osului"},"content":{"rendered":"<p><strong>(Helianthemum nummularium)<\/strong><\/p>\n<p><em>Iarba Osului cre\u0219te pe paji\u0219tile uscate \u0219i \u00eensorite \u0219i pe pantele st\u00e2ncoase ale lan\u021bului muntos jos. Este o plant\u0103 rezistent\u0103, care ajunge p\u00e2n\u0103 la 10 cm \u00een\u0103l\u021bime. Are o tulpin\u0103 ramificat\u0103. Frunzele sale sunt ovale \u0219i p\u0103roase. Florile au cinci petale \u0219i \u00eenfloresc din luna mai p\u00e2n\u0103 \u00een luna octombrie. Au \u00eentre 20 &#8211; 25 mm, de culoare galben-auriu \u0219i se ofilesc repede<\/em><\/p>\n<p><strong><em>Efectul Esen\u021bei: <\/em><\/strong>Esen\u021ba Ierbii Osului se poate aplica \u00een st\u0103rile de anxietate acut\u0103 cum ar fi panica sau frica de moarte. Ajut\u0103 la cre\u0219tere dincolo de sine, de exemplu: ajut\u0103 activ \u00een cazul unui accident. Ne ajut\u0103 s\u0103 ne desprindem de senza\u021bia c\u0103 nimic nu mai are sens. Pofta noastr\u0103 de via\u021b\u0103 cre\u0219te \u0219i suntem con\u0219tien\u021bi de for\u021ba noastr\u0103 c\u0103 putem schimba situa\u021bia.<\/p>\n<p><strong><em>Efectul Esen\u021bei la Nivel Fizic: <\/em><\/strong>St\u0103rile de fric\u0103 \u0219i de panic\u0103 pot cauza diverse inconvenien\u021be organice. Esen\u021be Ierbii Osului are un efect de dizolvare asupra panicii la nivel energetic \u0219i \u00een acest mod amelioreaz\u0103 crampele sau sl\u0103biciunile care duc la inconvenien\u021be organice.<\/p>\n<p><strong><em>Efectul Esen\u021bei la Nivel Emo\u021bional: <\/em><\/strong>St\u0103rile, care indic\u0103 lipsa esen\u021bei se manifesteaz\u0103 la persoanele care tr\u0103iesc situa\u021bii excep\u021bionale \u00een corpul sau mintea lor, cu ar fi dezastrele sau situa\u021biile de urgen\u021ba, atunci c\u00e2nd aparent nu exist\u0103 speran\u021ba. Esen\u021ba ajut\u0103 la dep\u0103\u0219irea situa\u021biilor \u0219i a st\u0103rilor de fric\u0103.<\/p>\n<p><strong><em>Efectul Esen\u021bei la Nivel Mental: <\/em><\/strong>Esen\u021ba \u00eencurajeaz\u0103 claritatea min\u021bii \u00een situa\u021biile de team\u0103 sau \u00een st\u0103rile de fric\u0103 \u00eendelungate. \u0218tim c\u0103 frica nu a fost niciodat\u0103 un mentor bun. Cu aceast\u0103 esen\u021b\u0103 dob\u00e2ndim \u00eencredere \u0219i putem prelua controlul asupra situa\u021biilor dificile. Problemele sunt rezolvate, atunci c\u00e2nd este ref\u0103cut\u0103 energia spiritual\u0103 prin eliberarea fricii \u0219i c\u00e2nd recunoa\u0219tem c\u0103 spiritul este indestructibil. Ne ajut\u0103 s\u0103 fim lucizi \u0219i s\u0103 c\u0103p\u0103t\u0103m control asupra fiec\u0103rei etape a vie\u021bii. Totodat\u0103, esen\u021ba este indicat\u0103 c\u00e2nd ap\u0103rem \u00een public \u0219i ne este fric\u0103 s\u0103 facem acest lucru.<\/p>\n<p><strong><em>Efectul Esen\u021bei la Nivel Spiritual: <\/em><\/strong>\u00cen situa\u021biile dificile, \u00een st\u0103rile de urgen\u021b\u0103 sau excep\u021bionale esen\u021ba ne a\u0219az\u0103 l\u00e2ng\u0103 Sinele Superior. Ac\u021bion\u0103m sub \u00eendrumare Divin\u0103, unde nu exist\u0103 fric\u0103. Esen\u021ba este indicat\u0103 \u00een cazul co\u0219marurile, ar trebui s\u0103 fie administrat\u0103 \u00eenainte de somn (metoda paharului cu ap\u0103).<\/p>\n<p><strong><em>Afirma\u021bia: <\/em><\/strong>Sunt relaxat\/\u0103 \u0219i apuc m\u00e2na lui Dumnezeu, care m\u0103 va ajuta s\u0103 r\u0103m\u00e2n calm\/\u0103 \u00een toate etapele vie\u021bii mele.<\/p>\n","protected":false},"excerpt":{"rendered":"<p><strong>\u00a0<\/strong><\/p>\n<p>&nbsp;<\/p>\n","protected":false},"featured_media":1146,"template":"","meta":[],"product_brand":[],"product_cat":[20],"product_tag":[],"class_list":{"0":"post-1143","1":"product","2":"type-product","3":"status-publish","4":"has-post-thumbnail","6":"product_cat-esente-de-flori-clasice-bach","7":"pa_size-15ml","8":"pa_size-30ml","10":"first","11":"instock","12":"shipping-taxable","13":"purchasable","14":"product-type-variable"},"_links":{"self":[{"href":"https:\/\/esentevibrationale.com\/index.php?rest_route=\/wp\/v2\/product\/1143","targetHints":{"allow":["GET"]}}],"collection":[{"href":"https:\/\/esentevibrationale.com\/index.php?rest_route=\/wp\/v2\/product"}],"about":[{"href":"https:\/\/esentevibrationale.com\/index.php?rest_route=\/wp\/v2\/types\/product"}],"wp:featuredmedia":[{"embeddable":true,"href":"https:\/\/esentevibrationale.com\/index.php?rest_route=\/wp\/v2\/media\/1146"}],"wp:attachment":[{"href":"https:\/\/esentevibrationale.com\/index.php?rest_route=%2Fwp%2Fv2%2Fmedia&parent=1143"}],"wp:term":[{"taxonomy":"product_brand","embeddable":true,"href":"https:\/\/esentevibrationale.com\/index.php?rest_route=%2Fwp%2Fv2%2Fproduct_brand&post=1143"},{"taxonomy":"product_cat","embeddable":true,"href":"https:\/\/esentevibrationale.com\/index.php?rest_route=%2Fwp%2Fv2%2Fproduct_cat&post=1143"},{"taxonomy":"product_tag","embeddable":true,"href":"https:\/\/esentevibrationale.com\/index.php?rest_route=%2Fwp%2Fv2%2Fproduct_tag&post=1143"}],"curies":[{"name":"wp","href":"https:\/\/api.w.org\/{rel}","templated":true}]}}