{"id":1147,"date":"2018-10-31T14:47:57","date_gmt":"2018-10-31T13:47:57","guid":{"rendered":"http:\/\/phiessences.com\/Romania\/?post_type=product&#038;p=1147"},"modified":"2025-12-30T18:56:38","modified_gmt":"2025-12-30T16:56:38","slug":"rock-water-apa-de-roca","status":"publish","type":"product","link":"https:\/\/esentevibrationale.com\/?product=rock-water-apa-de-roca","title":{"rendered":"Rock Water \/ Ap\u0103 de St\u00e2nc\u0103"},"content":{"rendered":"<p><strong>(Aqua petra) <\/strong><\/p>\n<p><em>Esen\u021ba Apei de St\u00e2nc\u0103 nu este o esen\u021ba floral\u0103. Este o esen\u021ba creat\u0103 cu ajutorul energiei apei care provine din izvoarele curg\u0103toare, libere, virgine, naturale \u0219i nu din cele canalizate, \u00een special, apele minerale.<\/em><\/p>\n<p><strong><em>Efectul Esen\u021bei: <\/em><\/strong>Esen\u021ba Apei de St\u00e2nc\u0103 ne ajut\u0103 s\u0103 devenim mai flexibili \u0219i s\u0103 ne iubim mai mult pe noi \u00een\u0219ine.<\/p>\n<p><strong><em>Efectul Esen\u021bei la Nivel Fizic: <\/em><\/strong>Auto- disciplina sever\u0103 \u0219i intransigen\u021ba au adesea un impact tangibil asupra corpului. \u00centr-un fel sau altul acestea simbolizeaz\u0103 rigiditatea, imobilitatea \u0219i \u00eencordarea. Esen\u021ba face ca energia noastr\u0103 s\u0103 circule din nou. Rigiditatea se \u00eenmoaie mai \u00eent\u00e2i la nivel energetic \u0219i apoi \u00een corp, \u00een acela\u0219i timp \u00een care sc\u0103p\u0103m de disciplina exagerat\u0103. Esen\u021ba poate fi aplicat\u0103 prin amestecarea sa cu uleiul de masaj pentru a trata zonele problematice.<\/p>\n<p><strong><em>Efectul Esen\u021bei la Nivel Emo\u021bional: <\/em><\/strong>Cei care \u00ee\u0219i tr\u0103iesc vie\u021bile supu\u0219i unei moralit\u0103\u021bi rigide \u0219i \u00ee\u0219i urmeaz\u0103 scopurile cu o disciplin\u0103 aspr\u0103, adesea uit\u0103 s\u0103 se bucure de via\u021b\u0103. Necesit\u0103\u021bile corporale \u0219i cele mentale sunt reprimate. Dogmatismul devine idealism flexibil. Esen\u021ba pune accentul \u0219i pe partea feminin\u0103 \u0219i bl\u00e2nd\u0103 din noi, pe l\u00e2ng\u0103 disciplin\u0103. Putem admite cele mai profunde dorin\u021be, care au fost reprimate o lung\u0103 perioad\u0103 de timp \u0219i s\u0103 ne rec\u0103p\u0103t\u0103m lipsa de preocupare, pe care o aveam \u00een adolescen\u021b\u0103.<\/p>\n<p><strong><em>Efectul Esen\u021bei la Nivel Mental: <\/em><\/strong>Cu esen\u021ba scopurile, obiectivele, convingerile \u0219i opiniile pot c\u0103p\u0103ta o calitate nou\u0103. Dac\u0103 \u00eenainte de utilizarea esen\u021bei g\u00e2ndurile noastre erau dominate de o mare disciplin\u0103 \u0219i de auto-mortificare \u00een jurul unei probleme care ne afecta, \u00een timp ce utiliz\u0103m esen\u021ba realiz\u0103m c\u0103 nu putem pierde perspectiva asupra vie\u021bii. G\u00e2ndurile vor fi pline de vioiciune \u0219i rec\u0103p\u0103t\u0103m bucuria de a tr\u0103i.<\/p>\n<p><strong><em>Efectul Esen\u021bei la Nivel Spiritual: <\/em><\/strong>Esen\u021ba Apei de St\u00e2nc\u0103 poate ajuta acele persoane care \u00ee\u0219i tr\u0103iesc spiritualitatea supus\u0103 puternic regulilor \u00een mare m\u0103sur\u0103. Se \u00eenvinov\u0103\u021besc pe ele \u00eensele, c\u00e2nd nu sunt capabile s\u0103 \u00ee\u0219i ating\u0103 obiectivele provocatoare. Esen\u021ba treze\u0219te \u00een noi con\u0219tiin\u021ba amor\u021bit\u0103, \u00eenv\u0103\u021b\u00e2ndu-ne c\u0103 Dumnezeu nu se g\u0103se\u0219te \u00een automistificarea noastr\u0103, ci \u00eel g\u0103sim c\u00e2nd ne dedic\u0103m fluxul vie\u021bii noastre dragostei.<\/p>\n<p><strong><em>Afirma\u021bia: <\/em><\/strong>M\u0103 \u00eencredin\u021bez fluxului vie\u021bii \u0219i m\u0103 deschid experien\u021belor noi \u0219i fericirii.<\/p>\n","protected":false},"excerpt":{"rendered":"<p>(Aqua petra) Esen\u021ba Apei de St\u00e2nc\u0103 nu este o esen\u021ba floral\u0103. Este o esen\u021ba creat\u0103 cu ajutorul energiei apei care provine din izvoarele curg\u0103toare, libere, virgine, naturale \u0219i nu din cele canalizate, \u00een special, apele minerale. Efectul Esen\u021bei: Esen\u021ba Apei de St\u00e2nc\u0103 ne ajut\u0103 s\u0103 devenim mai flexibili \u0219i s\u0103 ne iubim mai mult pe &hellip; <a href=\"https:\/\/esentevibrationale.com\/?product=rock-water-apa-de-roca\" class=\"more-link\">Continu\u0103 lectura <span class=\"screen-reader-text\">Rock Water \/ Ap\u0103 de St\u00e2nc\u0103<\/span> <span class=\"meta-nav\">&rarr;<\/span><\/a><\/p>\n","protected":false},"featured_media":1150,"template":"","meta":[],"product_brand":[],"product_cat":[20],"product_tag":[],"class_list":{"0":"post-1147","1":"product","2":"type-product","3":"status-publish","4":"has-post-thumbnail","6":"product_cat-esente-de-flori-clasice-bach","7":"pa_size-15ml","8":"pa_size-30ml","10":"first","11":"instock","12":"shipping-taxable","13":"purchasable","14":"product-type-variable","15":"has-default-attributes"},"_links":{"self":[{"href":"https:\/\/esentevibrationale.com\/index.php?rest_route=\/wp\/v2\/product\/1147","targetHints":{"allow":["GET"]}}],"collection":[{"href":"https:\/\/esentevibrationale.com\/index.php?rest_route=\/wp\/v2\/product"}],"about":[{"href":"https:\/\/esentevibrationale.com\/index.php?rest_route=\/wp\/v2\/types\/product"}],"wp:featuredmedia":[{"embeddable":true,"href":"https:\/\/esentevibrationale.com\/index.php?rest_route=\/wp\/v2\/media\/1150"}],"wp:attachment":[{"href":"https:\/\/esentevibrationale.com\/index.php?rest_route=%2Fwp%2Fv2%2Fmedia&parent=1147"}],"wp:term":[{"taxonomy":"product_brand","embeddable":true,"href":"https:\/\/esentevibrationale.com\/index.php?rest_route=%2Fwp%2Fv2%2Fproduct_brand&post=1147"},{"taxonomy":"product_cat","embeddable":true,"href":"https:\/\/esentevibrationale.com\/index.php?rest_route=%2Fwp%2Fv2%2Fproduct_cat&post=1147"},{"taxonomy":"product_tag","embeddable":true,"href":"https:\/\/esentevibrationale.com\/index.php?rest_route=%2Fwp%2Fv2%2Fproduct_tag&post=1147"}],"curies":[{"name":"wp","href":"https:\/\/api.w.org\/{rel}","templated":true}]}}