{"id":1155,"date":"2018-10-31T15:00:40","date_gmt":"2018-10-31T14:00:40","guid":{"rendered":"http:\/\/phiessences.com\/Romania\/?post_type=product&#038;p=1155"},"modified":"2025-12-30T19:08:24","modified_gmt":"2025-12-30T17:08:24","slug":"star-of-betlehem-balusca","status":"publish","type":"product","link":"https:\/\/esentevibrationale.com\/?product=star-of-betlehem-balusca","title":{"rendered":"Star of  Betlehem \/ B\u0103lu\u015fc\u0103"},"content":{"rendered":"<p><strong>(Ornithogalum umbellatum)<\/strong><\/p>\n<p><em>B\u0103lu\u0219ca cre\u0219te \u00een soluri uscate din gr\u0103dini, parcuri \u0219i paji\u0219ti deschise. Provine din regiunea Mediteraneean\u0103 \u0219i este comun\u0103 \u00een Europa Central\u0103. Aceast\u0103 plant\u0103 cu bulb poate rezista \u00een timpul iernii, poate tr\u0103i c\u00e2\u021biva ani \u0219i ajunge p\u00e2n\u0103 la 15 cm \u00een\u0103l\u021bime. Frunzele sale sunt \u00eenguste fiind similare tulpinii. Florile cu \u0219ase petale se caracterizeaz\u0103 printr-o simetrie perfect\u0103. \u00cenfloresc doar \u00een zilele foarte luminoase \u00eentre lunile martie \u0219i aprilie.<\/em><\/p>\n<p><strong><em>Efectul Esen\u021bei: <\/em><\/strong>Esen\u021ba de Balu\u0219c\u0103 transmite u\u0219urare \u0219i consolare dup\u0103 o perioad\u0103 de triste\u021be spiritual\u0103 sau st\u0103ri de \u0219oc, chiar dac\u0103 a fost cu mult timp \u00een urm\u0103.<\/p>\n<p><strong><em>Efectul Esen\u021bei la Nivel Fizic: <\/em><\/strong>\u00cen mod frecvent, indivizii admit c\u0103 \u00eenainte s\u0103 utilizeze esen\u021ba erau chinui\u021bi de episoade de co\u0219maruri sau trebuia s\u0103 se lupte cu sentimente la fel de stresante care au avut efecte asupra corpurilor lor. Esen\u021ba ne ajut\u0103 s\u0103 lucr\u0103m \u0219i s\u0103 rezolv\u0103m incidentele \u00een desf\u0103\u0219urare. Astfel, putem reduce problemele corporale la nivel energetic.<\/p>\n<p><strong><em>Efectul Esen\u021bei la Nivel Emo\u021bional: <\/em><\/strong>C\u00e2nd \u00eenc\u0103 purt\u0103m traume psihice \u0219i fizice de neegalat (adic\u0103 \u0219ocuri, tulbur\u0103ri, deziluzii) \u00eenso\u021bite de sentimentele corespunz\u0103toare, ni se pare greu sau chiar imposibil s\u0103 uit\u0103m. Ne sim\u021bim tri\u0219ti \u0219i neferici\u021bi ca \u0219i cum ar fi un nor \u00een inima noastr\u0103 \u0219i avem nevoie de confort. Esen\u021ba reprezint\u0103 o mare consolare pentru suflet \u0219i \u0219i transmite puterea s\u0103 facem ce este bine \u00een timpul crizei. Devenim con\u0219tien\u021bi c\u0103 loviturile destinului sunt procese de \u00eenv\u0103\u021bare. Esen\u021ba ne permite s\u0103 lucr\u0103m asupra evenimentelor traumatice \u0219i s\u0103 ne form\u0103m o nou\u0103 versiune.<\/p>\n<p><strong><em>Efectul Esen\u021bei la Nivel Mental: <\/em><\/strong>C\u00e2nd g\u00e2ndurile de triste\u021be sau sl\u0103biciune distrug energia noastr\u0103 mental\u0103 sau c\u00e2nd r\u0103m\u00e2ne paralizat\u0103 din cauza unei experien\u021be traumatice putem apela la esen\u021ba de Balu\u0219c\u0103. Ne ajut\u0103 s\u0103 evad\u0103m din ciclul g\u00e2ndurilor \u00eengrozitoare \u0219i s\u0103 fim capabili s\u0103 recunoa\u0219tem via\u021ba noastr\u0103. Recunoa\u0219tem c\u0103 propriile noaste puteri ne permit s\u0103 ne ridic\u0103m din nou \u0219i c\u0103 suntem ap\u021bi s\u0103 ajut\u0103m \u0219i alte persoane.<\/p>\n<p><strong><em>Efectul Esen\u021bei la Nivel Spiritual: <\/em><\/strong>Subtil, esen\u021ba ajut\u0103 la reintegrare, \u00eent\u0103rire \u0219i recuperare. Problemele sunt rezolvate prin rezolvarea traumei. Vom putea recunoa\u0219te crize- le vie\u021bii ca oportunit\u0103\u021bi de cre\u0219tere, s\u0103 fim m\u00e2ng\u00e2ia\u021bi \u00een suferin\u021b\u0103 \u0219i s\u0103 renun\u021b\u0103m la suferin\u021ba veche cu trupul, sufletul \u0219i mintea. Vom dezvolta o protec\u021bie proprie \u0219i vom fi capabili s\u0103 \u00eenfrunt\u0103m lumea eman\u00e2nd pro- pria lumin\u0103 f\u0103r\u0103 fric\u0103.<\/p>\n<p><strong><em>Afirma\u021bia: <\/em><\/strong>G\u0103sesc alinare \u00een Lumina Divin\u0103 care m\u0103 ghideaz\u0103 \u0219i m\u0103 protejeaz\u0103.<\/p>\n","protected":false},"excerpt":{"rendered":"<p>(Ornithogalum umbellatum) B\u0103lu\u0219ca cre\u0219te \u00een soluri uscate din gr\u0103dini, parcuri \u0219i paji\u0219ti deschise. Provine din regiunea Mediteraneean\u0103 \u0219i este comun\u0103 \u00een Europa Central\u0103. Aceast\u0103 plant\u0103 cu bulb poate rezista \u00een timpul iernii, poate tr\u0103i c\u00e2\u021biva ani \u0219i ajunge p\u00e2n\u0103 la 15 cm \u00een\u0103l\u021bime. Frunzele sale sunt \u00eenguste fiind similare tulpinii. Florile cu \u0219ase petale se &hellip; <a href=\"https:\/\/esentevibrationale.com\/?product=star-of-betlehem-balusca\" class=\"more-link\">Continu\u0103 lectura <span class=\"screen-reader-text\">Star of  Betlehem \/ B\u0103lu\u015fc\u0103<\/span> <span class=\"meta-nav\">&rarr;<\/span><\/a><\/p>\n","protected":false},"featured_media":13107,"template":"","meta":[],"product_brand":[],"product_cat":[20],"product_tag":[],"class_list":{"0":"post-1155","1":"product","2":"type-product","3":"status-publish","4":"has-post-thumbnail","6":"product_cat-esente-de-flori-clasice-bach","7":"pa_size-15ml","8":"pa_size-30ml","10":"first","11":"instock","12":"shipping-taxable","13":"purchasable","14":"product-type-variable","15":"has-default-attributes"},"_links":{"self":[{"href":"https:\/\/esentevibrationale.com\/index.php?rest_route=\/wp\/v2\/product\/1155","targetHints":{"allow":["GET"]}}],"collection":[{"href":"https:\/\/esentevibrationale.com\/index.php?rest_route=\/wp\/v2\/product"}],"about":[{"href":"https:\/\/esentevibrationale.com\/index.php?rest_route=\/wp\/v2\/types\/product"}],"wp:featuredmedia":[{"embeddable":true,"href":"https:\/\/esentevibrationale.com\/index.php?rest_route=\/wp\/v2\/media\/13107"}],"wp:attachment":[{"href":"https:\/\/esentevibrationale.com\/index.php?rest_route=%2Fwp%2Fv2%2Fmedia&parent=1155"}],"wp:term":[{"taxonomy":"product_brand","embeddable":true,"href":"https:\/\/esentevibrationale.com\/index.php?rest_route=%2Fwp%2Fv2%2Fproduct_brand&post=1155"},{"taxonomy":"product_cat","embeddable":true,"href":"https:\/\/esentevibrationale.com\/index.php?rest_route=%2Fwp%2Fv2%2Fproduct_cat&post=1155"},{"taxonomy":"product_tag","embeddable":true,"href":"https:\/\/esentevibrationale.com\/index.php?rest_route=%2Fwp%2Fv2%2Fproduct_tag&post=1155"}],"curies":[{"name":"wp","href":"https:\/\/api.w.org\/{rel}","templated":true}]}}