{"id":1159,"date":"2018-10-31T15:05:28","date_gmt":"2018-10-31T14:05:28","guid":{"rendered":"http:\/\/phiessences.com\/Romania\/?post_type=product&#038;p=1159"},"modified":"2025-12-30T19:09:57","modified_gmt":"2025-12-30T17:09:57","slug":"sweet-chestnut-castan-comestibil","status":"publish","type":"product","link":"https:\/\/esentevibrationale.com\/?product=sweet-chestnut-castan-comestibil","title":{"rendered":"Sweet Chestnut \/ Castan Comestibil"},"content":{"rendered":"<p><strong>(Castanea stiva) <\/strong><\/p>\n<p><em>Castanul Comestibil cre\u0219te \u00een loca\u021biile \u00eensorite din Asia de Vest, Africa de Nord, centrul \u0219i sudul Europei. Acest copac maiestos poate ajunge p\u00e2n\u0103 la 30 m \u00een\u0103l\u021bime \u0219i poate tr\u0103i 1000 de ani. \u00cen iulie, florile feminine apar ca ni\u0219te m\u00e2\u021bi\u0219ori de culoarea verde deschis, florile masculine sunt alb crem \u0219i cresc \u00eentr-un m\u0103nunchi de \u021bepii de aproape 20 cm lungime. Fructele sale con\u021bin 2 &#8211; 3 semin\u021be comestibile<\/em><\/p>\n<p><strong><em>Efectul Esen\u021bei: <\/em><\/strong>Esen\u021ba Castanului Comestibil transmite \u00eencredere \u0219i speran\u021b\u0103 \u00een situa\u021biile care par insuportabile.<\/p>\n<p><strong><em>Efectul Esen\u021bei la Nivel Fizic: <\/em><\/strong>C\u00e2nd poverile spirituale ne conduc la limita capacit\u0103\u021bii noastre, c\u00e2nd nervii sunt \u00eencorda\u021bi ca \u0219i cum s-ar destr\u0103ma, c\u00e2nd noi suferim de o extenuare imens\u0103, esen\u021ba Castanului Comestibil ne poate ajuta s\u0103 g\u0103sim calea de ie\u0219ire din aceast\u0103 groap\u0103. \u00cen cazul \u00een care ne sim\u021bim c\u0103 am ajuns la cap\u0103tul puterilor \u0219i trebuie s\u0103 ne confrunt\u0103m cu multe reac\u021bii ale corpului, aceast\u0103 esen\u021b\u0103 dizolv\u0103 descurajarea \u0219i noi putem g\u0103si o solu\u021bie. Devenim curajo\u0219i \u0219i optimi\u0219ti din nou, via\u021ba are un nou sens \u0219i ne rec\u0103p\u0103t\u0103m vitalitatea. For\u021bele interioare se stabilizeaz\u0103, acest lucru se reflect\u0103 \u00een mod pozitiv asupra corpului.<\/p>\n<p><strong><em>Efectul Esen\u021bei la Nivel Emo\u021bional: <\/em><\/strong>C\u00e2nd anxietatea, dezn\u0103dejdea, disperarea, singur\u0103tatea complet\u0103, goliciunea, etc., ne fac s\u0103 suferim, aici esen\u021ba contribuie la aruncarea luminii asupra \u00eentunericului. Ne lumineaz\u0103 mintea \u0219i ne permite s\u0103 g\u0103sim din nou direc\u021bia noastr\u0103. Esen\u021ba genereaz\u0103 afec\u021biune \u0219i ne permite s\u0103 discernem un scop nou \u00een via\u021ba noastr\u0103. Este indicat\u0103 s\u0103 ne ajute s\u0103 supravie\u021buim \u00een timpul momentelor \u00eentunecate din via\u021ba noastr\u0103.<\/p>\n<p><strong><em>Efectul Esen\u021bei la Nivel Mental: <\/em><\/strong>Atunci c\u00e2nd triste\u021bea \u0219i disperarea nu ne las\u0103 s\u0103 g\u00e2ndim clar, aceast\u0103 esen\u021b\u0103 umple mintea noastr\u0103 cu o vibra\u021bie nou\u0103. Prin intermediul s\u0103u vom fi capabili s\u0103 punem experien\u021bele noastre \u00een cuvinte \u0219i s\u0103 vorbim cu alte persoane despre aceste experien\u021be \u0219i faze, astfel ne vom elibera.<\/p>\n<p><strong><em>Efectul Esen\u021bei la Nivel Spiritual: <\/em><\/strong>Esen\u021ba ne d\u0103 \u00eencredere \u00een rezervele de energie proprie \u0219i \u00een Dumnezeu. Ne permite s\u0103 identific\u0103m \u0219i s\u0103 accept\u0103m \u00eensemn\u0103tatea unei experien\u021be negative. Vom cere ajutor cu \u00eencredere prin medita\u021bie sau rug\u0103ciune. \u0218i c\u00e2nd ajutorul va fi primit, \u00eel vom recunoa\u0219te \u0219i \u00eel vom accepta.<\/p>\n<p><strong><em>Afirma\u021bia: <\/em><\/strong>For\u021ba creativ\u0103 a dragostei m\u0103 ghideaz\u0103 prin suferin\u021b\u0103 \u0219i am \u00eencredere \u00een ghidarea sa.<\/p>\n","protected":false},"excerpt":{"rendered":"<p>(Castanea stiva) Castanul Comestibil cre\u0219te \u00een loca\u021biile \u00eensorite din Asia de Vest, Africa de Nord, centrul \u0219i sudul Europei. Acest copac maiestos poate ajunge p\u00e2n\u0103 la 30 m \u00een\u0103l\u021bime \u0219i poate tr\u0103i 1000 de ani. \u00cen iulie, florile feminine apar ca ni\u0219te m\u00e2\u021bi\u0219ori de culoarea verde deschis, florile masculine sunt alb crem \u0219i cresc \u00eentr-un &hellip; <a href=\"https:\/\/esentevibrationale.com\/?product=sweet-chestnut-castan-comestibil\" class=\"more-link\">Continu\u0103 lectura <span class=\"screen-reader-text\">Sweet Chestnut \/ Castan Comestibil<\/span> <span class=\"meta-nav\">&rarr;<\/span><\/a><\/p>\n","protected":false},"featured_media":13109,"template":"","meta":[],"product_brand":[],"product_cat":[20],"product_tag":[],"class_list":{"0":"post-1159","1":"product","2":"type-product","3":"status-publish","4":"has-post-thumbnail","6":"product_cat-esente-de-flori-clasice-bach","7":"pa_size-15ml","8":"pa_size-30ml","10":"first","11":"instock","12":"shipping-taxable","13":"purchasable","14":"product-type-variable","15":"has-default-attributes"},"_links":{"self":[{"href":"https:\/\/esentevibrationale.com\/index.php?rest_route=\/wp\/v2\/product\/1159","targetHints":{"allow":["GET"]}}],"collection":[{"href":"https:\/\/esentevibrationale.com\/index.php?rest_route=\/wp\/v2\/product"}],"about":[{"href":"https:\/\/esentevibrationale.com\/index.php?rest_route=\/wp\/v2\/types\/product"}],"wp:featuredmedia":[{"embeddable":true,"href":"https:\/\/esentevibrationale.com\/index.php?rest_route=\/wp\/v2\/media\/13109"}],"wp:attachment":[{"href":"https:\/\/esentevibrationale.com\/index.php?rest_route=%2Fwp%2Fv2%2Fmedia&parent=1159"}],"wp:term":[{"taxonomy":"product_brand","embeddable":true,"href":"https:\/\/esentevibrationale.com\/index.php?rest_route=%2Fwp%2Fv2%2Fproduct_brand&post=1159"},{"taxonomy":"product_cat","embeddable":true,"href":"https:\/\/esentevibrationale.com\/index.php?rest_route=%2Fwp%2Fv2%2Fproduct_cat&post=1159"},{"taxonomy":"product_tag","embeddable":true,"href":"https:\/\/esentevibrationale.com\/index.php?rest_route=%2Fwp%2Fv2%2Fproduct_tag&post=1159"}],"curies":[{"name":"wp","href":"https:\/\/api.w.org\/{rel}","templated":true}]}}