{"id":1163,"date":"2018-10-31T15:15:00","date_gmt":"2018-10-31T14:15:00","guid":{"rendered":"http:\/\/phiessences.com\/Romania\/?post_type=product&#038;p=1163"},"modified":"2025-12-30T19:13:35","modified_gmt":"2025-12-30T17:13:35","slug":"vervain-verbina","status":"publish","type":"product","link":"https:\/\/esentevibrationale.com\/?product=vervain-verbina","title":{"rendered":"Vervain \/ Verbina"},"content":{"rendered":"<p><strong>(Verbena officinalis) <\/strong><\/p>\n<p><em>Verbina<\/em> <em>cre\u0219te pe soluri calcaroase, s\u0103race, uscate \u00een locuri \u00eensorite. Acest arbust poate ajunge la 1 m \u00een\u0103l\u021bime. Frunzele sale pu\u021bine sunt opuse, ascu\u021bite, neregulate \u0219i lobate. Florile sunt de 4 mm, au o nuan\u021b\u0103 care variaz\u0103 de la lila la roz deschis \u0219i sunt aranjate \u00een v\u00e2rfuri. Se deschid \u00eentre lunile iunie \u0219i septembrie.<\/em><\/p>\n<p><strong><em>Efectul Esen\u021bei: <\/em><\/strong>Esen\u021ba Verbinei favorizeaz\u0103 dezvoltarea toleran\u021bei. Ne ajut\u0103 s\u0103 recunoa\u0219tem c\u0103 num\u0103rul opiniilor \u0219i adev\u0103rurilor existente este infinit. Toate au locul lor \u0219i nu ar trebui s\u0103 fie evaluate de noi. Ne arat\u0103 c\u00e2nd mergem prea departe \u00een eforturile noastre s\u0103 facem bine.<\/p>\n<p><strong><em>Efectul Esen\u021bei la Nivel Fizic: <\/em><\/strong>Fervoarea misionarului ne \u00eempiedic\u0103 s\u0103 recunoa\u0219tem evaluarea corect\u0103 a lucrurilor \u0219i determin\u0103 st\u0103ri care indic\u0103 lipsa esen\u021bei Verbinei. Prea mult\u0103 activitate \u0219i un grad ridicat de stres la nivel intern pot cauza diverse probleme fizice (ticuri). Esen\u021ba \u00eencurajeaz\u0103 puterea interioar\u0103, prin efectul s\u0103u de armonie \u0219i calmant.<\/p>\n<p><strong><em>Efectul Esen\u021bei la Nivel Emo\u021bional: <\/em><\/strong>C\u00e2nd persoana \u00ee\u0219i asum\u0103 rolul de misionar, revolu\u021bionar sau de martir, are tendin\u021ba de a considera multe responsabilit\u0103\u021bi ca fiind ale sale sim\u021bindu-se stresat\u0103 \u0219i cople\u0219it\u0103. Rolul de misionar poate degenera \u00eentr-un entuziasm exagerat \u0219i un devotament orbit, care \u00een acela\u0219i timp va duce la experien\u021be chinuitoare. Cu esen\u021ba va \u00eenv\u0103\u021ba s\u0103 se organizeze \u0219i s\u0103 \u00ee\u0219i controleze sentimentele. Va realiza c\u0103 stresul sau graba, nu sunt necesare pentru atingerea celor mai importante obiective. Pe de alt\u0103 parte, multe probleme se pot rezolva cu armonie interioar\u0103, disciplin\u0103 proprie \u0219i \u00eei asculte pe ceilal\u021bi. Esen\u021ba ne transmite toleran\u021ba nece- sar\u0103 pentru a-i putea l\u0103s\u0103 pe ceilal\u021bi cu libertatea lor.<\/p>\n<p><strong><em>Efectul Esen\u021bei la Nivel Mental: <\/em><\/strong>O voin\u021ba puternic\u0103, plin\u0103 de \u00eencredere va g\u0103si o nou\u0103 direc\u021bie cu ajutorul acestei esen\u021be. Persoana va fi capabil\u0103 s\u0103 accepte voin\u021ba celorlal\u021bi precum \u00ee\u0219i redefine\u0219te pozi\u021bia personal\u0103 \u00een leg\u0103tur\u0103 cu multe lucruri. Esen\u021b\u0103 este indicat\u0103 directorilor sau politicienilor, permi\u021b\u00e2ndu-le s\u0103 \u00ee\u0219i conduc\u0103 via\u021ba \u00een lini\u0219te \u0219i echilibru.<\/p>\n<p><strong><em>Efectul Esen\u021bei la Nivel Spiritual: <\/em><\/strong>Cu esen\u021ba ne g\u0103sim calea c\u0103tre pacea interioar\u0103 \u0219i c\u0103tre sinele nostru. Ne deschidem con\u0219tientizarea c\u0103tre ideile \u0219i opiniile altora \u0219i putem transforma inclina\u021bia de a face prozelitism fanatic \u00een dorin\u021ba de a ajuta.<\/p>\n<p><strong><em>Afirma\u021bia: <\/em><\/strong>Cu mintea complet deschis\u0103, accept validitatea ideilor oamenilor \u0219i \u00eemi folosesc energia cu afec\u021biune \u0219i tandre\u021be.<\/p>\n","protected":false},"excerpt":{"rendered":"<p>(Verbena officinalis) Verbina cre\u0219te pe soluri calcaroase, s\u0103race, uscate \u00een locuri \u00eensorite. Acest arbust poate ajunge la 1 m \u00een\u0103l\u021bime. Frunzele sale pu\u021bine sunt opuse, ascu\u021bite, neregulate \u0219i lobate. Florile sunt de 4 mm, au o nuan\u021b\u0103 care variaz\u0103 de la lila la roz deschis \u0219i sunt aranjate \u00een v\u00e2rfuri. Se deschid \u00eentre lunile iunie &hellip; <a href=\"https:\/\/esentevibrationale.com\/?product=vervain-verbina\" class=\"more-link\">Continu\u0103 lectura <span class=\"screen-reader-text\">Vervain \/ Verbina<\/span> <span class=\"meta-nav\">&rarr;<\/span><\/a><\/p>\n","protected":false},"featured_media":1166,"template":"","meta":[],"product_brand":[],"product_cat":[20],"product_tag":[],"class_list":{"0":"post-1163","1":"product","2":"type-product","3":"status-publish","4":"has-post-thumbnail","6":"product_cat-esente-de-flori-clasice-bach","7":"pa_size-15ml","8":"pa_size-30ml","10":"first","11":"instock","12":"shipping-taxable","13":"purchasable","14":"product-type-variable","15":"has-default-attributes"},"_links":{"self":[{"href":"https:\/\/esentevibrationale.com\/index.php?rest_route=\/wp\/v2\/product\/1163","targetHints":{"allow":["GET"]}}],"collection":[{"href":"https:\/\/esentevibrationale.com\/index.php?rest_route=\/wp\/v2\/product"}],"about":[{"href":"https:\/\/esentevibrationale.com\/index.php?rest_route=\/wp\/v2\/types\/product"}],"wp:featuredmedia":[{"embeddable":true,"href":"https:\/\/esentevibrationale.com\/index.php?rest_route=\/wp\/v2\/media\/1166"}],"wp:attachment":[{"href":"https:\/\/esentevibrationale.com\/index.php?rest_route=%2Fwp%2Fv2%2Fmedia&parent=1163"}],"wp:term":[{"taxonomy":"product_brand","embeddable":true,"href":"https:\/\/esentevibrationale.com\/index.php?rest_route=%2Fwp%2Fv2%2Fproduct_brand&post=1163"},{"taxonomy":"product_cat","embeddable":true,"href":"https:\/\/esentevibrationale.com\/index.php?rest_route=%2Fwp%2Fv2%2Fproduct_cat&post=1163"},{"taxonomy":"product_tag","embeddable":true,"href":"https:\/\/esentevibrationale.com\/index.php?rest_route=%2Fwp%2Fv2%2Fproduct_tag&post=1163"}],"curies":[{"name":"wp","href":"https:\/\/api.w.org\/{rel}","templated":true}]}}