{"id":1167,"date":"2018-10-31T15:23:00","date_gmt":"2018-10-31T14:23:00","guid":{"rendered":"http:\/\/phiessences.com\/Romania\/?post_type=product&#038;p=1167"},"modified":"2024-12-19T06:49:37","modified_gmt":"2024-12-19T04:49:37","slug":"vine-vita-de-vie","status":"publish","type":"product","link":"https:\/\/esentevibrationale.com\/?product=vine-vita-de-vie","title":{"rendered":"Vine \/ Vi\u0163a de Vie"},"content":{"rendered":"<p><strong>(Vinis vinifera) <\/strong><\/p>\n<p><em>Vi\u021ba de Vie cre\u0219te \u00een soluri bogate \u00een minerale \u00een loca\u021biile \u00eensorite \u0219i este cultivat\u0103 \u00een \u00eentreaga lume. Aceast\u0103 plant\u0103 c\u0103\u021b\u0103r\u0103toare \u0219i puternic\u0103 este rezist\u0103 pe timpul iernii este \u0219i ajunge p\u00e2n\u0103 la 20 m lungime \u0219i r\u0103d\u0103cinile sale p\u0103trund p\u00e2n\u0103 20 de m ad\u00e2ncime \u00een p\u0103m\u00e2nt. Poate tr\u0103i p\u00e2n\u0103 la 600 de ani. Frunzele sale au 10 cm lungime au trei sau cinci frunzuli\u021be. Florile sale sunt sferice \u0219i verzi, \u00eenfloresc \u00eentre lunile mai \u0219i iulie. Eman\u0103 o arom\u0103 delicioas\u0103. Fructele sunt struguri.<\/em><\/p>\n<p><strong><em>Efectul Esen\u021bei: <\/em><\/strong>Esen\u021ba Vi\u021bei de Vie ne ajut\u0103 s\u0103 oferim spa\u021biu celorlal\u021bi pentru a se putea dezvolta. Stimuleaz\u0103 autoritatea proprie natural\u0103 \u0219i empatic\u0103.<\/p>\n<p><strong><em>Efectul Esen\u021bei la Nivel Fizic: <\/em><\/strong>Dorin\u021ba de control, spiritul de contradic\u021bie \u0219i \u00eenc\u0103p\u0103\u021b\u00e2narea pot ap\u0103rea \u00een inconvenien\u021bele corporale care se traduc \u00een presiune, tensiune \u0219i rigiditate. Esen\u021ba Vi\u021bei de Vie ne ajut\u0103 s\u0103 eradic\u0103m aceste inconvenien\u021be la nivel energetic. \u00cenv\u0103\u021b\u0103m s\u0103 renun\u021b\u0103m la dorin\u021bele noastre \u0219i presupusa noastr\u0103 ra\u021biune. Focu- sul nostru egoist va g\u0103si o nou\u0103 m\u0103sur\u0103, vom \u00eenv\u0103\u021ba s\u0103 pre\u021buim opiniile celorlal\u021bi \u0219i \u00een acela\u0219i timp, vom deveni holistic mai flexibili.<\/p>\n<p><strong><em>Efectul Esen\u021bei la Nivel Emo\u021bional: <\/em><\/strong>Esen\u021ba este o op\u021biune bun\u0103, pentru cei c\u0103rora nu le pas\u0103 de consecin\u021bele impunerii voin\u021bei lor, deoarece \u00eei ajut\u0103 s\u0103 ia o perspectiv\u0103 diferit\u0103. Sc\u0103p\u0103m de l\u0103comia noastr\u0103 de putere, de egoism, de tirania \u0219i chiar de tendin\u021ba proprie de sadism. Totodat\u0103, ne debaras\u0103m de tendin\u021ba de a-i mai domina cei din jur \u0219i \u00eei l\u0103s\u0103m s\u0103 tr\u0103iasc\u0103 \u00een libertate. Con\u0219tientiz\u0103m faptul c\u0103 libertatea dat\u0103, ne ofer\u0103 mai mult\u0103 iubire \u00eenapoi dec\u00e2t atunci c\u00e2nd o ceream.<\/p>\n<p><strong><em>Efectul Esen\u021bei la Nivel Mental: <\/em><\/strong>Cu esen\u021ba Vi\u021bei de Vie putem experimenta o schimbare \u00een g\u00e2ndire. Favorizeaz\u0103 schimb\u0103ri mentale, pe l\u00e2ng\u0103 capacit\u0103\u021bile de \u00eenv\u0103\u021bare \u0219i de recuno\u0219tin\u021b\u0103. \u00cen acele situa\u021bii \u00een care unul r\u0103spundea \u00eenainte \u00eentr-un anume fel \u00eentr-o criz\u0103, azi exist\u0103 o g\u00e2ndire nou\u0103, puternic\u0103, care apare clar\u0103 \u0219i flexibil\u0103. Punctele noastre de vedere nu vor mai fi incompatibile cu dorin\u021bele celorlal\u021bi . Vom putea s\u0103 g\u00e2ndim &#8222;m\u0103re\u021b&#8221; \u0219i vom avea rezultate mai bune.<\/p>\n<p><strong><em>Efectul Esen\u021bei la Nivel Spiritual: <\/em><\/strong>La nivel eteric esen\u021ba consolideaz\u0103 energia proprie. Acest lucru \u00eenseamn\u0103 c\u0103 se deschid noi niveluri de con\u0219tientizare, \u00een care egoismul se transform\u0103 \u00een iubire pentru aproapele nostru. Vom fi capabili s\u0103 ne percepem mult mai obiectiv \u0219i s\u0103 sc\u0103p\u0103m de concep\u021biile limitate. Problemele sunt rezolvate cu dragoste, at\u00e2t pentru noi c\u00e2t \u0219i pentru ceilal\u021bi.<\/p>\n<p><strong><em>Afirma\u021bia: <\/em><\/strong>\u021ain minte sentimentele \u0219i opiniile celorlal\u021bi. Inima mea \u00eemi arat\u0103 calea.<\/p>\n","protected":false},"excerpt":{"rendered":"<p>(Vinis vinifera) Vi\u021ba de Vie cre\u0219te \u00een soluri bogate \u00een minerale \u00een loca\u021biile \u00eensorite \u0219i este cultivat\u0103 \u00een \u00eentreaga lume. Aceast\u0103 plant\u0103 c\u0103\u021b\u0103r\u0103toare \u0219i puternic\u0103 este rezist\u0103 pe timpul iernii este \u0219i ajunge p\u00e2n\u0103 la 20 m lungime \u0219i r\u0103d\u0103cinile sale p\u0103trund p\u00e2n\u0103 20 de m ad\u00e2ncime \u00een p\u0103m\u00e2nt. Poate tr\u0103i p\u00e2n\u0103 la 600 de &hellip; <a href=\"https:\/\/esentevibrationale.com\/?product=vine-vita-de-vie\" class=\"more-link\">Continu\u0103 lectura <span class=\"screen-reader-text\">Vine \/ Vi\u0163a de Vie<\/span> <span class=\"meta-nav\">&rarr;<\/span><\/a><\/p>\n","protected":false},"featured_media":13110,"template":"","meta":[],"product_brand":[],"product_cat":[20],"product_tag":[],"class_list":{"0":"post-1167","1":"product","2":"type-product","3":"status-publish","4":"has-post-thumbnail","6":"product_cat-esente-de-flori-clasice-bach","7":"pa_size-15ml","8":"pa_size-30ml","10":"first","11":"instock","12":"shipping-taxable","13":"purchasable","14":"product-type-variable","15":"has-default-attributes"},"_links":{"self":[{"href":"https:\/\/esentevibrationale.com\/index.php?rest_route=\/wp\/v2\/product\/1167","targetHints":{"allow":["GET"]}}],"collection":[{"href":"https:\/\/esentevibrationale.com\/index.php?rest_route=\/wp\/v2\/product"}],"about":[{"href":"https:\/\/esentevibrationale.com\/index.php?rest_route=\/wp\/v2\/types\/product"}],"wp:featuredmedia":[{"embeddable":true,"href":"https:\/\/esentevibrationale.com\/index.php?rest_route=\/wp\/v2\/media\/13110"}],"wp:attachment":[{"href":"https:\/\/esentevibrationale.com\/index.php?rest_route=%2Fwp%2Fv2%2Fmedia&parent=1167"}],"wp:term":[{"taxonomy":"product_brand","embeddable":true,"href":"https:\/\/esentevibrationale.com\/index.php?rest_route=%2Fwp%2Fv2%2Fproduct_brand&post=1167"},{"taxonomy":"product_cat","embeddable":true,"href":"https:\/\/esentevibrationale.com\/index.php?rest_route=%2Fwp%2Fv2%2Fproduct_cat&post=1167"},{"taxonomy":"product_tag","embeddable":true,"href":"https:\/\/esentevibrationale.com\/index.php?rest_route=%2Fwp%2Fv2%2Fproduct_tag&post=1167"}],"curies":[{"name":"wp","href":"https:\/\/api.w.org\/{rel}","templated":true}]}}