{"id":1171,"date":"2018-10-31T15:28:26","date_gmt":"2018-10-31T14:28:26","guid":{"rendered":"http:\/\/phiessences.com\/Romania\/?post_type=product&#038;p=1171"},"modified":"2025-12-30T19:12:01","modified_gmt":"2025-12-30T17:12:01","slug":"walnut-nuc","status":"publish","type":"product","link":"https:\/\/esentevibrationale.com\/?product=walnut-nuc","title":{"rendered":"Walnut \/ Nuc"},"content":{"rendered":"<p><strong>(Juglans regia) <\/strong><\/p>\n<p><em>Nucul cre\u0219te \u00een solurile fertile din zonele temperate din Europa, Asia, America de nord \u0219i Anzi. Acest copac mirific ajunge p\u00e2n\u0103 la 30 m \u00een\u0103l\u021bime. Frunzele sale au un parfum intens, sunt mari \u0219i \u00een form\u0103 de lance \u0219i are stipule ovale. Florile \u00eenfloresc \u00eentre lunile aprilie \u0219i mai. Florile feminine sunt mici, verzi \u0219i au forma unui smochine, cele masculine sunt ni\u0219te m\u00e2\u021bi\u0219ori verzi g\u0103lbui. Semin\u021bele sunt nucile.<\/em><\/p>\n<p><strong><em>Efectul Esen\u021bei: <\/em><\/strong>Esen\u021ba Nucului ne sus\u021bine \u00een procesele de transformare \u0219i ajut\u0103 la schimb\u0103rile majore din via\u021ba noastr\u0103. Este un partener bun pentru toate \u00eenceputurile de- a lungul vie\u021bii.<\/p>\n<p><strong><em>Efectul Esen\u021bei la Nivel Fizic: <\/em><\/strong>Situa\u021biile de crize, frica de noi \u00eenceputuri, dependen\u021ba, etc., pot cauza probleme corporale. La nivel energetic, puterile noastre interioare sunt \u00eent\u0103rite \u0219i se creeaz\u0103 o protec\u021bie mai mare \u00eempotriva influen\u021belor str\u0103ine \u0219i negative. Ne \u00eent\u0103re\u0219te \u0219i ne las\u0103 s\u0103 ne lu\u0103m via\u021ba \u00een propriile m\u00e2ini f\u0103r\u0103 team\u0103. Etapele decisive ale vie\u021bii: menopauza, na\u0219terea, pot fi mai u\u0219or de dep\u0103\u0219it la nivel energetic. C\u00e2nd c\u0103l\u0103torim ne ajut\u0103 s\u0103 facem fa\u021b\u0103 schimb\u0103rilor de fus orar.<\/p>\n<p><strong><em>Efectul Esen\u021bei la Nivel Emo\u021bional: <\/em><\/strong>Vechi- le obiceiuri ne &#8222;\u00eenc\u0103tu\u0219eaz\u0103&#8221; \u0219i ne \u00eempiedic\u0103 s\u0103 ne continu\u0103m evolu\u021bia. Nu ne putem desprinde de anumite lucruri, c\u00e2nd este necesar \u0219i suntem nesiguri \u0219i indeci\u0219i \u00een momentele definitorii ale vie\u021bii noastre. Esen\u021ba poate fi aplicat\u0103 pentru a \u00eencuraja deschiderea necesar\u0103 etapei de schimbare. Cu esen\u021ba vom putea s\u0103 ne accept\u0103m \u0219i s\u0103 ne organiz\u0103m etapele vie\u021bii \u00een mod creativ, de exemplu: dup\u0103 o separare, divor\u021b, c\u0103s\u0103torie, moartea cuiva drag, pensionare, schimbarea carierei.<\/p>\n<p><strong><em>Efectul Esen\u021bei la Nivel Mental: <\/em><\/strong>&#8222;G\u00e2ndul este liber&#8221;, aceast\u0103 idee o putem stimula cu esen\u021ba. Puterea mental\u0103 eliberat\u0103 ne va aduce o schimbare global\u0103 asupra obiceiurilor de g\u00e2ndire \u0219i de via\u021b\u0103. \u00cen interior ne vom sim\u021bi liberi, \u00een mod ocazional vom s\u0103ri \u00een grab\u0103 peste vechile grani\u021be \u0219i restric\u021bii \u0219i ne vom deschide la lucruri noi. Din punctul de vedere al libert\u0103\u021bii \u0219i siguran\u021bei noastre mentale ne putem organiza vie\u021bile \u00een mod creativ.<\/p>\n<p><strong><em>Efectul Esen\u021bei la Nivel Spiritual: <\/em><\/strong>Esen\u021ba ne ajut\u0103 s\u0103 stabilim limite \u0219i s\u0103 fim capabil s\u0103 avem o nou\u0103 de protec\u021bie. \u00cenv\u0103\u021b\u0103m cum s\u0103 ascult\u0103m vocea noastr\u0103 interioar\u0103, s\u0103 r\u0103m\u00e2nem loiali convingerilor personale \u0219i s\u0103 ne dezvolt\u0103m.<\/p>\n<p><strong><em>Afirma\u021bia: <\/em><\/strong>\u00cemi deschid sufletul, tr\u0103iesc \u00een inima mea \u0219i \u00eemi g\u0103sesc scopul. M\u0103 plimb de-a lungul drumului meu \u00eenf\u0103\u0219urat \u00een protec\u021bie armonioas\u0103.<\/p>\n","protected":false},"excerpt":{"rendered":"<p><strong>\u00a0<\/strong><\/p>\n<p>&nbsp;<\/p>\n","protected":false},"featured_media":1172,"template":"","meta":[],"product_brand":[],"product_cat":[20],"product_tag":[],"class_list":{"0":"post-1171","1":"product","2":"type-product","3":"status-publish","4":"has-post-thumbnail","6":"product_cat-esente-de-flori-clasice-bach","7":"pa_size-15ml","8":"pa_size-30ml","10":"first","11":"instock","12":"shipping-taxable","13":"purchasable","14":"product-type-variable","15":"has-default-attributes"},"_links":{"self":[{"href":"https:\/\/esentevibrationale.com\/index.php?rest_route=\/wp\/v2\/product\/1171","targetHints":{"allow":["GET"]}}],"collection":[{"href":"https:\/\/esentevibrationale.com\/index.php?rest_route=\/wp\/v2\/product"}],"about":[{"href":"https:\/\/esentevibrationale.com\/index.php?rest_route=\/wp\/v2\/types\/product"}],"wp:featuredmedia":[{"embeddable":true,"href":"https:\/\/esentevibrationale.com\/index.php?rest_route=\/wp\/v2\/media\/1172"}],"wp:attachment":[{"href":"https:\/\/esentevibrationale.com\/index.php?rest_route=%2Fwp%2Fv2%2Fmedia&parent=1171"}],"wp:term":[{"taxonomy":"product_brand","embeddable":true,"href":"https:\/\/esentevibrationale.com\/index.php?rest_route=%2Fwp%2Fv2%2Fproduct_brand&post=1171"},{"taxonomy":"product_cat","embeddable":true,"href":"https:\/\/esentevibrationale.com\/index.php?rest_route=%2Fwp%2Fv2%2Fproduct_cat&post=1171"},{"taxonomy":"product_tag","embeddable":true,"href":"https:\/\/esentevibrationale.com\/index.php?rest_route=%2Fwp%2Fv2%2Fproduct_tag&post=1171"}],"curies":[{"name":"wp","href":"https:\/\/api.w.org\/{rel}","templated":true}]}}