{"id":1175,"date":"2018-10-31T15:32:50","date_gmt":"2018-10-31T14:32:50","guid":{"rendered":"http:\/\/phiessences.com\/Romania\/?post_type=product&#038;p=1175"},"modified":"2025-12-30T19:04:32","modified_gmt":"2025-12-30T17:04:32","slug":"water-violet-viorea-de-balta","status":"publish","type":"product","link":"https:\/\/esentevibrationale.com\/?product=water-violet-viorea-de-balta","title":{"rendered":"Water Violet \/ Viorea de Balt\u0103"},"content":{"rendered":"<p><strong>\u00a0(Hottonia palustris) <\/strong><\/p>\n<p><em>Vioreaua de Balt\u0103 cre\u0219te \u00een apele st\u0103t\u0103toare sau \u00een cele care au curen\u021bi lini \u0219i \u00een ape limpezi. Aceast\u0103 plant\u0103, care este rezistent\u0103 \u00een timpul necru\u021b\u0103tor al iernii, poate fi g\u0103sit\u0103 rar \u00een habitatul s\u0103u din zonele temperate ale Europei. Cre\u0219te aproximativ 20 de cm dea- supra suprafe\u021bei apei. Frunzele sunt se afl\u0103 \u00een ap\u0103. Florile sale cu cinci petale sunt aranjate similar paletelor unei elice \u0219i \u00eenfloresc \u00eentre lunile mai \u0219i iunie. Sunt galbene \u00een centru, apoi albe \u0219i mov.<\/em><\/p>\n<p><strong><em>Efectul Esen\u021bei<\/em><\/strong>: Esen\u021ba stimuleaz\u0103 abilitatea noastr\u0103 de comunicare \u0219i \u00een acest mod putem accepta apropierea \u0219i sprijinul celorlal\u021bi.<\/p>\n<p><strong><em>Efectul Esen\u021bei la Nivel Fizic: <\/em><\/strong>Esen\u021ba Viorelei de Balt\u0103 promoveaz\u0103 abilitatea de a le permite celorlal\u021bi s\u0103 vin\u0103 spre noi, oferindu-ne afec\u021biune, c\u0103ldur\u0103 sau s\u0103 ne ajute \u0219i noi nu mai fim distan\u021bi, ci prieteno\u0219i. La nivel energetic, vom fi capabili s\u0103 dilu\u0103m aceast\u0103 rigiditate \u0219i inflexibilitatea, care de asemenea, implic\u0103 o \u00eembun\u0103t\u0103\u021bire a disconfortul corporal. Putem utiliza esen\u021ba \u00een uleiul de masaj.<\/p>\n<p><em><strong>Efectul Esen\u021bei la Nivel Emo\u021bional: <\/strong><\/em>Dac\u0103 exist\u0103 frica de angajament, via\u021ba este tr\u0103it\u0103 cu m\u00e2ndrie \u00een izolare, persoanei \u00eei este fric\u0103 s\u0103 fie \u00een contact cu alte persoane \u0219i nu vrea s\u0103 \u00ee\u0219i arate sentimentele, motivul poate fi g\u0103sit des \u00eentr-o form\u0103 de talent sau \u00eentr-o alt\u0103 circumstan\u021b\u0103 vital\u0103 ie\u0219it\u0103 din comun. \u00cen fa\u021ba celorlal\u021bi se simte superioar\u0103, rezervat\u0103 \u0219i rece. \u00cen toate cazurile men\u021bionate anterior esen\u021ba Viorelei de Balt\u0103 ne ajut\u0103 s\u0103 facem fa\u021b\u0103 cu u\u0219urin\u021b\u0103 at\u00e2t nou\u0103 c\u00e2t \u0219i altora. Vom las\u0103 sentimentele s\u0103 curg\u0103, ne vom deschide celorlal\u021bi \u0219i vom comunica \u0219i ne vom bucura mai mult de via\u021b\u0103. Esen\u021ba ne face sociabili \u0219i veseli.<\/p>\n<p><strong><em>Efectul Esen\u021bei la Nivel Mental: <\/em><\/strong>Cu esen\u021ba se poate renun\u021ba la tendin\u021ba de a ne izola. Nu ne mai &#8222;g\u00e2ndim&#8221; doar la ideile noastre, ci putem schimba idei cu ceilal\u021bi. Deschiderea spiritual\u0103 \u00een via\u021b\u0103 este perceput\u0103 ca un proces pozitiv, de unde toat\u0103 personalitatea are de c\u00e2\u0219tigat. Dezvolt\u0103m toleran\u021ba, calmitatea, \u00een\u021belegerea \u0219i suntem considera\u021bi sf\u0103tuitori de \u00eencredere. Esen\u021ba este benefic\u0103 profesorilor \u0219i doctorilor.<\/p>\n<p><strong><em>Efectul Esen\u021bei la Nivel Spiritual: <\/em><\/strong>Cu esen\u021ba vom putea vedea c\u0103 fiecare persoan\u0103 este unic\u0103 \u0219i \u00eenv\u0103\u021b\u0103m valoarea prieteniei. Putem s\u0103 fim buni cu noi \u00een\u0219ine \u0219i cu al\u021bii. Apropierea \u0219i afec\u021biunea cap\u0103t\u0103 loc \u00een vie\u021bile noastre, devenim o leg\u0103tur\u0103 \u00eentre noi \u0219i al\u021bii. Grani\u021bele flexibile sunt ad\u0103ugate independen\u021bei \u0219i responsabilit\u0103\u021bii, pe care le avem deja \u0219i ne permit s\u0103 particip\u0103m \u00een via\u021ba real\u0103.<\/p>\n<p><strong><em>Afirma\u021bia: <\/em><\/strong>Recunosc \u0219i simt lucrurile bune \u00een oameni \u0219i pot oferi \u0219i primi iubire \u0219i ajutor.<\/p>\n","protected":false},"excerpt":{"rendered":"<p>\u00a0(Hottonia palustris) Vioreaua de Balt\u0103 cre\u0219te \u00een apele st\u0103t\u0103toare sau \u00een cele care au curen\u021bi lini \u0219i \u00een ape limpezi. Aceast\u0103 plant\u0103, care este rezistent\u0103 \u00een timpul necru\u021b\u0103tor al iernii, poate fi g\u0103sit\u0103 rar \u00een habitatul s\u0103u din zonele temperate ale Europei. Cre\u0219te aproximativ 20 de cm dea- supra suprafe\u021bei apei. Frunzele sunt se afl\u0103 &hellip; <a href=\"https:\/\/esentevibrationale.com\/?product=water-violet-viorea-de-balta\" class=\"more-link\">Continu\u0103 lectura <span class=\"screen-reader-text\">Water Violet \/ Viorea de Balt\u0103<\/span> <span class=\"meta-nav\">&rarr;<\/span><\/a><\/p>\n","protected":false},"featured_media":13112,"template":"","meta":[],"product_brand":[],"product_cat":[20],"product_tag":[],"class_list":{"0":"post-1175","1":"product","2":"type-product","3":"status-publish","4":"has-post-thumbnail","6":"product_cat-esente-de-flori-clasice-bach","7":"pa_size-15ml","8":"pa_size-30ml","10":"first","11":"instock","12":"shipping-taxable","13":"purchasable","14":"product-type-variable","15":"has-default-attributes"},"_links":{"self":[{"href":"https:\/\/esentevibrationale.com\/index.php?rest_route=\/wp\/v2\/product\/1175","targetHints":{"allow":["GET"]}}],"collection":[{"href":"https:\/\/esentevibrationale.com\/index.php?rest_route=\/wp\/v2\/product"}],"about":[{"href":"https:\/\/esentevibrationale.com\/index.php?rest_route=\/wp\/v2\/types\/product"}],"wp:featuredmedia":[{"embeddable":true,"href":"https:\/\/esentevibrationale.com\/index.php?rest_route=\/wp\/v2\/media\/13112"}],"wp:attachment":[{"href":"https:\/\/esentevibrationale.com\/index.php?rest_route=%2Fwp%2Fv2%2Fmedia&parent=1175"}],"wp:term":[{"taxonomy":"product_brand","embeddable":true,"href":"https:\/\/esentevibrationale.com\/index.php?rest_route=%2Fwp%2Fv2%2Fproduct_brand&post=1175"},{"taxonomy":"product_cat","embeddable":true,"href":"https:\/\/esentevibrationale.com\/index.php?rest_route=%2Fwp%2Fv2%2Fproduct_cat&post=1175"},{"taxonomy":"product_tag","embeddable":true,"href":"https:\/\/esentevibrationale.com\/index.php?rest_route=%2Fwp%2Fv2%2Fproduct_tag&post=1175"}],"curies":[{"name":"wp","href":"https:\/\/api.w.org\/{rel}","templated":true}]}}