{"id":1191,"date":"2018-10-31T15:57:46","date_gmt":"2018-10-31T14:57:46","guid":{"rendered":"http:\/\/phiessences.com\/Romania\/?post_type=product&#038;p=1191"},"modified":"2025-12-30T18:59:27","modified_gmt":"2025-12-30T16:59:27","slug":"willow-salcie-galbena","status":"publish","type":"product","link":"https:\/\/esentevibrationale.com\/?product=willow-salcie-galbena","title":{"rendered":"Willow \/ Salcie  Galben\u0103"},"content":{"rendered":"<p><strong>(Salix vitellina) <\/strong><\/p>\n<p><em>Salcia cre\u0219te \u00een solurile umede \u0219i nisipoase de pe paji\u0219ti, pe zonele de c\u00e2mpie inunda- bile, \u00een zonele reci \u0219i temperate din nord \u0219i, de asemenea, \u00een America de Sud. Acest copac dioic cu cre\u0219tere rapid\u0103 poate ajunge p\u00e2n\u0103 la 25 m \u00een\u0103l\u021bime. Florile sale se deschid \u00eentre lunile aprilie \u0219i mai. Exist\u0103 flori feminine, care sunt m\u00e2\u021bi\u0219ori verzi \u0219i masculine care formeaz\u0103 m\u00e2\u021bi\u0219ori mici de culoare argintie sau galben\u0103.<\/em><\/p>\n<p><strong><em>Efectul Esen\u021bei: <\/em><\/strong>Cu esen\u021ba Salciei ne d\u0103m seama c\u0103 via\u021ba noastr\u0103 este guvernat\u0103 de ceea ce g\u00e2ndim. Esen\u021ba ne va ajuta s\u0103 ne facem planuri de via\u021b\u0103 cu g\u00e2nduri pozitive \u0219i cu energie activ\u0103.<\/p>\n<p><strong><em>Efectul Esen\u021bei la Nivel Fizic: <\/em><\/strong>Esen\u021ba Salciei ne ajut\u0103 s\u0103 ne oprim din a ne mai sim\u021bi victime ale destinului \u0219i s\u0103 sc\u0103p\u0103m de preconcep\u021biile negative, de mil\u0103 de sine, resentiment, etc. A\u0219a vom fi mai puternici la nivel energetic \u0219i ne vom umple de bucurie \u0219i speran\u021b\u0103. \u00cen acela\u0219i mod vindec\u0103torul interior se va pune \u00een mi\u0219care pentru a rezolva problemele noastre corporale. Dup\u0103 un accident sau o opera\u021bie, esen\u021ba ne va permite s\u0103 fim \u00een echilibru cu noua situa\u021bie \u0219i s\u0103 ne sim\u021bim ferici\u021bi \u00een pofida tuturor lucrurilor.<\/p>\n<p><strong><em>Efectul Esen\u021bei la Nivel Emo\u021bional: <\/em><\/strong>C\u00e2nd ne afund\u0103m \u00een faze vitale foarte negative, neiert\u0103toare, defensive, esen\u021ba Salciei ne ajut\u0103 s\u0103 ne readucem soarele \u00een vie\u021bile noastre. \u00cenv\u0103\u021b\u0103m s\u0103 iert\u0103m renun\u021b\u00e2nd la egoismul nostru \u0219i observ\u0103m suferin\u021ba \u00een alte persoane. R\u0103utatea \u0219i m\u00e2nia neconfortabil\u0103 de a fi sup\u0103rat pe tot \u0219i pe toate \u0219i r\u0103zvr\u0103tirea \u00eempotriva tuturor sunt l\u0103sate \u00een urm\u0103.<\/p>\n<p><strong><em>Efectul Esen\u021bei la Nivel Mental: <\/em><\/strong>Cu esen\u021ba \u00eenv\u0103\u021b\u0103m c\u0103 starea interioar\u0103 se reflect\u0103 \u00een comportamentul exterior. Putem l\u0103sa g\u00e2ndurile de resentiment \u0219i de rigiditate \u00een trecut. Accept\u0103m e\u0219ecurile \u0219i nu suntem invidio\u0219i pe norocul \u0219i pe fericirea celorlal\u021bi. Consider\u0103m ca fiind lec\u021bii de \u00eenv\u0103\u021bat, tot ceea ce este potrivnic destinului. Odat\u0103 cu iertarea, ne eliber\u0103m g\u00e2ndurile \u0219i ne putem concentra pe urmarea noului drum.<\/p>\n<p><strong><em>Efectul Esen\u021bei la Nivel Spiritual: <\/em><\/strong>Esen\u021ba ne ajut\u0103 s\u0103 g\u0103sim lini\u0219tea sufleteasc\u0103 \u0219i serenitatea. Dac\u0103 avem o atitudine pozitiv\u0103 ne recunoa\u0219tem propriul e\u0219ec f\u0103r\u0103 s\u0103 d\u0103m vina pe noi \u00een\u0219ine sau pe ceilal\u021bi. Esen\u021ba transmite for\u021ba interioar\u0103 pentru a pune cap\u0103t animozit\u0103\u021bii \u00eendelungate \u0219i pentru a recunoa\u0219te c\u0103 oamenii nu ar trebui niciodat\u0103 sa judece alt\u0103 persoan\u0103.<\/p>\n<p><strong><em>Afirma\u021bia: <\/em><\/strong>\u00cemi asum responsabilitatea pentru mine \u0219i pentru fericirea mea \u0219i simt afec\u021biune pur\u0103 pentru mine \u0219i ceilal\u021bi.<\/p>\n","protected":false},"excerpt":{"rendered":"<p>(Salix vitellina) Salcia cre\u0219te \u00een solurile umede \u0219i nisipoase de pe paji\u0219ti, pe zonele de c\u00e2mpie inunda- bile, \u00een zonele reci \u0219i temperate din nord \u0219i, de asemenea, \u00een America de Sud. Acest copac dioic cu cre\u0219tere rapid\u0103 poate ajunge p\u00e2n\u0103 la 25 m \u00een\u0103l\u021bime. Florile sale se deschid \u00eentre lunile aprilie \u0219i mai. Exist\u0103 &hellip; <a href=\"https:\/\/esentevibrationale.com\/?product=willow-salcie-galbena\" class=\"more-link\">Continu\u0103 lectura <span class=\"screen-reader-text\">Willow \/ Salcie  Galben\u0103<\/span> <span class=\"meta-nav\">&rarr;<\/span><\/a><\/p>\n","protected":false},"featured_media":1194,"template":"","meta":[],"product_brand":[],"product_cat":[20],"product_tag":[],"class_list":{"0":"post-1191","1":"product","2":"type-product","3":"status-publish","4":"has-post-thumbnail","6":"product_cat-esente-de-flori-clasice-bach","7":"pa_size-15ml","8":"pa_size-30ml","10":"first","11":"instock","12":"shipping-taxable","13":"purchasable","14":"product-type-variable","15":"has-default-attributes"},"_links":{"self":[{"href":"https:\/\/esentevibrationale.com\/index.php?rest_route=\/wp\/v2\/product\/1191","targetHints":{"allow":["GET"]}}],"collection":[{"href":"https:\/\/esentevibrationale.com\/index.php?rest_route=\/wp\/v2\/product"}],"about":[{"href":"https:\/\/esentevibrationale.com\/index.php?rest_route=\/wp\/v2\/types\/product"}],"wp:featuredmedia":[{"embeddable":true,"href":"https:\/\/esentevibrationale.com\/index.php?rest_route=\/wp\/v2\/media\/1194"}],"wp:attachment":[{"href":"https:\/\/esentevibrationale.com\/index.php?rest_route=%2Fwp%2Fv2%2Fmedia&parent=1191"}],"wp:term":[{"taxonomy":"product_brand","embeddable":true,"href":"https:\/\/esentevibrationale.com\/index.php?rest_route=%2Fwp%2Fv2%2Fproduct_brand&post=1191"},{"taxonomy":"product_cat","embeddable":true,"href":"https:\/\/esentevibrationale.com\/index.php?rest_route=%2Fwp%2Fv2%2Fproduct_cat&post=1191"},{"taxonomy":"product_tag","embeddable":true,"href":"https:\/\/esentevibrationale.com\/index.php?rest_route=%2Fwp%2Fv2%2Fproduct_tag&post=1191"}],"curies":[{"name":"wp","href":"https:\/\/api.w.org\/{rel}","templated":true}]}}