{"id":1201,"date":"2018-10-31T16:04:26","date_gmt":"2018-10-31T15:04:26","guid":{"rendered":"http:\/\/phiessences.com\/Romania\/?post_type=product&#038;p=1201"},"modified":"2025-12-30T18:58:25","modified_gmt":"2025-12-30T16:58:25","slug":"rq7-primul-ajutor","status":"publish","type":"product","link":"https:\/\/esentevibrationale.com\/?product=rq7-primul-ajutor","title":{"rendered":"RQ7 Primul Ajutor"},"content":{"rendered":"<p><em>Acest remediu de urgen\u021b\u0103 \u00eembun\u0103t\u0103\u021bit este o extensia a lui RQ5. Efectul energetic al esen\u021belor florale este foarte consistent \u0219i puternic armonizator \u00een orice caz de urgen\u021b\u0103. Odat\u0103 combinate RQ7 \u0219i RQ5 fac parte din setul florilor clasice Bach. Aceast\u0103 esen\u021b\u0103 ar trebui sa fac\u0103 parte din orice trus\u0103 de primul ajutor.<\/em><\/p>\n<p><strong><em>Efectul Esen\u021bei: <\/em><\/strong>Este o esen\u021b\u0103 cu un efect puternic energetic indicat\u0103 pentru orice tip de situa\u021bie acut\u0103 de urgen\u021b\u0103. Efectul esen\u021bei lini\u0219titor \u0219i coordonator activeaz\u0103 poten\u021bialul nostru de auto-vindecare. Datorit\u0103 efectului puternic al esen\u021bei, aceasta nu se recomand\u0103 s\u0103 fie administrat\u0103 noapte.<\/p>\n<p><strong><em>Efectul Esen\u021bei la Nivel Fizic: <\/em><\/strong>Se folose\u0219te cu scopuri profilactice, \u00eenaintea unei interven\u021bii chirurgicale, a vizitei la dentist sau a na\u0219terii, astfel \u00eenc\u00e2t corpul s\u0103 fie \u00eentr-un echilibru perfect echilibrat din punct de vedere energetic, totodat\u0103 o putem folosi pentru a ne preg\u0103ti cu scopul de a ne stimula poten\u021bialul nostru de auto-vindecare.<\/p>\n<p><strong><em>Efectul Esen\u021bei la Nivel Emo\u021bional: <\/em><\/strong>\u00cen cazul fricilor, al febrei c\u0103l\u0103toriei, al panicii \u0219i al fricii de moarte aceast\u0103 esen\u021b\u0103 ne ajut\u0103 s\u0103 ne stabiliz\u0103m \u0219i s\u0103 ne armoniz\u0103m la nivel energetic.<\/p>\n<p><strong><em>Efectul Esen\u021bei la Nivel Mental: <\/em><\/strong>Esen\u021ba RQ7 ne recentereaz\u0103 \u0219i armonizeaz\u0103 la nivel mental \u00een situa\u021biile de mare nevoie \u0219i de \u00eengrijorare, \u00een cazul disputelor, suferin\u021bei \u0219i al stresului acut.<\/p>\n<p><strong><em>Efectul Esen\u021bei la Nivel Spiritual: <\/em><\/strong>Interac\u021biunea esen\u021belor florale aduce o armonizare asupra trupului, min\u021bii \u0219i sufletului, \u00een timp ce sus\u021bine procesele de auto- vindecare interioare, care ar fi putut fi reduse semnificativ prin traume.<\/p>\n<p><strong><em>Afirma\u021bia: <\/em><\/strong>Dep\u0103\u0219esc orice dificultate \u0219i m\u0103 vindec pe mine.<\/p>\n<p><strong><em>Particularit\u0103\u021bi: <\/em>Spray-ul RQ7<\/strong>: Este pentru uz extern. \u00cen situa\u021biile de stres sau de \u0219oc, se pot aplica c\u00e2teva pulveriz\u0103ri \u00een jurul capului sau zona umerilor sau direct pe piele.<\/p>\n<p><strong>Crema RQ7<\/strong>: Este pentru uz extern, se aplic\u0103 pe piele \u00een situa\u021biile de urgen\u021b\u0103. De exemplu: \u00een situa\u021biile de coliziune sau contuzii, contribuie la echilibrarea energiei corporale sau la armonizarea sa \u00een urma unor \u00een\u021bep\u0103turi sau mu\u0219c\u0103turi de insecte.<\/p>\n<p><strong>Esen\u021ba Con\u021bine<\/strong>: RQ5 + Lotus (Nelumbo nucifera) \u0219i Self-Heal (Prunella vulgaris).<\/p>\n<p>Ac\u021biunea RQ7\u00a0 dup\u0103 ce am fost muscat\u0103 \u0219i zg\u00e2riat\u0103 de un motan!<\/p>\n<p><img loading=\"lazy\" decoding=\"async\" class=\"alignnone size-medium wp-image-14225\" src=\"https:\/\/esentevibrationale.com\/wp-content\/uploads\/2018\/10\/RQ7-ACTION-300x300.jpg\" alt=\"\" width=\"300\" height=\"300\" srcset=\"https:\/\/esentevibrationale.com\/wp-content\/uploads\/2018\/10\/RQ7-ACTION-300x299.jpg 300w, https:\/\/esentevibrationale.com\/wp-content\/uploads\/2018\/10\/RQ7-ACTION-1024x1020.jpg 1024w, https:\/\/esentevibrationale.com\/wp-content\/uploads\/2018\/10\/RQ7-ACTION-150x150.jpg 150w, https:\/\/esentevibrationale.com\/wp-content\/uploads\/2018\/10\/RQ7-ACTION-768x765.jpg 768w, https:\/\/esentevibrationale.com\/wp-content\/uploads\/2018\/10\/RQ7-ACTION-200x200.jpg 200w, https:\/\/esentevibrationale.com\/wp-content\/uploads\/2018\/10\/RQ7-ACTION-100x100.jpg 100w, https:\/\/esentevibrationale.com\/wp-content\/uploads\/2018\/10\/RQ7-ACTION-60x60.jpg 60w, https:\/\/esentevibrationale.com\/wp-content\/uploads\/2018\/10\/RQ7-ACTION-90x90.jpg 90w, https:\/\/esentevibrationale.com\/wp-content\/uploads\/2018\/10\/RQ7-ACTION.jpg 1170w\" sizes=\"auto, (max-width: 300px) 100vw, 300px\" \/><\/p>\n<p>\u00cenainte de a administra RQ7\u00a0 \/ La 5 minunte dup\u0103 ce am administrat \u00a0RQ7<\/p>\n","protected":false},"excerpt":{"rendered":"<p>Acest remediu de urgen\u021b\u0103 \u00eembun\u0103t\u0103\u021bit este o extensia a lui RQ5. Efectul energetic al esen\u021belor florale este foarte consistent \u0219i puternic armonizator \u00een orice caz de urgen\u021b\u0103. Odat\u0103 combinate RQ7 \u0219i RQ5 fac parte din setul florilor clasice Bach. Aceast\u0103 esen\u021b\u0103 ar trebui sa fac\u0103 parte din orice trus\u0103 de primul ajutor. Efectul Esen\u021bei: Este &hellip; <a href=\"https:\/\/esentevibrationale.com\/?product=rq7-primul-ajutor\" class=\"more-link\">Continu\u0103 lectura <span class=\"screen-reader-text\">RQ7 Primul Ajutor<\/span> <span class=\"meta-nav\">&rarr;<\/span><\/a><\/p>\n","protected":false},"featured_media":13116,"template":"","meta":[],"product_brand":[],"product_cat":[20],"product_tag":[],"class_list":{"0":"post-1201","1":"product","2":"type-product","3":"status-publish","4":"has-post-thumbnail","6":"product_cat-esente-de-flori-clasice-bach","7":"pa_size-15ml","8":"pa_size-30ml","10":"first","11":"instock","12":"shipping-taxable","13":"purchasable","14":"product-type-variable","15":"has-default-attributes"},"_links":{"self":[{"href":"https:\/\/esentevibrationale.com\/index.php?rest_route=\/wp\/v2\/product\/1201","targetHints":{"allow":["GET"]}}],"collection":[{"href":"https:\/\/esentevibrationale.com\/index.php?rest_route=\/wp\/v2\/product"}],"about":[{"href":"https:\/\/esentevibrationale.com\/index.php?rest_route=\/wp\/v2\/types\/product"}],"wp:featuredmedia":[{"embeddable":true,"href":"https:\/\/esentevibrationale.com\/index.php?rest_route=\/wp\/v2\/media\/13116"}],"wp:attachment":[{"href":"https:\/\/esentevibrationale.com\/index.php?rest_route=%2Fwp%2Fv2%2Fmedia&parent=1201"}],"wp:term":[{"taxonomy":"product_brand","embeddable":true,"href":"https:\/\/esentevibrationale.com\/index.php?rest_route=%2Fwp%2Fv2%2Fproduct_brand&post=1201"},{"taxonomy":"product_cat","embeddable":true,"href":"https:\/\/esentevibrationale.com\/index.php?rest_route=%2Fwp%2Fv2%2Fproduct_cat&post=1201"},{"taxonomy":"product_tag","embeddable":true,"href":"https:\/\/esentevibrationale.com\/index.php?rest_route=%2Fwp%2Fv2%2Fproduct_tag&post=1201"}],"curies":[{"name":"wp","href":"https:\/\/api.w.org\/{rel}","templated":true}]}}