{"id":1206,"date":"2018-10-31T16:20:24","date_gmt":"2018-10-31T15:20:24","guid":{"rendered":"http:\/\/phiessences.com\/Romania\/?post_type=product&#038;p=1206"},"modified":"2025-12-30T18:32:08","modified_gmt":"2025-12-30T16:32:08","slug":"clemantis-curpenul-de-padure","status":"publish","type":"product","link":"https:\/\/esentevibrationale.com\/?product=clemantis-curpenul-de-padure","title":{"rendered":"Clemantis \/ Curpenul de P\u0103dure"},"content":{"rendered":"<p><strong>(Clematis vitalba)<\/strong><\/p>\n<p><em>Numele latinesc <\/em>vitalba <em>\u00eenseamn\u0103 &#8222;planta alb\u0103 c\u0103\u021b\u0103r\u0103toare&#8221;, descrie Curpenul de P\u0103dure, care cre\u0219te la marginea p\u0103durilor \u0219i a gardurilor vii. Tulpinile \u00eentortocheate ajung p\u00e2n\u0103 la 30 m lungime. Frunzele ascu\u021bite au o l\u0103\u021bime de p\u00e2n\u0103 la 20 cm. Florile sunt alb-crem cu numeroase stamine \u0219i \u00eenfloresc \u00eentre iunie \u0219i septembrie. Semin\u021bele au fire alb-cenu\u0219ii, l\u00e2noase, cu are acoper\u0103 planta de sus\u021binere. Planta acoper\u0103 totul \u0219i are nevoie de un sprijin pe care s\u0103 creasc\u0103.<\/em><\/p>\n<p><em>\u00a0<\/em><strong><em>Efectul Esen\u021bei: <\/em><\/strong>Esen\u021ba Curpenului de P\u0103dure promoveaz\u0103 conexiunea noastr\u0103 cu P\u0103m\u00e2ntul \u0219i statornicia. Face percep\u021bia senzorial\u0103 proprie mai puternic\u0103.<\/p>\n<p><strong><em>Efectul Esen\u021bei la Nivel Fizic: <\/em><\/strong>&#8222;Oamenii spirituali care plutesc&#8221;, adesea sufer\u0103 de tensiune arterial\u0103 sc\u0103zut\u0103, au m\u00e2inile \u0219i picioarele reci, etc. Esen\u021ba Curpenului de P\u0103dure treze\u0219te \u00een ei sim\u021bul de stabilitate \u0219i fermitate \u00een zona corpului, care se traduce prin activarea corpului. Esen\u021ba poate fi aplicat\u0103 ca un supliment \u00een masajul limfatic.<\/p>\n<p><strong><em>Efectul Esen\u021bei la Nivel Emo\u021bional: <\/em><\/strong>Esen\u021ba Curpenul de P\u0103dure este necesar\u0103 persoane- lor care adesea au senza\u021bia c\u0103 via\u021ba le trece prin fa\u021ba ochilor, de multe ori refugiindu-se \u00eentr-o lume de visare \u0219i de fantezie. Exist\u0103 lipsa aten\u021biei \u0219i a interesului fa\u021ba de prezent. C\u00e2teodat\u0103, persoana t\u00e2nje\u0219te dup\u0103 moarte. Cauza pentru care se \u00eent\u00e2mpl\u0103 toate acestea este lipsa cunoa\u0219terii propriilor capacit\u0103\u021bi.<\/p>\n<p><strong><em>Efectul Esen\u021bei la Nivel Mental: <\/em><\/strong>Esen\u021ba ne ajut\u0103 s\u0103 ne control\u0103m g\u00e2ndurile \u0219i s\u0103 lucr\u0103m consecvent cu ele. Acum se pot dezvolta din nou abilit\u0103\u021bile \u0219i talentele, care erau \u00een trecut inactive, ne \u00eendeplinim abilit\u0103\u021bile \u0219i talentele noastre, pentru care lipsea puterea de a le pune \u00een practic\u0103. Cu esen\u021ba c\u0103p\u0103t\u0103m un sim\u021b dezvoltat al realit\u0103\u021bii \u0219i este favorizat\u0103 activarea corpului.<\/p>\n<p><strong><em>Efectul Esen\u021bei la Nivel Spiritual: <\/em><\/strong>Esen\u021ba Curpenului de P\u0103dure \u00eent\u0103re\u0219te corpul eteric. Sim\u021bim c\u0103 tr\u0103im \u00een prezent, ne dezvolt\u0103m sim\u021bul realit\u0103\u021bii, for\u021ba \u0219i stabilitatea. Inspira\u021biile pot fi puse \u00een aplicare \u00een mod creativ \u0219i pe p\u0103m\u00e2nt. Putem stabili o leg\u0103tur\u0103 puternic\u0103 cu via\u021ba interioar\u0103 \u00een raport cu realitatea. De exemplu: percep\u021biile asupra organelor de sim\u021b devin mai fine. Fluxul spiritual de energie cre\u0219te pentru a putea folosi practic aceste senza\u021bii. Activit\u0103\u021bile care ne pun \u00een contact direct cu P\u0103m\u00e2ntul (gr\u0103din\u0103ritul, c\u00e2mpul, etc.) pot fi resim\u021bite la un nou nivel de con\u0219tiin\u021b\u0103.<\/p>\n<p><strong><em>Afirma\u021bia: <\/em><\/strong>Iau fr\u00e2iele vie\u021bii mele, transform ideile mele \u00een fapte \u0219i recunosc \u0219i profit de oportunit\u0103\u021bile care mi se ofer\u0103.<\/p>\n","protected":false},"excerpt":{"rendered":"<p>(Clematis vitalba) Numele latinesc vitalba \u00eenseamn\u0103 &#8222;planta alb\u0103 c\u0103\u021b\u0103r\u0103toare&#8221;, descrie Curpenul de P\u0103dure, care cre\u0219te la marginea p\u0103durilor \u0219i a gardurilor vii. Tulpinile \u00eentortocheate ajung p\u00e2n\u0103 la 30 m lungime. Frunzele ascu\u021bite au o l\u0103\u021bime de p\u00e2n\u0103 la 20 cm. Florile sunt alb-crem cu numeroase stamine \u0219i \u00eenfloresc \u00eentre iunie \u0219i septembrie. Semin\u021bele au fire &hellip; <a href=\"https:\/\/esentevibrationale.com\/?product=clemantis-curpenul-de-padure\" class=\"more-link\">Continu\u0103 lectura <span class=\"screen-reader-text\">Clemantis \/ Curpenul de P\u0103dure<\/span> <span class=\"meta-nav\">&rarr;<\/span><\/a><\/p>\n","protected":false},"featured_media":13117,"template":"","meta":[],"product_brand":[],"product_cat":[20],"product_tag":[],"class_list":{"0":"post-1206","1":"product","2":"type-product","3":"status-publish","4":"has-post-thumbnail","6":"product_cat-esente-de-flori-clasice-bach","7":"pa_size-15ml","8":"pa_size-30ml","10":"first","11":"instock","12":"shipping-taxable","13":"purchasable","14":"product-type-variable","15":"has-default-attributes"},"_links":{"self":[{"href":"https:\/\/esentevibrationale.com\/index.php?rest_route=\/wp\/v2\/product\/1206","targetHints":{"allow":["GET"]}}],"collection":[{"href":"https:\/\/esentevibrationale.com\/index.php?rest_route=\/wp\/v2\/product"}],"about":[{"href":"https:\/\/esentevibrationale.com\/index.php?rest_route=\/wp\/v2\/types\/product"}],"wp:featuredmedia":[{"embeddable":true,"href":"https:\/\/esentevibrationale.com\/index.php?rest_route=\/wp\/v2\/media\/13117"}],"wp:attachment":[{"href":"https:\/\/esentevibrationale.com\/index.php?rest_route=%2Fwp%2Fv2%2Fmedia&parent=1206"}],"wp:term":[{"taxonomy":"product_brand","embeddable":true,"href":"https:\/\/esentevibrationale.com\/index.php?rest_route=%2Fwp%2Fv2%2Fproduct_brand&post=1206"},{"taxonomy":"product_cat","embeddable":true,"href":"https:\/\/esentevibrationale.com\/index.php?rest_route=%2Fwp%2Fv2%2Fproduct_cat&post=1206"},{"taxonomy":"product_tag","embeddable":true,"href":"https:\/\/esentevibrationale.com\/index.php?rest_route=%2Fwp%2Fv2%2Fproduct_tag&post=1206"}],"curies":[{"name":"wp","href":"https:\/\/api.w.org\/{rel}","templated":true}]}}