{"id":1216,"date":"2018-11-05T10:21:54","date_gmt":"2018-11-05T09:21:54","guid":{"rendered":"http:\/\/phiessences.com\/Romania\/?post_type=product&#038;p=1216"},"modified":"2026-03-11T04:59:49","modified_gmt":"2026-03-11T02:59:49","slug":"cropcircle-paradise-pendant-pandantiv-cropcircle-paradise","status":"publish","type":"product","link":"https:\/\/esentevibrationale.com\/?product=cropcircle-paradise-pendant-pandantiv-cropcircle-paradise","title":{"rendered":"Cropcircle &#8222;Paradise&#8221; Pendant \/ Pandantiv Cropcircle &#8222;Paradis&#8221;"},"content":{"rendered":"<p><span class=\"Y2IQFc\" lang=\"ro\">Nr. 96: Paradise Forest, pandantiv crop circle, Diessenhofen, CH (2008) Cu onix lustruit. Forma\u021biunea are o putere puternic\u0103 pozitiv\u0103, de \u00eent\u0103rire a vie\u021bii. Afecteaz\u0103 toate chakrele \u0219i glandele. G\u00e2ndurile pozitive sunt \u00eent\u0103rite, bucuria de via\u021b\u0103 este sporit\u0103 \u0219i sistemul imunitar este sus\u021binut. Esen\u021ba \u00eei ajut\u0103 pe oamenii afla\u021bi \u00een situa\u021bii dificile s\u0103 reflecteze asupra pozitivului \u0219i s\u0103 se conecteze cu Dumnezeu. <\/span><\/p>\n<p><span class=\"Y2IQFc\" lang=\"ro\">Informa\u021bii: Toate pandantivele PHI sunt realizate manual prin tehnica de suflare a sticlei, care dateaz\u0103 din secolul al IV-lea \u00een Germania.<\/span><\/p>\n","protected":false},"excerpt":{"rendered":"<p><img loading=\"lazy\" decoding=\"async\" class=\"alignnone size-full wp-image-1214\" src=\"https:\/\/phiessences.com\/Romania\/wp-content\/uploads\/2018\/11\/96_29_1.jpg\" alt=\"\" width=\"200\" height=\"129\" \/><\/p>\n<p>&nbsp;<\/p>\n","protected":false},"featured_media":1213,"template":"","meta":[],"product_brand":[],"product_cat":[39],"product_tag":[],"class_list":{"0":"post-1216","1":"product","2":"type-product","3":"status-publish","4":"has-post-thumbnail","6":"product_cat-pandantive","8":"first","9":"instock","10":"shipping-taxable","11":"purchasable","12":"product-type-simple"},"_links":{"self":[{"href":"https:\/\/esentevibrationale.com\/index.php?rest_route=\/wp\/v2\/product\/1216","targetHints":{"allow":["GET"]}}],"collection":[{"href":"https:\/\/esentevibrationale.com\/index.php?rest_route=\/wp\/v2\/product"}],"about":[{"href":"https:\/\/esentevibrationale.com\/index.php?rest_route=\/wp\/v2\/types\/product"}],"wp:featuredmedia":[{"embeddable":true,"href":"https:\/\/esentevibrationale.com\/index.php?rest_route=\/wp\/v2\/media\/1213"}],"wp:attachment":[{"href":"https:\/\/esentevibrationale.com\/index.php?rest_route=%2Fwp%2Fv2%2Fmedia&parent=1216"}],"wp:term":[{"taxonomy":"product_brand","embeddable":true,"href":"https:\/\/esentevibrationale.com\/index.php?rest_route=%2Fwp%2Fv2%2Fproduct_brand&post=1216"},{"taxonomy":"product_cat","embeddable":true,"href":"https:\/\/esentevibrationale.com\/index.php?rest_route=%2Fwp%2Fv2%2Fproduct_cat&post=1216"},{"taxonomy":"product_tag","embeddable":true,"href":"https:\/\/esentevibrationale.com\/index.php?rest_route=%2Fwp%2Fv2%2Fproduct_tag&post=1216"}],"curies":[{"name":"wp","href":"https:\/\/api.w.org\/{rel}","templated":true}]}}