{"id":12252,"date":"2020-08-03T11:10:44","date_gmt":"2020-08-03T08:10:44","guid":{"rendered":"https:\/\/esentevibrationale.com\/?post_type=product&#038;p=12252"},"modified":"2025-12-31T11:28:19","modified_gmt":"2025-12-31T09:28:19","slug":"esenta-oceanului-nr-1","status":"publish","type":"product","link":"https:\/\/esentevibrationale.com\/?product=esenta-oceanului-nr-1","title":{"rendered":"1. Ocean Essence No. 1 \/ Esen\u021ba Oceanic\u0103 Nr. 1"},"content":{"rendered":"<p><strong>Efectul energetic al esen\u021bei:<\/strong><br \/>\nEfectul energetic al esen\u021bei afecteaz\u0103 imediat celulele. Informa\u021biile din celul\u0103 sunt restabilite la starea ini\u021bial\u0103, f\u0103r\u0103 probleme. Are un efect energetic asupra schimbului de celule \u0219i absorb\u021biei de oxigen \u00een celule. Informa\u021biile despre ADN sunt \u201ecur\u0103\u021bate\u201d energetic. Efect energetic asupra chakrei a-2-a, a tuturor celulelor corpului, a globulelor ro\u0219ii \u0219i a pl\u0103m\u00e2nilor. Creeaz\u0103 o senza\u021bie de u\u0219urin\u021b\u0103 \u0219i respir\u0103m mai con\u0219tient.<\/p>\n","protected":false},"excerpt":{"rendered":"<p>Efectul energetic al esen\u021bei: Efectul energetic al esen\u021bei afecteaz\u0103 imediat celulele. Informa\u021biile din celul\u0103 sunt restabilite la starea ini\u021bial\u0103, f\u0103r\u0103 probleme. Are un efect energetic asupra schimbului de celule \u0219i absorb\u021biei de oxigen \u00een celule. Informa\u021biile despre ADN sunt \u201ecur\u0103\u021bate\u201d energetic. Efect energetic asupra chakrei a-2-a, a tuturor celulelor corpului, a globulelor ro\u0219ii \u0219i a &hellip; <a href=\"https:\/\/esentevibrationale.com\/?product=esenta-oceanului-nr-1\" class=\"more-link\">Continu\u0103 lectura <span class=\"screen-reader-text\">1. Ocean Essence No. 1 \/ Esen\u021ba Oceanic\u0103 Nr. 1<\/span> <span class=\"meta-nav\">&rarr;<\/span><\/a><\/p>\n","protected":false},"featured_media":12253,"template":"","meta":[],"product_brand":[],"product_cat":[72],"product_tag":[],"class_list":{"0":"post-12252","1":"product","2":"type-product","3":"status-publish","4":"has-post-thumbnail","6":"product_cat-esentele-ocenului","7":"pa_size-15ml","8":"pa_size-30ml","10":"first","11":"instock","12":"shipping-taxable","13":"purchasable","14":"product-type-variable","15":"has-default-attributes"},"_links":{"self":[{"href":"https:\/\/esentevibrationale.com\/index.php?rest_route=\/wp\/v2\/product\/12252","targetHints":{"allow":["GET"]}}],"collection":[{"href":"https:\/\/esentevibrationale.com\/index.php?rest_route=\/wp\/v2\/product"}],"about":[{"href":"https:\/\/esentevibrationale.com\/index.php?rest_route=\/wp\/v2\/types\/product"}],"wp:featuredmedia":[{"embeddable":true,"href":"https:\/\/esentevibrationale.com\/index.php?rest_route=\/wp\/v2\/media\/12253"}],"wp:attachment":[{"href":"https:\/\/esentevibrationale.com\/index.php?rest_route=%2Fwp%2Fv2%2Fmedia&parent=12252"}],"wp:term":[{"taxonomy":"product_brand","embeddable":true,"href":"https:\/\/esentevibrationale.com\/index.php?rest_route=%2Fwp%2Fv2%2Fproduct_brand&post=12252"},{"taxonomy":"product_cat","embeddable":true,"href":"https:\/\/esentevibrationale.com\/index.php?rest_route=%2Fwp%2Fv2%2Fproduct_cat&post=12252"},{"taxonomy":"product_tag","embeddable":true,"href":"https:\/\/esentevibrationale.com\/index.php?rest_route=%2Fwp%2Fv2%2Fproduct_tag&post=12252"}],"curies":[{"name":"wp","href":"https:\/\/api.w.org\/{rel}","templated":true}]}}