{"id":12262,"date":"2020-08-03T11:33:24","date_gmt":"2020-08-03T08:33:24","guid":{"rendered":"https:\/\/esentevibrationale.com\/?post_type=product&#038;p=12262"},"modified":"2026-01-02T08:31:22","modified_gmt":"2026-01-02T06:31:22","slug":"esenta-oceanului-nr-3","status":"publish","type":"product","link":"https:\/\/esentevibrationale.com\/?product=esenta-oceanului-nr-3","title":{"rendered":"3. Esen\u021ba Oceanic\u0103 Nr. 3"},"content":{"rendered":"<p>&nbsp;<\/p>\n<p><strong>Efectul energetic al esen\u021bei:<\/strong><br \/>\nLa fel cum animalul se ridic\u0103 din marea ad\u00e2nc\u0103, la fel esen\u021be aduce informa\u021biile din subcon\u0219tientul nostru profund \u00een sus. Articolele vechi pot fi cur\u0103\u021bate \u0219i eliberate. Esen\u021ba are un efect energetic asupra procesului de re\u00eennoire a celulelor. Vechiul este \u00eenlocuit de nou. Are un efect de \u00eentinerire energic\u0103. Analogie la trombocite (absorb\u021bia de oxigen) \u0219i stimuleaz\u0103 energetic metabolismul. Pentru integrarea informa\u021biilor despre cercurile ap\u0103rute \u020bn lanurile de culturi, informa\u021bii despre esen\u021ba \u00eengerului la nivelul celulei. Are un efect energetic asupra primei chakre, primelor celule, ac\u021bioneaz\u0103 ca un tonic pentru \u00eentregul organism, face conexiunea cu for\u021ba primordial\u0103, conexiunea cu p\u0103m\u00e2ntul, integrarea g\u00e2ndurilor, \u00eemp\u0103m\u00e2ntarea, creeaz\u0103 un cap limpede.<\/p>\n","protected":false},"excerpt":{"rendered":"<p>&nbsp; Efectul energetic al esen\u021bei: La fel cum animalul se ridic\u0103 din marea ad\u00e2nc\u0103, la fel esen\u021be aduce informa\u021biile din subcon\u0219tientul nostru profund \u00een sus. Articolele vechi pot fi cur\u0103\u021bate \u0219i eliberate. Esen\u021ba are un efect energetic asupra procesului de re\u00eennoire a celulelor. Vechiul este \u00eenlocuit de nou. Are un efect de \u00eentinerire energic\u0103. Analogie &hellip; <a href=\"https:\/\/esentevibrationale.com\/?product=esenta-oceanului-nr-3\" class=\"more-link\">Continu\u0103 lectura <span class=\"screen-reader-text\">3. Esen\u021ba Oceanic\u0103 Nr. 3<\/span> <span class=\"meta-nav\">&rarr;<\/span><\/a><\/p>\n","protected":false},"featured_media":12265,"template":"","meta":[],"product_brand":[],"product_cat":[72],"product_tag":[],"class_list":{"0":"post-12262","1":"product","2":"type-product","3":"status-publish","4":"has-post-thumbnail","6":"product_cat-esentele-ocenului","7":"pa_size-15ml","8":"pa_size-30ml","10":"first","11":"instock","12":"shipping-taxable","13":"purchasable","14":"product-type-variable","15":"has-default-attributes"},"_links":{"self":[{"href":"https:\/\/esentevibrationale.com\/index.php?rest_route=\/wp\/v2\/product\/12262","targetHints":{"allow":["GET"]}}],"collection":[{"href":"https:\/\/esentevibrationale.com\/index.php?rest_route=\/wp\/v2\/product"}],"about":[{"href":"https:\/\/esentevibrationale.com\/index.php?rest_route=\/wp\/v2\/types\/product"}],"wp:featuredmedia":[{"embeddable":true,"href":"https:\/\/esentevibrationale.com\/index.php?rest_route=\/wp\/v2\/media\/12265"}],"wp:attachment":[{"href":"https:\/\/esentevibrationale.com\/index.php?rest_route=%2Fwp%2Fv2%2Fmedia&parent=12262"}],"wp:term":[{"taxonomy":"product_brand","embeddable":true,"href":"https:\/\/esentevibrationale.com\/index.php?rest_route=%2Fwp%2Fv2%2Fproduct_brand&post=12262"},{"taxonomy":"product_cat","embeddable":true,"href":"https:\/\/esentevibrationale.com\/index.php?rest_route=%2Fwp%2Fv2%2Fproduct_cat&post=12262"},{"taxonomy":"product_tag","embeddable":true,"href":"https:\/\/esentevibrationale.com\/index.php?rest_route=%2Fwp%2Fv2%2Fproduct_tag&post=12262"}],"curies":[{"name":"wp","href":"https:\/\/api.w.org\/{rel}","templated":true}]}}