{"id":12268,"date":"2020-08-03T12:02:53","date_gmt":"2020-08-03T09:02:53","guid":{"rendered":"https:\/\/esentevibrationale.com\/?post_type=product&#038;p=12268"},"modified":"2026-01-02T08:51:34","modified_gmt":"2026-01-02T06:51:34","slug":"esenta-oceanului-nr-4","status":"publish","type":"product","link":"https:\/\/esentevibrationale.com\/?product=esenta-oceanului-nr-4","title":{"rendered":"4. Ocean Essence no.4 \/ Esen\u021ba Oceanic\u0103 Nr. 4"},"content":{"rendered":"<p><strong>Efectul energetic al esen\u021bei:<\/strong><br \/>\nDin profunzimea subcon\u0219tientului nostru, esen\u021ba ne ajut\u0103 s\u0103 ne sim\u021bim drumul \u00eencet \u0219i cu aten\u021bie, s\u0103 ne orient\u0103m intern \u0219i s\u0103 ne g\u0103sim spa\u021biul. Deci, nu mai trebuie s\u0103 fim invizibili pentru ceilal\u021bi \u0219i ne putem men\u021bine locul \u00een via\u021b\u0103. Are efect energetic asupra Chakrei a-II-a, a rinichilor \u0219i organelor sexuale. Energetic ne ajut\u0103 s\u0103 dep\u0103\u0219im senza\u021bia de str\u00e2ngere \u0219i claustrofobie, sentimentele de insecuritate sunt eliberate, sentimentele de anxietate-stomac se calmeaz\u0103.<\/p>\n<p>(imaginea este neclar\u0103)<\/p>\n","protected":false},"excerpt":{"rendered":"<p>Efectul energetic al esen\u021bei: Din profunzimea subcon\u0219tientului nostru, esen\u021ba ne ajut\u0103 s\u0103 ne sim\u021bim drumul \u00eencet \u0219i cu aten\u021bie, s\u0103 ne orient\u0103m intern \u0219i s\u0103 ne g\u0103sim spa\u021biul. Deci, nu mai trebuie s\u0103 fim invizibili pentru ceilal\u021bi \u0219i ne putem men\u021bine locul \u00een via\u021b\u0103. Are efect energetic asupra Chakrei a-II-a, a rinichilor \u0219i organelor sexuale. &hellip; <a href=\"https:\/\/esentevibrationale.com\/?product=esenta-oceanului-nr-4\" class=\"more-link\">Continu\u0103 lectura <span class=\"screen-reader-text\">4. Ocean Essence no.4 \/ Esen\u021ba Oceanic\u0103 Nr. 4<\/span> <span class=\"meta-nav\">&rarr;<\/span><\/a><\/p>\n","protected":false},"featured_media":12271,"template":"","meta":[],"product_brand":[],"product_cat":[72],"product_tag":[],"class_list":{"0":"post-12268","1":"product","2":"type-product","3":"status-publish","4":"has-post-thumbnail","6":"product_cat-esentele-ocenului","7":"pa_size-15ml","8":"pa_size-30ml","10":"first","11":"instock","12":"shipping-taxable","13":"purchasable","14":"product-type-variable","15":"has-default-attributes"},"_links":{"self":[{"href":"https:\/\/esentevibrationale.com\/index.php?rest_route=\/wp\/v2\/product\/12268","targetHints":{"allow":["GET"]}}],"collection":[{"href":"https:\/\/esentevibrationale.com\/index.php?rest_route=\/wp\/v2\/product"}],"about":[{"href":"https:\/\/esentevibrationale.com\/index.php?rest_route=\/wp\/v2\/types\/product"}],"wp:featuredmedia":[{"embeddable":true,"href":"https:\/\/esentevibrationale.com\/index.php?rest_route=\/wp\/v2\/media\/12271"}],"wp:attachment":[{"href":"https:\/\/esentevibrationale.com\/index.php?rest_route=%2Fwp%2Fv2%2Fmedia&parent=12268"}],"wp:term":[{"taxonomy":"product_brand","embeddable":true,"href":"https:\/\/esentevibrationale.com\/index.php?rest_route=%2Fwp%2Fv2%2Fproduct_brand&post=12268"},{"taxonomy":"product_cat","embeddable":true,"href":"https:\/\/esentevibrationale.com\/index.php?rest_route=%2Fwp%2Fv2%2Fproduct_cat&post=12268"},{"taxonomy":"product_tag","embeddable":true,"href":"https:\/\/esentevibrationale.com\/index.php?rest_route=%2Fwp%2Fv2%2Fproduct_tag&post=12268"}],"curies":[{"name":"wp","href":"https:\/\/api.w.org\/{rel}","templated":true}]}}