{"id":12272,"date":"2020-08-03T12:16:05","date_gmt":"2020-08-03T09:16:05","guid":{"rendered":"https:\/\/esentevibrationale.com\/?post_type=product&#038;p=12272"},"modified":"2026-01-02T08:57:35","modified_gmt":"2026-01-02T06:57:35","slug":"esenta-oceanului-nr-5","status":"publish","type":"product","link":"https:\/\/esentevibrationale.com\/?product=esenta-oceanului-nr-5","title":{"rendered":"5. Ocean Essence no. 5 \/ Esen\u021ba Oceanic\u0103 Nr. 5"},"content":{"rendered":"<p><strong>Efectul energetic al esen\u021bei:<\/strong><br \/>\nSentin\u021bele profunde de ru\u0219ine \u0219i de vinov\u0103\u021bie din subcon\u0219tientul nostru\u00a0 profund se pot deta\u0219a energic. Are efect energetic asupra chakrei a-II-a, a rinichilor \u0219i a organelor sexuale.*<br \/>\n\u00cembun\u0103t\u0103\u021be\u0219te energetic fertilitatea \u0219i ne poate ajuta s\u0103 g\u0103sim modalitatea potrivit\u0103 de a ne rela\u021biona reciproc \u00een parteneriat, la fel cum celulele se pot separa \u0219i se pot potrivi armonios &#8211; ajut\u0103 la sl\u0103birea nodurilor energetice \u0219i pentru a putea g\u00e2ndi \u0219i ac\u021biona mai bine cu previziunea. Eliberarea energetic\u0103 din blocaje, activarea rinichilor &#8211; zona abdominal\u0103, cre\u0219terea stimei de sine, senza\u021bia da fi demni s\u0103 fim\u00a0 iubi\u021bi, dezvolt\u0103m mai mult\u0103 \u00eencredere \u00een for\u021ba noastr\u0103 interioar\u0103.<br \/>\n\u2022 Combina\u021bia cu crop circle 115 Waden Hill din 2009 \u0219i nr. 121 Avebury 2009<\/p>\n","protected":false},"excerpt":{"rendered":"<p>Efectul energetic al esen\u021bei: Sentin\u021bele profunde de ru\u0219ine \u0219i de vinov\u0103\u021bie din subcon\u0219tientul nostru\u00a0 profund se pot deta\u0219a energic. Are efect energetic asupra chakrei a-II-a, a rinichilor \u0219i a organelor sexuale.* \u00cembun\u0103t\u0103\u021be\u0219te energetic fertilitatea \u0219i ne poate ajuta s\u0103 g\u0103sim modalitatea potrivit\u0103 de a ne rela\u021biona reciproc \u00een parteneriat, la fel cum celulele se pot &hellip; <a href=\"https:\/\/esentevibrationale.com\/?product=esenta-oceanului-nr-5\" class=\"more-link\">Continu\u0103 lectura <span class=\"screen-reader-text\">5. Ocean Essence no. 5 \/ Esen\u021ba Oceanic\u0103 Nr. 5<\/span> <span class=\"meta-nav\">&rarr;<\/span><\/a><\/p>\n","protected":false},"featured_media":12273,"template":"","meta":[],"product_brand":[],"product_cat":[72],"product_tag":[],"class_list":{"0":"post-12272","1":"product","2":"type-product","3":"status-publish","4":"has-post-thumbnail","6":"product_cat-esentele-ocenului","7":"pa_size-15ml","8":"pa_size-30ml","10":"first","11":"instock","12":"shipping-taxable","13":"purchasable","14":"product-type-variable","15":"has-default-attributes"},"_links":{"self":[{"href":"https:\/\/esentevibrationale.com\/index.php?rest_route=\/wp\/v2\/product\/12272","targetHints":{"allow":["GET"]}}],"collection":[{"href":"https:\/\/esentevibrationale.com\/index.php?rest_route=\/wp\/v2\/product"}],"about":[{"href":"https:\/\/esentevibrationale.com\/index.php?rest_route=\/wp\/v2\/types\/product"}],"wp:featuredmedia":[{"embeddable":true,"href":"https:\/\/esentevibrationale.com\/index.php?rest_route=\/wp\/v2\/media\/12273"}],"wp:attachment":[{"href":"https:\/\/esentevibrationale.com\/index.php?rest_route=%2Fwp%2Fv2%2Fmedia&parent=12272"}],"wp:term":[{"taxonomy":"product_brand","embeddable":true,"href":"https:\/\/esentevibrationale.com\/index.php?rest_route=%2Fwp%2Fv2%2Fproduct_brand&post=12272"},{"taxonomy":"product_cat","embeddable":true,"href":"https:\/\/esentevibrationale.com\/index.php?rest_route=%2Fwp%2Fv2%2Fproduct_cat&post=12272"},{"taxonomy":"product_tag","embeddable":true,"href":"https:\/\/esentevibrationale.com\/index.php?rest_route=%2Fwp%2Fv2%2Fproduct_tag&post=12272"}],"curies":[{"name":"wp","href":"https:\/\/api.w.org\/{rel}","templated":true}]}}