{"id":12281,"date":"2020-08-03T12:56:07","date_gmt":"2020-08-03T09:56:07","guid":{"rendered":"https:\/\/esentevibrationale.com\/?post_type=product&#038;p=12281"},"modified":"2026-01-02T09:02:23","modified_gmt":"2026-01-02T07:02:23","slug":"esenta-oceanului-nr-7","status":"publish","type":"product","link":"https:\/\/esentevibrationale.com\/?product=esenta-oceanului-nr-7","title":{"rendered":"7. Ocean Essence No. 7 \/ Esen\u021ba Oceanic\u0103 Nr. 7"},"content":{"rendered":"<p><strong>Efectul energetic al esen\u021bei:<\/strong><strong><br \/>\n<\/strong>Esen\u021ba sus\u021bine procesele de dezvoltare. Ofer\u0103 sprijin energetic pentru ca celulele s\u0103 se dezvolte, s\u0103 se formeze \u0219i s\u0103 se transforme. La fel cum o omid\u0103 devine p\u0103pu\u0219\u0103 \u0219i o p\u0103pu\u0219\u0103 devine fluture, aceast\u0103 esen\u021b\u0103 ne \u00eencurajeaz\u0103 s\u0103 ne dezvolt\u0103m \u00een continuare \u0219i s\u0103 ne maturiz\u0103m intern. Stabilirea obiectivelor \u00een via\u021b\u0103 este sus\u021binut\u0103. Avem un sentiment de aliniere interioar\u0103 \u00een noi \u00een\u0219ine, pentru a ajunge corect \u00een corp. Ne transmite sprijin energetic pentru cre\u0219tere. Ne cre\u0219te respectul de sine, ne ajut\u0103 s\u0103 ne g\u0103sim poten\u021bialul interior, consolideaz\u0103 integrarea \u00een corp, con\u0219tientizarea corpului, acceptarea, de asemenea, pentru procesele de schimbare. Are efect energetic asupra primei Chakre.<\/p>\n<p>&nbsp;<\/p>\n","protected":false},"excerpt":{"rendered":"<p>Efectul energetic al esen\u021bei: Esen\u021ba sus\u021bine procesele de dezvoltare. Ofer\u0103 sprijin energetic pentru ca celulele s\u0103 se dezvolte, s\u0103 se formeze \u0219i s\u0103 se transforme. La fel cum o omid\u0103 devine p\u0103pu\u0219\u0103 \u0219i o p\u0103pu\u0219\u0103 devine fluture, aceast\u0103 esen\u021b\u0103 ne \u00eencurajeaz\u0103 s\u0103 ne dezvolt\u0103m \u00een continuare \u0219i s\u0103 ne maturiz\u0103m intern. Stabilirea obiectivelor \u00een via\u021b\u0103 &hellip; <a href=\"https:\/\/esentevibrationale.com\/?product=esenta-oceanului-nr-7\" class=\"more-link\">Continu\u0103 lectura <span class=\"screen-reader-text\">7. Ocean Essence No. 7 \/ Esen\u021ba Oceanic\u0103 Nr. 7<\/span> <span class=\"meta-nav\">&rarr;<\/span><\/a><\/p>\n","protected":false},"featured_media":12282,"template":"","meta":[],"product_brand":[],"product_cat":[72],"product_tag":[],"class_list":{"0":"post-12281","1":"product","2":"type-product","3":"status-publish","4":"has-post-thumbnail","6":"product_cat-esentele-ocenului","7":"pa_size-15ml","8":"pa_size-30ml","10":"first","11":"instock","12":"shipping-taxable","13":"purchasable","14":"product-type-variable","15":"has-default-attributes"},"_links":{"self":[{"href":"https:\/\/esentevibrationale.com\/index.php?rest_route=\/wp\/v2\/product\/12281","targetHints":{"allow":["GET"]}}],"collection":[{"href":"https:\/\/esentevibrationale.com\/index.php?rest_route=\/wp\/v2\/product"}],"about":[{"href":"https:\/\/esentevibrationale.com\/index.php?rest_route=\/wp\/v2\/types\/product"}],"wp:featuredmedia":[{"embeddable":true,"href":"https:\/\/esentevibrationale.com\/index.php?rest_route=\/wp\/v2\/media\/12282"}],"wp:attachment":[{"href":"https:\/\/esentevibrationale.com\/index.php?rest_route=%2Fwp%2Fv2%2Fmedia&parent=12281"}],"wp:term":[{"taxonomy":"product_brand","embeddable":true,"href":"https:\/\/esentevibrationale.com\/index.php?rest_route=%2Fwp%2Fv2%2Fproduct_brand&post=12281"},{"taxonomy":"product_cat","embeddable":true,"href":"https:\/\/esentevibrationale.com\/index.php?rest_route=%2Fwp%2Fv2%2Fproduct_cat&post=12281"},{"taxonomy":"product_tag","embeddable":true,"href":"https:\/\/esentevibrationale.com\/index.php?rest_route=%2Fwp%2Fv2%2Fproduct_tag&post=12281"}],"curies":[{"name":"wp","href":"https:\/\/api.w.org\/{rel}","templated":true}]}}