{"id":12292,"date":"2020-08-03T13:43:59","date_gmt":"2020-08-03T10:43:59","guid":{"rendered":"https:\/\/esentevibrationale.com\/?post_type=product&#038;p=12292"},"modified":"2026-01-02T09:03:18","modified_gmt":"2026-01-02T07:03:18","slug":"esenta-oceanului-nr-8","status":"publish","type":"product","link":"https:\/\/esentevibrationale.com\/?product=esenta-oceanului-nr-8","title":{"rendered":"8. Ocean Essence No. 8 \/ Esen\u021ba Oceanic\u0103 Nr. 8"},"content":{"rendered":"<p><strong>Efectul energetic al esen\u021bei:<\/strong><strong><br \/>\n<\/strong>Ne ajut\u0103 s\u0103 fim deschi\u0219i din punct de vedere energetic, pentru a permite lucruri noi, o situa\u021bie nou\u0103, o rela\u021bie nou\u0103, leg\u0103turi noi. Procesele de ata\u0219are sunt sus\u021binute energetic, dar \u0219i procesele de solu\u021bionare. \u00cen felul acesta, esen\u021ba ne poate ajuta \u0219i s\u0103 d\u0103m drumul la lucruri vechi, care nu ni se mai potrivesc. (de asemenea, informa\u021bii despre durere). Ne face clari \u0219i ne elibereaz\u0103 \u00een interior nostru. Creeaz\u0103 claritate energetic\u0103 \u0219i ne cre\u0219te \u00eencrederea. Este mai u\u0219or s\u0103 ne eliber\u0103m de ce este vechi. Cur\u0103\u021barea corpului mental, sus\u021bine claritatea \u00een contact cu ceilal\u021bi \u0219i \u00een comunicare. Creeaz\u0103 transparen\u021b\u0103. Are efect energetic asupra chakrei a-II-a, rinichii sunt stimula\u021bi.<\/p>\n","protected":false},"excerpt":{"rendered":"<p>Efectul energetic al esen\u021bei: Ne ajut\u0103 s\u0103 fim deschi\u0219i din punct de vedere energetic, pentru a permite lucruri noi, o situa\u021bie nou\u0103, o rela\u021bie nou\u0103, leg\u0103turi noi. Procesele de ata\u0219are sunt sus\u021binute energetic, dar \u0219i procesele de solu\u021bionare. \u00cen felul acesta, esen\u021ba ne poate ajuta \u0219i s\u0103 d\u0103m drumul la lucruri vechi, care nu ni &hellip; <a href=\"https:\/\/esentevibrationale.com\/?product=esenta-oceanului-nr-8\" class=\"more-link\">Continu\u0103 lectura <span class=\"screen-reader-text\">8. Ocean Essence No. 8 \/ Esen\u021ba Oceanic\u0103 Nr. 8<\/span> <span class=\"meta-nav\">&rarr;<\/span><\/a><\/p>\n","protected":false},"featured_media":12295,"template":"","meta":[],"product_brand":[],"product_cat":[72],"product_tag":[],"class_list":{"0":"post-12292","1":"product","2":"type-product","3":"status-publish","4":"has-post-thumbnail","6":"product_cat-esentele-ocenului","7":"pa_size-15ml","8":"pa_size-30ml","10":"first","11":"instock","12":"shipping-taxable","13":"purchasable","14":"product-type-variable","15":"has-default-attributes"},"_links":{"self":[{"href":"https:\/\/esentevibrationale.com\/index.php?rest_route=\/wp\/v2\/product\/12292","targetHints":{"allow":["GET"]}}],"collection":[{"href":"https:\/\/esentevibrationale.com\/index.php?rest_route=\/wp\/v2\/product"}],"about":[{"href":"https:\/\/esentevibrationale.com\/index.php?rest_route=\/wp\/v2\/types\/product"}],"wp:featuredmedia":[{"embeddable":true,"href":"https:\/\/esentevibrationale.com\/index.php?rest_route=\/wp\/v2\/media\/12295"}],"wp:attachment":[{"href":"https:\/\/esentevibrationale.com\/index.php?rest_route=%2Fwp%2Fv2%2Fmedia&parent=12292"}],"wp:term":[{"taxonomy":"product_brand","embeddable":true,"href":"https:\/\/esentevibrationale.com\/index.php?rest_route=%2Fwp%2Fv2%2Fproduct_brand&post=12292"},{"taxonomy":"product_cat","embeddable":true,"href":"https:\/\/esentevibrationale.com\/index.php?rest_route=%2Fwp%2Fv2%2Fproduct_cat&post=12292"},{"taxonomy":"product_tag","embeddable":true,"href":"https:\/\/esentevibrationale.com\/index.php?rest_route=%2Fwp%2Fv2%2Fproduct_tag&post=12292"}],"curies":[{"name":"wp","href":"https:\/\/api.w.org\/{rel}","templated":true}]}}