{"id":12296,"date":"2020-08-03T13:50:43","date_gmt":"2020-08-03T10:50:43","guid":{"rendered":"https:\/\/esentevibrationale.com\/?post_type=product&#038;p=12296"},"modified":"2026-01-02T09:04:45","modified_gmt":"2026-01-02T07:04:45","slug":"esenta-oceanului-nr-9","status":"publish","type":"product","link":"https:\/\/esentevibrationale.com\/?product=esenta-oceanului-nr-9","title":{"rendered":"9. Ocean Essence No. 9 \/ Esen\u021ba Oceanic\u0103 Nr. 9"},"content":{"rendered":"<p><strong>Efectul energetic al esen\u021bei:<\/strong><strong><br \/>\n<\/strong>Pe de o parte, esen\u021ba se echilibreaz\u0103 energic pe echilibrul nostru de ap\u0103 \u0219i emo\u021biile noastre. Are efect de cur\u0103\u021bare \u0219i sus\u021bine energic excre\u021bia de ap\u0103. Pe de alt\u0103 parte, ajut\u0103 la aducerea luminii \u00een celulele noastre (informa\u021bii) \u0219i la adaptarea energetic\u0103 la noile frecven\u021be de lumin\u0103 (cre\u0219terea vibra\u021biilor)*<br \/>\nAre un efect energizant de calmare asupra zonei capului nostru. G\u00e2ndurile \u0219i sentimentele sunt integrate. Ne ofer\u0103 o senza\u021bie de u\u0219urin\u021b\u0103 interioar\u0103, are un efect energizant \u00een\u0103l\u021b\u0103tor \u0219i stimulant. Are efect energetic asupra chakrei a-II-a, rinichilor, limfei.<br \/>\n* Combina\u021bia cu crop Circle H\u00f6rhausen, esen\u021ba cercului de cultur\u0103 nr. 109<\/p>\n<p>&nbsp;<\/p>\n","protected":false},"excerpt":{"rendered":"<p>Efectul energetic al esen\u021bei: Pe de o parte, esen\u021ba se echilibreaz\u0103 energic pe echilibrul nostru de ap\u0103 \u0219i emo\u021biile noastre. Are efect de cur\u0103\u021bare \u0219i sus\u021bine energic excre\u021bia de ap\u0103. Pe de alt\u0103 parte, ajut\u0103 la aducerea luminii \u00een celulele noastre (informa\u021bii) \u0219i la adaptarea energetic\u0103 la noile frecven\u021be de lumin\u0103 (cre\u0219terea vibra\u021biilor)* Are un &hellip; <a href=\"https:\/\/esentevibrationale.com\/?product=esenta-oceanului-nr-9\" class=\"more-link\">Continu\u0103 lectura <span class=\"screen-reader-text\">9. Ocean Essence No. 9 \/ Esen\u021ba Oceanic\u0103 Nr. 9<\/span> <span class=\"meta-nav\">&rarr;<\/span><\/a><\/p>\n","protected":false},"featured_media":12299,"template":"","meta":[],"product_brand":[],"product_cat":[72],"product_tag":[],"class_list":{"0":"post-12296","1":"product","2":"type-product","3":"status-publish","4":"has-post-thumbnail","6":"product_cat-esentele-ocenului","7":"pa_size-15ml","8":"pa_size-30ml","10":"first","11":"instock","12":"shipping-taxable","13":"purchasable","14":"product-type-variable","15":"has-default-attributes"},"_links":{"self":[{"href":"https:\/\/esentevibrationale.com\/index.php?rest_route=\/wp\/v2\/product\/12296","targetHints":{"allow":["GET"]}}],"collection":[{"href":"https:\/\/esentevibrationale.com\/index.php?rest_route=\/wp\/v2\/product"}],"about":[{"href":"https:\/\/esentevibrationale.com\/index.php?rest_route=\/wp\/v2\/types\/product"}],"wp:featuredmedia":[{"embeddable":true,"href":"https:\/\/esentevibrationale.com\/index.php?rest_route=\/wp\/v2\/media\/12299"}],"wp:attachment":[{"href":"https:\/\/esentevibrationale.com\/index.php?rest_route=%2Fwp%2Fv2%2Fmedia&parent=12296"}],"wp:term":[{"taxonomy":"product_brand","embeddable":true,"href":"https:\/\/esentevibrationale.com\/index.php?rest_route=%2Fwp%2Fv2%2Fproduct_brand&post=12296"},{"taxonomy":"product_cat","embeddable":true,"href":"https:\/\/esentevibrationale.com\/index.php?rest_route=%2Fwp%2Fv2%2Fproduct_cat&post=12296"},{"taxonomy":"product_tag","embeddable":true,"href":"https:\/\/esentevibrationale.com\/index.php?rest_route=%2Fwp%2Fv2%2Fproduct_tag&post=12296"}],"curies":[{"name":"wp","href":"https:\/\/api.w.org\/{rel}","templated":true}]}}