{"id":12302,"date":"2020-08-03T13:59:15","date_gmt":"2020-08-03T10:59:15","guid":{"rendered":"https:\/\/esentevibrationale.com\/?post_type=product&#038;p=12302"},"modified":"2025-12-31T11:33:48","modified_gmt":"2025-12-31T09:33:48","slug":"esenta-oceanului-nr-10","status":"publish","type":"product","link":"https:\/\/esentevibrationale.com\/?product=esenta-oceanului-nr-10","title":{"rendered":"10. Ocean Essence No. 10 \/ Esen\u021ba Oceanic\u0103 Nr. 10"},"content":{"rendered":"<p><strong>Efectul energetic al esen\u021bei:<\/strong><strong><br \/>\n<\/strong>Ne ajut\u0103 s\u0103 echilibr\u0103m emo\u021biile \u0219i ego-ul. Astfel, ne putem \u00eencadra mai bine \u00eentr-un grup \u0219i ac\u021bion\u0103m \u00eentr-o manier\u0103 coordonat\u0103. Ne ajut\u0103 s\u0103 ne integr\u0103m energetic \u00een structuri (celule, grupuri) \u0219i promoveaz\u0103 cooperarea pentru succesul tuturor. Coordoneaz\u0103 \u0219i armonizeaz\u0103.<br \/>\nEsen\u021ba ne ofer\u0103 mai mult\u0103 stim\u0103 de sine, sentimentul corpului, con\u0219tientizarea, coordonarea mi\u0219c\u0103rilor \u0219i sentimentul de echilibru este sus\u021binut energetic. Are efect energetic asupra chakrei a 2-a.<\/p>\n<p>&nbsp;<\/p>\n","protected":false},"excerpt":{"rendered":"<p>Efectul energetic al esen\u021bei: Ne ajut\u0103 s\u0103 echilibr\u0103m emo\u021biile \u0219i ego-ul. Astfel, ne putem \u00eencadra mai bine \u00eentr-un grup \u0219i ac\u021bion\u0103m \u00eentr-o manier\u0103 coordonat\u0103. Ne ajut\u0103 s\u0103 ne integr\u0103m energetic \u00een structuri (celule, grupuri) \u0219i promoveaz\u0103 cooperarea pentru succesul tuturor. Coordoneaz\u0103 \u0219i armonizeaz\u0103. Esen\u021ba ne ofer\u0103 mai mult\u0103 stim\u0103 de sine, sentimentul corpului, con\u0219tientizarea, coordonarea &hellip; <a href=\"https:\/\/esentevibrationale.com\/?product=esenta-oceanului-nr-10\" class=\"more-link\">Continu\u0103 lectura <span class=\"screen-reader-text\">10. Ocean Essence No. 10 \/ Esen\u021ba Oceanic\u0103 Nr. 10<\/span> <span class=\"meta-nav\">&rarr;<\/span><\/a><\/p>\n","protected":false},"featured_media":12303,"template":"","meta":[],"product_brand":[],"product_cat":[72],"product_tag":[],"class_list":{"0":"post-12302","1":"product","2":"type-product","3":"status-publish","4":"has-post-thumbnail","6":"product_cat-esentele-ocenului","7":"pa_size-15ml","8":"pa_size-30ml","10":"first","11":"instock","12":"shipping-taxable","13":"purchasable","14":"product-type-variable","15":"has-default-attributes"},"_links":{"self":[{"href":"https:\/\/esentevibrationale.com\/index.php?rest_route=\/wp\/v2\/product\/12302","targetHints":{"allow":["GET"]}}],"collection":[{"href":"https:\/\/esentevibrationale.com\/index.php?rest_route=\/wp\/v2\/product"}],"about":[{"href":"https:\/\/esentevibrationale.com\/index.php?rest_route=\/wp\/v2\/types\/product"}],"wp:featuredmedia":[{"embeddable":true,"href":"https:\/\/esentevibrationale.com\/index.php?rest_route=\/wp\/v2\/media\/12303"}],"wp:attachment":[{"href":"https:\/\/esentevibrationale.com\/index.php?rest_route=%2Fwp%2Fv2%2Fmedia&parent=12302"}],"wp:term":[{"taxonomy":"product_brand","embeddable":true,"href":"https:\/\/esentevibrationale.com\/index.php?rest_route=%2Fwp%2Fv2%2Fproduct_brand&post=12302"},{"taxonomy":"product_cat","embeddable":true,"href":"https:\/\/esentevibrationale.com\/index.php?rest_route=%2Fwp%2Fv2%2Fproduct_cat&post=12302"},{"taxonomy":"product_tag","embeddable":true,"href":"https:\/\/esentevibrationale.com\/index.php?rest_route=%2Fwp%2Fv2%2Fproduct_tag&post=12302"}],"curies":[{"name":"wp","href":"https:\/\/api.w.org\/{rel}","templated":true}]}}