{"id":12306,"date":"2020-08-03T14:03:47","date_gmt":"2020-08-03T11:03:47","guid":{"rendered":"https:\/\/esentevibrationale.com\/?post_type=product&#038;p=12306"},"modified":"2025-12-31T11:34:31","modified_gmt":"2025-12-31T09:34:31","slug":"esenta-oceanului-nr-11","status":"publish","type":"product","link":"https:\/\/esentevibrationale.com\/?product=esenta-oceanului-nr-11","title":{"rendered":"11. Ocean Essence No. 11 \/ Esen\u021ba Oceanic\u0103 Nr. 11"},"content":{"rendered":"<p><strong>Efectul energetic al esen\u021bei:<\/strong><br \/>\nSus\u021bine energic procesele metabolice \u0219i de excre\u021bie. Psihosomaticele intestinale. Ajut\u0103 pentru a putea avea \u00eencredere \u00een lucruri mai bine \u0219i emo\u021bional, pentru a \u00een\u021belege \u0219i clasifica mai bine experien\u021bele \u0219i emo\u021biile. Ofer\u0103 protec\u021bie energetic\u0103 pentru organism.<br \/>\nEsen\u021ba ne d\u0103 un sentiment de a ne afla \u00eentr-o \u00eenveli\u0219 protector, care ne permite s\u0103 ne construim \u00eencredere \u0219i s\u0103 ne ridic\u0103m intern \u0219i s\u0103 dep\u0103\u0219im incertitudinile. Are efect energetic asupra primei Chakre de baz\u0103.<\/p>\n","protected":false},"excerpt":{"rendered":"<p>Efectul energetic al esen\u021bei: Sus\u021bine energic procesele metabolice \u0219i de excre\u021bie. Psihosomaticele intestinale. Ajut\u0103 pentru a putea avea \u00eencredere \u00een lucruri mai bine \u0219i emo\u021bional, pentru a \u00een\u021belege \u0219i clasifica mai bine experien\u021bele \u0219i emo\u021biile. Ofer\u0103 protec\u021bie energetic\u0103 pentru organism. Esen\u021ba ne d\u0103 un sentiment de a ne afla \u00eentr-o \u00eenveli\u0219 protector, care ne permite &hellip; <a href=\"https:\/\/esentevibrationale.com\/?product=esenta-oceanului-nr-11\" class=\"more-link\">Continu\u0103 lectura <span class=\"screen-reader-text\">11. Ocean Essence No. 11 \/ Esen\u021ba Oceanic\u0103 Nr. 11<\/span> <span class=\"meta-nav\">&rarr;<\/span><\/a><\/p>\n","protected":false},"featured_media":12307,"template":"","meta":[],"product_brand":[],"product_cat":[72],"product_tag":[],"class_list":{"0":"post-12306","1":"product","2":"type-product","3":"status-publish","4":"has-post-thumbnail","6":"product_cat-esentele-ocenului","7":"pa_size-15ml","8":"pa_size-30ml","10":"first","11":"instock","12":"shipping-taxable","13":"purchasable","14":"product-type-variable","15":"has-default-attributes"},"_links":{"self":[{"href":"https:\/\/esentevibrationale.com\/index.php?rest_route=\/wp\/v2\/product\/12306","targetHints":{"allow":["GET"]}}],"collection":[{"href":"https:\/\/esentevibrationale.com\/index.php?rest_route=\/wp\/v2\/product"}],"about":[{"href":"https:\/\/esentevibrationale.com\/index.php?rest_route=\/wp\/v2\/types\/product"}],"wp:featuredmedia":[{"embeddable":true,"href":"https:\/\/esentevibrationale.com\/index.php?rest_route=\/wp\/v2\/media\/12307"}],"wp:attachment":[{"href":"https:\/\/esentevibrationale.com\/index.php?rest_route=%2Fwp%2Fv2%2Fmedia&parent=12306"}],"wp:term":[{"taxonomy":"product_brand","embeddable":true,"href":"https:\/\/esentevibrationale.com\/index.php?rest_route=%2Fwp%2Fv2%2Fproduct_brand&post=12306"},{"taxonomy":"product_cat","embeddable":true,"href":"https:\/\/esentevibrationale.com\/index.php?rest_route=%2Fwp%2Fv2%2Fproduct_cat&post=12306"},{"taxonomy":"product_tag","embeddable":true,"href":"https:\/\/esentevibrationale.com\/index.php?rest_route=%2Fwp%2Fv2%2Fproduct_tag&post=12306"}],"curies":[{"name":"wp","href":"https:\/\/api.w.org\/{rel}","templated":true}]}}