{"id":1231,"date":"2018-11-05T12:01:48","date_gmt":"2018-11-05T11:01:48","guid":{"rendered":"http:\/\/phiessences.com\/Romania\/?post_type=product&#038;p=1231"},"modified":"2026-01-02T09:56:08","modified_gmt":"2026-01-02T07:56:08","slug":"radiation-protection-cactus-cactusul-protectie-%c8%8bmpotriva-radiatiei","status":"publish","type":"product","link":"https:\/\/esentevibrationale.com\/?product=radiation-protection-cactus-cactusul-protectie-%c8%8bmpotriva-radiatiei","title":{"rendered":"Radiation Protection Cactus \/ Cactusul Protec\u0163ie  \u020ampotriva Radia\u0163iei"},"content":{"rendered":"<p><strong><em>(Cereus peruvianus)<\/em> <\/strong><\/p>\n<p><em>Cereus\u00a0 peruvianus este unul dintre cei mai lungi cactu\u0219i cunoscu\u021bi, de\u0219i zona sa originar\u0103 din Brazilia nu este cunoscut\u0103. Acest cactus columnar poate ajunge p\u00e2n\u0103 la 6 &#8211; 7 m \u00een\u0103l\u021bime, \u00een timp se ramific\u0103. Ramurile sale pot atinge de la 30 &#8211; 60 cm lungime. La \u00eenceput sunt albastre ulterior se transform\u0103 \u00een verde. Dup\u0103 apus, florile sale mari \u0219i albe se deschid pentru o noapte. Au lungimea de 15 cm. Parfumul lor intens \u0219i pl\u0103cut seduce moliile, care \u00eel vor poleniza .<\/em><\/p>\n<p><strong><em>Efectul Esen\u021bei: <\/em><\/strong>Aceast\u0103 esen\u021b\u0103 transmite energie protectoare \u00een cazul radia\u021biilor (electronice, terestre, radia\u021bii, ozon, fum contaminant,). Cu aceasta, putem dezvolta \u0219i \u00eembun\u0103t\u0103\u021bi poten\u021bialul nostru interior de protec\u021bie \u0219i s\u0103 ne ferim mai bine de radia\u021biile negative. Totodat\u0103, vom fi con\u0219tien\u021bi de g\u00e2ndurile noastre negative \u0219i le vom putea transforma.<\/p>\n<p><strong><em>Efectul Esen\u021bei la Nivel Fizic: <\/em><\/strong>Aceast\u0103 esen\u021b\u0103 de cactus poate fi aplicat\u0103 atunci c\u00e2nd radia\u021bii diferite ne afecteaz\u0103, de exemplu: radia\u021biile electrice \u0219i terestre, poluarea electromagnetic\u0103 a calculatoarelor, \u00een special c\u00e2nd tulbur\u0103rile corporale apar din cauza acestora. Totodat\u0103, este eficient\u0103 \u00een cazurile \u00een care exist\u0103 sensibilitate la influen\u021bele atmosferice. Protec\u021bia solar\u0103 nu trebuie s\u0103 fie uitat\u0103. Ad\u0103uga\u021bi c\u00e2teva pic\u0103turi din esen\u021b\u0103 \u00een crema protectoare, pielea va primi ni\u0219te impulsuri energetice care stimuleaz\u0103 energia protectoare proprie pielii.<\/p>\n<p><strong><em>Efectul Esen\u021bei la Nivel Emo\u021bional: <\/em><\/strong>Esen\u021ba ofer\u0103 protec\u021bie energetic\u0103 \u00eenaintea influen\u021be- lor negative. Dac\u0103 nu e\u0219ti protejat fa\u021b\u0103 de aceste tipurile de influen\u021be, ele pot declan\u0219a reac\u021bii negative (de exemplu: pot r\u0103m\u00e2ne gravate \u00een corpul, mintea \u0219i \u00een sufletul t\u0103u ca experien\u021be negative).<\/p>\n<p><strong><em>Efectul Esen\u021bei la Nivel Mental: <\/em><\/strong>Protec\u021bia puternic\u0103 pe care o stimuleaz\u0103 aceast\u0103 esen\u021b\u0103 \u00eent\u0103re\u0219te \u0219i nivelul mental. Nu ne mai sim\u021bim u\u0219or distra\u0219i, influen\u021ba\u021bi sau incer\u021bi. Vom avea o for\u021ba nou\u0103 mental\u0103 \u0219i o ghidare dreapt\u0103, care va fi reliefat\u0103 \u00een calitatea \u00eentregii noastre g\u00e2ndiri.<\/p>\n<p><strong><em>Efectul Esen\u021bei la Nivel Spiritual: <\/em><\/strong>Aceast\u0103 esen\u021b\u0103 consolideaz\u0103 con\u0219tiin\u021ba proprie, \u00een timp ce aduce protec\u021bie fa\u021b\u0103 de radia\u021biile \u0219i influen\u021bele exterioare. Simultan, ne ofer\u0103 capacitatea de a ne dezvolta func\u021bia de protec\u021bie. \u00cen acela\u0219i timp, ne permite s\u0103 ne trat\u0103m propria negativitate \u0219i emana\u021bia corespondent\u0103 acesteia. \u00cen acest mod vom putea recunoa\u0219te \u0219i elimina g\u00e2ndurile \u0219i dorin\u021bele negative \u00eenainte de a-\u0219i v\u0103rsa energia \u00een cadrul mediului, \u00een cazul \u00een care vor merge prea departe.<\/p>\n<p><strong><em>Afirma\u021bia: <\/em><\/strong>Am o protec\u021bie complet\u0103 \u0219i fac tot ce pot s\u0103 fiu pozitiv\/\u0103.<\/p>\n","protected":false},"excerpt":{"rendered":"<p>(Cereus peruvianus) Cereus\u00a0 peruvianus este unul dintre cei mai lungi cactu\u0219i cunoscu\u021bi, de\u0219i zona sa originar\u0103 din Brazilia nu este cunoscut\u0103. Acest cactus columnar poate ajunge p\u00e2n\u0103 la 6 &#8211; 7 m \u00een\u0103l\u021bime, \u00een timp se ramific\u0103. Ramurile sale pot atinge de la 30 &#8211; 60 cm lungime. La \u00eenceput sunt albastre ulterior se transform\u0103 &hellip; <a href=\"https:\/\/esentevibrationale.com\/?product=radiation-protection-cactus-cactusul-protectie-%c8%8bmpotriva-radiatiei\" class=\"more-link\">Continu\u0103 lectura <span class=\"screen-reader-text\">Radiation Protection Cactus \/ Cactusul Protec\u0163ie  \u020ampotriva Radia\u0163iei<\/span> <span class=\"meta-nav\">&rarr;<\/span><\/a><\/p>\n","protected":false},"featured_media":1234,"template":"","meta":[],"product_brand":[],"product_cat":[41],"product_tag":[],"class_list":{"0":"post-1231","1":"product","2":"type-product","3":"status-publish","4":"has-post-thumbnail","6":"product_cat-esente-de-cactus","7":"pa_size-15ml","8":"pa_size-30ml","10":"first","11":"instock","12":"shipping-taxable","13":"purchasable","14":"product-type-variable","15":"has-default-attributes"},"_links":{"self":[{"href":"https:\/\/esentevibrationale.com\/index.php?rest_route=\/wp\/v2\/product\/1231","targetHints":{"allow":["GET"]}}],"collection":[{"href":"https:\/\/esentevibrationale.com\/index.php?rest_route=\/wp\/v2\/product"}],"about":[{"href":"https:\/\/esentevibrationale.com\/index.php?rest_route=\/wp\/v2\/types\/product"}],"wp:featuredmedia":[{"embeddable":true,"href":"https:\/\/esentevibrationale.com\/index.php?rest_route=\/wp\/v2\/media\/1234"}],"wp:attachment":[{"href":"https:\/\/esentevibrationale.com\/index.php?rest_route=%2Fwp%2Fv2%2Fmedia&parent=1231"}],"wp:term":[{"taxonomy":"product_brand","embeddable":true,"href":"https:\/\/esentevibrationale.com\/index.php?rest_route=%2Fwp%2Fv2%2Fproduct_brand&post=1231"},{"taxonomy":"product_cat","embeddable":true,"href":"https:\/\/esentevibrationale.com\/index.php?rest_route=%2Fwp%2Fv2%2Fproduct_cat&post=1231"},{"taxonomy":"product_tag","embeddable":true,"href":"https:\/\/esentevibrationale.com\/index.php?rest_route=%2Fwp%2Fv2%2Fproduct_tag&post=1231"}],"curies":[{"name":"wp","href":"https:\/\/api.w.org\/{rel}","templated":true}]}}